{"id":1523,"date":"2016-09-04T13:46:11","date_gmt":"2016-09-04T10:46:11","guid":{"rendered":"https:\/\/3dadworks.com\/\/?page_id=1523"},"modified":"2017-03-20T12:12:16","modified_gmt":"2017-03-20T09:12:16","slug":"3d-lenticular-billboard","status":"publish","type":"page","link":"https:\/\/3dadworks.com\/en\/indoor-outdoor-products\/3d-lenticular-billboard\/","title":{"rendered":"3D Lenticular Billboard"},"content":{"rendered":"<p><strong>Lenticular Billboard<\/strong> is going to pervade all over the world. We, <span style=\"text-decoration: underline;\">3D Adworks<\/span>, are the biggest supplier in Turkey for 3D Lenticular Products. Billboards are the most effective and useful advertisement technique.At this point our help faces to your inquiry. We would be happy to help your projects.We would like to share our experience with our customer.<\/p>\n<p>There is no limitation with lenticular about creative works. We can do any effect with unlimited technology. Designer has to understand main topic with lenticular. So we give briefing about 3D Lenticular for advertisement agents. What is 3D Lenticular ? Please click here.<\/p>\n<p>You can watch our samples in <a href=\"http:\/\/www.youtube.com\/3DLenticularLens\">youtube<\/a> page.<\/p>\n<p><iframe src=\"\/\/www.youtube.com\/embed\/1UdBoY-SBdE\" width=\"560\" height=\"315\" frameborder=\"0\" allowfullscreen=\"allowfullscreen\"><\/iframe><\/p>\n","protected":false},"excerpt":{"rendered":"<p>Lenticular Billboard is going to pervade all over the world.  [&#8230;]<\/p>\n","protected":false},"author":2,"featured_media":0,"parent":2225,"menu_order":0,"comment_status":"closed","ping_status":"closed","template":"","meta":{"footnotes":""},"class_list":["post-1523","page","type-page","status-publish","hentry"],"yoast_head":"<!-- This site is optimized with the Yoast SEO plugin v27.3 - https:\/\/yoast.com\/product\/yoast-seo-wordpress\/ -->\n<title>3D Lenticular Billboard - 3d Adworks<\/title>\n<meta name=\"robots\" content=\"index, follow, max-snippet:-1, max-image-preview:large, max-video-preview:-1\" \/>\n<link rel=\"canonical\" href=\"https:\/\/3dadworks.com\/en\/indoor-outdoor-products\/3d-lenticular-billboard\/\" \/>\n<meta property=\"og:locale\" content=\"en_US\" \/>\n<meta property=\"og:type\" content=\"article\" \/>\n<meta property=\"og:title\" content=\"3D Lenticular Billboard - 3d Adworks\" \/>\n<meta property=\"og:description\" content=\"Lenticular Billboard is going to pervade all over the world. [...]\" \/>\n<meta property=\"og:url\" content=\"https:\/\/3dadworks.com\/en\/indoor-outdoor-products\/3d-lenticular-billboard\/\" \/>\n<meta property=\"og:site_name\" content=\"3d Adworks\" \/>\n<meta property=\"article:modified_time\" content=\"2017-03-20T09:12:16+00:00\" \/>\n<meta name=\"twitter:card\" content=\"summary_large_image\" \/>\n<meta name=\"twitter:label1\" content=\"Est. reading time\" \/>\n\t<meta name=\"twitter:data1\" content=\"1 minute\" \/>\n<script type=\"application\/ld+json\" class=\"yoast-schema-graph\">{\"@context\":\"https:\\\/\\\/schema.org\",\"@graph\":[{\"@type\":\"WebPage\",\"@id\":\"https:\\\/\\\/3dadworks.com\\\/en\\\/indoor-outdoor-products\\\/3d-lenticular-billboard\\\/\",\"url\":\"https:\\\/\\\/3dadworks.com\\\/en\\\/indoor-outdoor-products\\\/3d-lenticular-billboard\\\/\",\"name\":\"3D Lenticular Billboard - 3d Adworks\",\"isPartOf\":{\"@id\":\"https:\\\/\\\/3dadworks.com\\\/#website\"},\"datePublished\":\"2016-09-04T10:46:11+00:00\",\"dateModified\":\"2017-03-20T09:12:16+00:00\",\"breadcrumb\":{\"@id\":\"https:\\\/\\\/3dadworks.com\\\/en\\\/indoor-outdoor-products\\\/3d-lenticular-billboard\\\/#breadcrumb\"},\"inLanguage\":\"en-US\",\"potentialAction\":[{\"@type\":\"ReadAction\",\"target\":[\"https:\\\/\\\/3dadworks.com\\\/en\\\/indoor-outdoor-products\\\/3d-lenticular-billboard\\\/\"]}]},{\"@type\":\"BreadcrumbList\",\"@id\":\"https:\\\/\\\/3dadworks.com\\\/en\\\/indoor-outdoor-products\\\/3d-lenticular-billboard\\\/#breadcrumb\",\"itemListElement\":[{\"@type\":\"ListItem\",\"position\":1,\"name\":\"Ana sayfa\",\"item\":\"https:\\\/\\\/3dadworks.com\\\/en\\\/\"},{\"@type\":\"ListItem\",\"position\":2,\"name\":\"Indoor | Outdoor Products\",\"item\":\"https:\\\/\\\/3dadworks.com\\\/en\\\/indoor-outdoor-products\\\/\"},{\"@type\":\"ListItem\",\"position\":3,\"name\":\"3D Lenticular Billboard\"}]},{\"@type\":\"WebSite\",\"@id\":\"https:\\\/\\\/3dadworks.com\\\/#website\",\"url\":\"https:\\\/\\\/3dadworks.com\\\/\",\"name\":\"3d Adworks\",\"description\":\"3D Lenticular Bask\u0131 teknolojisi ile tan\u0131\u015f\u0131n!\",\"potentialAction\":[{\"@type\":\"SearchAction\",\"target\":{\"@type\":\"EntryPoint\",\"urlTemplate\":\"https:\\\/\\\/3dadworks.com\\\/?s={search_term_string}\"},\"query-input\":{\"@type\":\"PropertyValueSpecification\",\"valueRequired\":true,\"valueName\":\"search_term_string\"}}],\"inLanguage\":\"en-US\"}]}<\/script>\n<!-- \/ Yoast SEO plugin. -->","yoast_head_json":{"title":"3D Lenticular Billboard - 3d Adworks","robots":{"index":"index","follow":"follow","max-snippet":"max-snippet:-1","max-image-preview":"max-image-preview:large","max-video-preview":"max-video-preview:-1"},"canonical":"https:\/\/3dadworks.com\/en\/indoor-outdoor-products\/3d-lenticular-billboard\/","og_locale":"en_US","og_type":"article","og_title":"3D Lenticular Billboard - 3d Adworks","og_description":"Lenticular Billboard is going to pervade all over the world. [...]","og_url":"https:\/\/3dadworks.com\/en\/indoor-outdoor-products\/3d-lenticular-billboard\/","og_site_name":"3d Adworks","article_modified_time":"2017-03-20T09:12:16+00:00","twitter_card":"summary_large_image","twitter_misc":{"Est. reading time":"1 minute"},"schema":{"@context":"https:\/\/schema.org","@graph":[{"@type":"WebPage","@id":"https:\/\/3dadworks.com\/en\/indoor-outdoor-products\/3d-lenticular-billboard\/","url":"https:\/\/3dadworks.com\/en\/indoor-outdoor-products\/3d-lenticular-billboard\/","name":"3D Lenticular Billboard - 3d Adworks","isPartOf":{"@id":"https:\/\/3dadworks.com\/#website"},"datePublished":"2016-09-04T10:46:11+00:00","dateModified":"2017-03-20T09:12:16+00:00","breadcrumb":{"@id":"https:\/\/3dadworks.com\/en\/indoor-outdoor-products\/3d-lenticular-billboard\/#breadcrumb"},"inLanguage":"en-US","potentialAction":[{"@type":"ReadAction","target":["https:\/\/3dadworks.com\/en\/indoor-outdoor-products\/3d-lenticular-billboard\/"]}]},{"@type":"BreadcrumbList","@id":"https:\/\/3dadworks.com\/en\/indoor-outdoor-products\/3d-lenticular-billboard\/#breadcrumb","itemListElement":[{"@type":"ListItem","position":1,"name":"Ana sayfa","item":"https:\/\/3dadworks.com\/en\/"},{"@type":"ListItem","position":2,"name":"Indoor | Outdoor Products","item":"https:\/\/3dadworks.com\/en\/indoor-outdoor-products\/"},{"@type":"ListItem","position":3,"name":"3D Lenticular Billboard"}]},{"@type":"WebSite","@id":"https:\/\/3dadworks.com\/#website","url":"https:\/\/3dadworks.com\/","name":"3d Adworks","description":"3D Lenticular Bask\u0131 teknolojisi ile tan\u0131\u015f\u0131n!","potentialAction":[{"@type":"SearchAction","target":{"@type":"EntryPoint","urlTemplate":"https:\/\/3dadworks.com\/?s={search_term_string}"},"query-input":{"@type":"PropertyValueSpecification","valueRequired":true,"valueName":"search_term_string"}}],"inLanguage":"en-US"}]}},"_links":{"self":[{"href":"https:\/\/3dadworks.com\/en\/wp-json\/wp\/v2\/pages\/1523","targetHints":{"allow":["GET"]}}],"collection":[{"href":"https:\/\/3dadworks.com\/en\/wp-json\/wp\/v2\/pages"}],"about":[{"href":"https:\/\/3dadworks.com\/en\/wp-json\/wp\/v2\/types\/page"}],"author":[{"embeddable":true,"href":"https:\/\/3dadworks.com\/en\/wp-json\/wp\/v2\/users\/2"}],"replies":[{"embeddable":true,"href":"https:\/\/3dadworks.com\/en\/wp-json\/wp\/v2\/comments?post=1523"}],"version-history":[{"count":0,"href":"https:\/\/3dadworks.com\/en\/wp-json\/wp\/v2\/pages\/1523\/revisions"}],"up":[{"embeddable":true,"href":"https:\/\/3dadworks.com\/en\/wp-json\/wp\/v2\/pages\/2225"}],"wp:attachment":[{"href":"https:\/\/3dadworks.com\/en\/wp-json\/wp\/v2\/media?parent=1523"}],"curies":[{"name":"wp","href":"https:\/\/api.w.org\/{rel}","templated":true}]}}