{"id":1543,"date":"2016-09-04T14:29:32","date_gmt":"2016-09-04T11:29:32","guid":{"rendered":"https:\/\/3dadworks.com\/\/?page_id=1543"},"modified":"2017-03-20T12:17:17","modified_gmt":"2017-03-20T09:17:17","slug":"3d-lenticular-business-card","status":"publish","type":"page","link":"https:\/\/3dadworks.com\/en\/promotional-products\/3d-lenticular-business-card\/","title":{"rendered":"3D Lenticular Business Card"},"content":{"rendered":"<p>We use eco lens for <strong>3D Lenticular Business Card<\/strong> product.It is economical and environmental products.Thickness of Business Card are approximately 0.35 mm and 0.6 mm. We use last technology for <em>3D Lenticular Printing<\/em>.<\/p>\n<p>Advantages of 3D Adworks;<\/p>\n<p>1- All materials that used by our company has EU standards.<br \/>\n2- Competitive price and fast delivery.<br \/>\n3- All production goes on in Turkey.<br \/>\n4- The highest printing quality.<\/p>\n<p>For other lenticular products kindly visit <span style=\"color: #800000;\"><a style=\"color: #800000;\" href=\"https:\/\/3dadworks.com\/\/en\/promotional-products\/3d-lenticular-magnet\">Magnet<\/a><\/span>, <span style=\"color: #800000;\"><a style=\"color: #800000;\" href=\"https:\/\/3dadworks.com\/\/en\/promotional-products\/3d-lenticular-rulers\">Ruler<\/a><\/span>, <span style=\"color: #800000;\"><a style=\"color: #800000;\" href=\"https:\/\/3dadworks.com\/\/en\/promotional-products\/3d-lenticular-puzzle\">Puzzle<\/a><\/span>, <span style=\"color: #800000;\"><a style=\"color: #800000;\" href=\"https:\/\/3dadworks.com\/\/en\/indoor-outdoor-products\/3d-lenticular-bus-shelter\">Bus Shelter<\/a><\/span>, <span style=\"color: #800000;\"><a style=\"color: #800000;\" href=\"https:\/\/3dadworks.com\/\/en\/indoor-outdoor-products\/3d-lenticular-signboard\">Signboard<\/a><\/span> and <a href=\"https:\/\/3dadworks.com\/\/en\/indoor-outdoor-products\/3d-lenticular-light-box\">Lightbox<\/a> pages.<\/p>\n<p>&nbsp;<\/p>\n","protected":false},"excerpt":{"rendered":"<p>We use eco lens for 3D Lenticular Business Card product.It  [&#8230;]<\/p>\n","protected":false},"author":2,"featured_media":0,"parent":2223,"menu_order":0,"comment_status":"closed","ping_status":"closed","template":"","meta":{"footnotes":""},"class_list":["post-1543","page","type-page","status-publish","hentry"],"yoast_head":"<!-- This site is optimized with the Yoast SEO plugin v27.3 - https:\/\/yoast.com\/product\/yoast-seo-wordpress\/ -->\n<title>3D Lenticular Business Card - 3d Adworks<\/title>\n<meta name=\"robots\" content=\"index, follow, max-snippet:-1, max-image-preview:large, max-video-preview:-1\" \/>\n<link rel=\"canonical\" href=\"https:\/\/3dadworks.com\/en\/promotional-products\/3d-lenticular-business-card\/\" \/>\n<meta property=\"og:locale\" content=\"en_US\" \/>\n<meta property=\"og:type\" content=\"article\" \/>\n<meta property=\"og:title\" content=\"3D Lenticular Business Card - 3d Adworks\" \/>\n<meta property=\"og:description\" content=\"We use eco lens for 3D Lenticular Business Card product.It [...]\" \/>\n<meta property=\"og:url\" content=\"https:\/\/3dadworks.com\/en\/promotional-products\/3d-lenticular-business-card\/\" \/>\n<meta property=\"og:site_name\" content=\"3d Adworks\" \/>\n<meta property=\"article:modified_time\" content=\"2017-03-20T09:17:17+00:00\" \/>\n<meta name=\"twitter:card\" content=\"summary_large_image\" \/>\n<script type=\"application\/ld+json\" class=\"yoast-schema-graph\">{\"@context\":\"https:\\\/\\\/schema.org\",\"@graph\":[{\"@type\":\"WebPage\",\"@id\":\"https:\\\/\\\/3dadworks.com\\\/en\\\/promotional-products\\\/3d-lenticular-business-card\\\/\",\"url\":\"https:\\\/\\\/3dadworks.com\\\/en\\\/promotional-products\\\/3d-lenticular-business-card\\\/\",\"name\":\"3D Lenticular Business Card - 3d Adworks\",\"isPartOf\":{\"@id\":\"https:\\\/\\\/3dadworks.com\\\/#website\"},\"datePublished\":\"2016-09-04T11:29:32+00:00\",\"dateModified\":\"2017-03-20T09:17:17+00:00\",\"breadcrumb\":{\"@id\":\"https:\\\/\\\/3dadworks.com\\\/en\\\/promotional-products\\\/3d-lenticular-business-card\\\/#breadcrumb\"},\"inLanguage\":\"en-US\",\"potentialAction\":[{\"@type\":\"ReadAction\",\"target\":[\"https:\\\/\\\/3dadworks.com\\\/en\\\/promotional-products\\\/3d-lenticular-business-card\\\/\"]}]},{\"@type\":\"BreadcrumbList\",\"@id\":\"https:\\\/\\\/3dadworks.com\\\/en\\\/promotional-products\\\/3d-lenticular-business-card\\\/#breadcrumb\",\"itemListElement\":[{\"@type\":\"ListItem\",\"position\":1,\"name\":\"Ana sayfa\",\"item\":\"https:\\\/\\\/3dadworks.com\\\/en\\\/\"},{\"@type\":\"ListItem\",\"position\":2,\"name\":\"Promotional Products\",\"item\":\"https:\\\/\\\/3dadworks.com\\\/en\\\/promotional-products\\\/\"},{\"@type\":\"ListItem\",\"position\":3,\"name\":\"3D Lenticular Business Card\"}]},{\"@type\":\"WebSite\",\"@id\":\"https:\\\/\\\/3dadworks.com\\\/#website\",\"url\":\"https:\\\/\\\/3dadworks.com\\\/\",\"name\":\"3d Adworks\",\"description\":\"3D Lenticular Bask\u0131 teknolojisi ile tan\u0131\u015f\u0131n!\",\"potentialAction\":[{\"@type\":\"SearchAction\",\"target\":{\"@type\":\"EntryPoint\",\"urlTemplate\":\"https:\\\/\\\/3dadworks.com\\\/?s={search_term_string}\"},\"query-input\":{\"@type\":\"PropertyValueSpecification\",\"valueRequired\":true,\"valueName\":\"search_term_string\"}}],\"inLanguage\":\"en-US\"}]}<\/script>\n<!-- \/ Yoast SEO plugin. -->","yoast_head_json":{"title":"3D Lenticular Business Card - 3d Adworks","robots":{"index":"index","follow":"follow","max-snippet":"max-snippet:-1","max-image-preview":"max-image-preview:large","max-video-preview":"max-video-preview:-1"},"canonical":"https:\/\/3dadworks.com\/en\/promotional-products\/3d-lenticular-business-card\/","og_locale":"en_US","og_type":"article","og_title":"3D Lenticular Business Card - 3d Adworks","og_description":"We use eco lens for 3D Lenticular Business Card product.It [...]","og_url":"https:\/\/3dadworks.com\/en\/promotional-products\/3d-lenticular-business-card\/","og_site_name":"3d Adworks","article_modified_time":"2017-03-20T09:17:17+00:00","twitter_card":"summary_large_image","schema":{"@context":"https:\/\/schema.org","@graph":[{"@type":"WebPage","@id":"https:\/\/3dadworks.com\/en\/promotional-products\/3d-lenticular-business-card\/","url":"https:\/\/3dadworks.com\/en\/promotional-products\/3d-lenticular-business-card\/","name":"3D Lenticular Business Card - 3d Adworks","isPartOf":{"@id":"https:\/\/3dadworks.com\/#website"},"datePublished":"2016-09-04T11:29:32+00:00","dateModified":"2017-03-20T09:17:17+00:00","breadcrumb":{"@id":"https:\/\/3dadworks.com\/en\/promotional-products\/3d-lenticular-business-card\/#breadcrumb"},"inLanguage":"en-US","potentialAction":[{"@type":"ReadAction","target":["https:\/\/3dadworks.com\/en\/promotional-products\/3d-lenticular-business-card\/"]}]},{"@type":"BreadcrumbList","@id":"https:\/\/3dadworks.com\/en\/promotional-products\/3d-lenticular-business-card\/#breadcrumb","itemListElement":[{"@type":"ListItem","position":1,"name":"Ana sayfa","item":"https:\/\/3dadworks.com\/en\/"},{"@type":"ListItem","position":2,"name":"Promotional Products","item":"https:\/\/3dadworks.com\/en\/promotional-products\/"},{"@type":"ListItem","position":3,"name":"3D Lenticular Business Card"}]},{"@type":"WebSite","@id":"https:\/\/3dadworks.com\/#website","url":"https:\/\/3dadworks.com\/","name":"3d Adworks","description":"3D Lenticular Bask\u0131 teknolojisi ile tan\u0131\u015f\u0131n!","potentialAction":[{"@type":"SearchAction","target":{"@type":"EntryPoint","urlTemplate":"https:\/\/3dadworks.com\/?s={search_term_string}"},"query-input":{"@type":"PropertyValueSpecification","valueRequired":true,"valueName":"search_term_string"}}],"inLanguage":"en-US"}]}},"_links":{"self":[{"href":"https:\/\/3dadworks.com\/en\/wp-json\/wp\/v2\/pages\/1543","targetHints":{"allow":["GET"]}}],"collection":[{"href":"https:\/\/3dadworks.com\/en\/wp-json\/wp\/v2\/pages"}],"about":[{"href":"https:\/\/3dadworks.com\/en\/wp-json\/wp\/v2\/types\/page"}],"author":[{"embeddable":true,"href":"https:\/\/3dadworks.com\/en\/wp-json\/wp\/v2\/users\/2"}],"replies":[{"embeddable":true,"href":"https:\/\/3dadworks.com\/en\/wp-json\/wp\/v2\/comments?post=1543"}],"version-history":[{"count":0,"href":"https:\/\/3dadworks.com\/en\/wp-json\/wp\/v2\/pages\/1543\/revisions"}],"up":[{"embeddable":true,"href":"https:\/\/3dadworks.com\/en\/wp-json\/wp\/v2\/pages\/2223"}],"wp:attachment":[{"href":"https:\/\/3dadworks.com\/en\/wp-json\/wp\/v2\/media?parent=1543"}],"curies":[{"name":"wp","href":"https:\/\/api.w.org\/{rel}","templated":true}]}}