{"id":1552,"date":"2016-09-04T14:46:32","date_gmt":"2016-09-04T11:46:32","guid":{"rendered":"https:\/\/3dadworks.com\/\/?page_id=1552"},"modified":"2017-03-20T12:11:54","modified_gmt":"2017-03-20T09:11:54","slug":"3d-lenticular-vehicle-wraps","status":"publish","type":"page","link":"https:\/\/3dadworks.com\/en\/indoor-outdoor-products\/3d-lenticular-vehicle-wraps\/","title":{"rendered":"3D Lenticular Vehicle Wraps"},"content":{"rendered":"<div class=\"fusion-fullwidth fullwidth-box fusion-builder-row-1 hundred-percent-fullwidth non-hundred-percent-height-scrolling\" style=\"--awb-border-radius-top-left:0px;--awb-border-radius-top-right:0px;--awb-border-radius-bottom-right:0px;--awb-border-radius-bottom-left:0px;--awb-overflow:visible;--awb-flex-wrap:wrap;\" ><div class=\"fusion-builder-row fusion-row\"><div class=\"fusion-layout-column fusion_builder_column fusion-builder-column-0 fusion_builder_column_1_1 1_1 fusion-one-full fusion-column-first fusion-column-last fusion-column-no-min-height\" style=\"--awb-bg-size:cover;--awb-margin-bottom:0px;\"><div class=\"fusion-column-wrapper fusion-flex-column-wrapper-legacy\"><div class=\"fusion-text fusion-text-1\"><p>We usually use 3D Lenticular Animation effect for <strong>car applications<\/strong>. The main reason of it is cars always move and animation effects more perceivable for people.<\/p>\n<p><span style=\"color: #800000;\"><a style=\"color: #800000;\" href=\"https:\/\/3dadworks.com\/\/en\/3d-lenticular-types\/3d-lenticular-animation\">Animation effect<\/a><\/span> is chosen 2 or 3 second frame of full Hd movies. The most complicate effect is animation effect.We have to choose frames for projects.Left to right animation is not acceptable work for animation. But high resolution printers can handle this work. <em>3D Adworks<\/em> have to work for R&amp;D\u00a0for each kind of animation.<\/p>\n<p>High resolution printers is the most important thing for animation. Oce Arizona 460 XT can do it easily with high quality. <span style=\"color: #800000;\"><a style=\"color: #800000;\" href=\"https:\/\/3dadworks.com\/\/en\/indoor-outdoor-products\/3d-lenticular-large-size-poster\">Large Size Posters<\/a><\/span> is work with more capable frames.<\/p>\n<\/div><div class=\"fusion-clearfix\"><\/div><\/div><\/div><div class=\"fusion-layout-column fusion_builder_column fusion-builder-column-1 fusion_builder_column_1_2 1_2 fusion-one-half fusion-column-first\" style=\"--awb-bg-size:cover;width:48%; margin-right: 4%;\"><div class=\"fusion-column-wrapper fusion-flex-column-wrapper-legacy\"><div class=\"fusion-video fusion-youtube\" style=\"--awb-max-width:600px;--awb-max-height:350px;\"><div class=\"video-shortcode\"><div class=\"fluid-width-video-wrapper\" style=\"padding-top:58.33%;\" ><iframe title=\"YouTube video player 1\" src=\"https:\/\/www.youtube.com\/embed\/-4JmtlPEjLw?wmode=transparent&autoplay=0\" width=\"600\" height=\"350\" allowfullscreen allow=\"autoplay; clipboard-write; encrypted-media; gyroscope; picture-in-picture;\"><\/iframe><\/div><\/div><\/div><div class=\"fusion-clearfix\"><\/div><\/div><\/div><div class=\"fusion-layout-column fusion_builder_column fusion-builder-column-2 fusion_builder_column_1_2 1_2 fusion-one-half fusion-column-last\" style=\"--awb-bg-size:cover;width:48%;\"><div class=\"fusion-column-wrapper fusion-flex-column-wrapper-legacy\"><div class=\"fusion-video fusion-youtube\" style=\"--awb-max-width:600px;--awb-max-height:350px;\"><div class=\"video-shortcode\"><div class=\"fluid-width-video-wrapper\" style=\"padding-top:58.33%;\" ><iframe title=\"YouTube video player 2\" src=\"https:\/\/www.youtube.com\/embed\/XIhSuqPBpT4?wmode=transparent&autoplay=0\" width=\"600\" height=\"350\" allowfullscreen allow=\"autoplay; clipboard-write; encrypted-media; gyroscope; picture-in-picture;\"><\/iframe><\/div><\/div><\/div><div class=\"fusion-clearfix\"><\/div><\/div><\/div><\/div><\/div>\n","protected":false},"excerpt":{"rendered":"","protected":false},"author":2,"featured_media":0,"parent":2225,"menu_order":0,"comment_status":"closed","ping_status":"closed","template":"","meta":{"footnotes":""},"class_list":["post-1552","page","type-page","status-publish","hentry"],"yoast_head":"<!-- This site is optimized with the Yoast SEO plugin v27.3 - https:\/\/yoast.com\/product\/yoast-seo-wordpress\/ -->\n<title>3D Lenticular Vehicle Wraps - 3d Adworks<\/title>\n<meta name=\"robots\" content=\"index, follow, max-snippet:-1, max-image-preview:large, max-video-preview:-1\" \/>\n<link rel=\"canonical\" href=\"https:\/\/3dadworks.com\/en\/indoor-outdoor-products\/3d-lenticular-vehicle-wraps\/\" \/>\n<meta property=\"og:locale\" content=\"en_US\" \/>\n<meta property=\"og:type\" content=\"article\" \/>\n<meta property=\"og:title\" content=\"3D Lenticular Vehicle Wraps - 3d Adworks\" \/>\n<meta property=\"og:url\" content=\"https:\/\/3dadworks.com\/en\/indoor-outdoor-products\/3d-lenticular-vehicle-wraps\/\" \/>\n<meta property=\"og:site_name\" content=\"3d Adworks\" \/>\n<meta property=\"article:modified_time\" content=\"2017-03-20T09:11:54+00:00\" \/>\n<meta name=\"twitter:card\" content=\"summary_large_image\" \/>\n<meta name=\"twitter:label1\" content=\"Est. reading time\" \/>\n\t<meta name=\"twitter:data1\" content=\"2 minutes\" \/>\n<script type=\"application\/ld+json\" class=\"yoast-schema-graph\">{\"@context\":\"https:\\\/\\\/schema.org\",\"@graph\":[{\"@type\":\"WebPage\",\"@id\":\"https:\\\/\\\/3dadworks.com\\\/en\\\/indoor-outdoor-products\\\/3d-lenticular-vehicle-wraps\\\/\",\"url\":\"https:\\\/\\\/3dadworks.com\\\/en\\\/indoor-outdoor-products\\\/3d-lenticular-vehicle-wraps\\\/\",\"name\":\"3D Lenticular Vehicle Wraps - 3d Adworks\",\"isPartOf\":{\"@id\":\"https:\\\/\\\/3dadworks.com\\\/#website\"},\"datePublished\":\"2016-09-04T11:46:32+00:00\",\"dateModified\":\"2017-03-20T09:11:54+00:00\",\"breadcrumb\":{\"@id\":\"https:\\\/\\\/3dadworks.com\\\/en\\\/indoor-outdoor-products\\\/3d-lenticular-vehicle-wraps\\\/#breadcrumb\"},\"inLanguage\":\"en-US\",\"potentialAction\":[{\"@type\":\"ReadAction\",\"target\":[\"https:\\\/\\\/3dadworks.com\\\/en\\\/indoor-outdoor-products\\\/3d-lenticular-vehicle-wraps\\\/\"]}]},{\"@type\":\"BreadcrumbList\",\"@id\":\"https:\\\/\\\/3dadworks.com\\\/en\\\/indoor-outdoor-products\\\/3d-lenticular-vehicle-wraps\\\/#breadcrumb\",\"itemListElement\":[{\"@type\":\"ListItem\",\"position\":1,\"name\":\"Ana sayfa\",\"item\":\"https:\\\/\\\/3dadworks.com\\\/en\\\/\"},{\"@type\":\"ListItem\",\"position\":2,\"name\":\"Indoor | Outdoor Products\",\"item\":\"https:\\\/\\\/3dadworks.com\\\/en\\\/indoor-outdoor-products\\\/\"},{\"@type\":\"ListItem\",\"position\":3,\"name\":\"3D Lenticular Vehicle Wraps\"}]},{\"@type\":\"WebSite\",\"@id\":\"https:\\\/\\\/3dadworks.com\\\/#website\",\"url\":\"https:\\\/\\\/3dadworks.com\\\/\",\"name\":\"3d Adworks\",\"description\":\"3D Lenticular Bask\u0131 teknolojisi ile tan\u0131\u015f\u0131n!\",\"potentialAction\":[{\"@type\":\"SearchAction\",\"target\":{\"@type\":\"EntryPoint\",\"urlTemplate\":\"https:\\\/\\\/3dadworks.com\\\/?s={search_term_string}\"},\"query-input\":{\"@type\":\"PropertyValueSpecification\",\"valueRequired\":true,\"valueName\":\"search_term_string\"}}],\"inLanguage\":\"en-US\"}]}<\/script>\n<!-- \/ Yoast SEO plugin. -->","yoast_head_json":{"title":"3D Lenticular Vehicle Wraps - 3d Adworks","robots":{"index":"index","follow":"follow","max-snippet":"max-snippet:-1","max-image-preview":"max-image-preview:large","max-video-preview":"max-video-preview:-1"},"canonical":"https:\/\/3dadworks.com\/en\/indoor-outdoor-products\/3d-lenticular-vehicle-wraps\/","og_locale":"en_US","og_type":"article","og_title":"3D Lenticular Vehicle Wraps - 3d Adworks","og_url":"https:\/\/3dadworks.com\/en\/indoor-outdoor-products\/3d-lenticular-vehicle-wraps\/","og_site_name":"3d Adworks","article_modified_time":"2017-03-20T09:11:54+00:00","twitter_card":"summary_large_image","twitter_misc":{"Est. reading time":"2 minutes"},"schema":{"@context":"https:\/\/schema.org","@graph":[{"@type":"WebPage","@id":"https:\/\/3dadworks.com\/en\/indoor-outdoor-products\/3d-lenticular-vehicle-wraps\/","url":"https:\/\/3dadworks.com\/en\/indoor-outdoor-products\/3d-lenticular-vehicle-wraps\/","name":"3D Lenticular Vehicle Wraps - 3d Adworks","isPartOf":{"@id":"https:\/\/3dadworks.com\/#website"},"datePublished":"2016-09-04T11:46:32+00:00","dateModified":"2017-03-20T09:11:54+00:00","breadcrumb":{"@id":"https:\/\/3dadworks.com\/en\/indoor-outdoor-products\/3d-lenticular-vehicle-wraps\/#breadcrumb"},"inLanguage":"en-US","potentialAction":[{"@type":"ReadAction","target":["https:\/\/3dadworks.com\/en\/indoor-outdoor-products\/3d-lenticular-vehicle-wraps\/"]}]},{"@type":"BreadcrumbList","@id":"https:\/\/3dadworks.com\/en\/indoor-outdoor-products\/3d-lenticular-vehicle-wraps\/#breadcrumb","itemListElement":[{"@type":"ListItem","position":1,"name":"Ana sayfa","item":"https:\/\/3dadworks.com\/en\/"},{"@type":"ListItem","position":2,"name":"Indoor | Outdoor Products","item":"https:\/\/3dadworks.com\/en\/indoor-outdoor-products\/"},{"@type":"ListItem","position":3,"name":"3D Lenticular Vehicle Wraps"}]},{"@type":"WebSite","@id":"https:\/\/3dadworks.com\/#website","url":"https:\/\/3dadworks.com\/","name":"3d Adworks","description":"3D Lenticular Bask\u0131 teknolojisi ile tan\u0131\u015f\u0131n!","potentialAction":[{"@type":"SearchAction","target":{"@type":"EntryPoint","urlTemplate":"https:\/\/3dadworks.com\/?s={search_term_string}"},"query-input":{"@type":"PropertyValueSpecification","valueRequired":true,"valueName":"search_term_string"}}],"inLanguage":"en-US"}]}},"_links":{"self":[{"href":"https:\/\/3dadworks.com\/en\/wp-json\/wp\/v2\/pages\/1552","targetHints":{"allow":["GET"]}}],"collection":[{"href":"https:\/\/3dadworks.com\/en\/wp-json\/wp\/v2\/pages"}],"about":[{"href":"https:\/\/3dadworks.com\/en\/wp-json\/wp\/v2\/types\/page"}],"author":[{"embeddable":true,"href":"https:\/\/3dadworks.com\/en\/wp-json\/wp\/v2\/users\/2"}],"replies":[{"embeddable":true,"href":"https:\/\/3dadworks.com\/en\/wp-json\/wp\/v2\/comments?post=1552"}],"version-history":[{"count":0,"href":"https:\/\/3dadworks.com\/en\/wp-json\/wp\/v2\/pages\/1552\/revisions"}],"up":[{"embeddable":true,"href":"https:\/\/3dadworks.com\/en\/wp-json\/wp\/v2\/pages\/2225"}],"wp:attachment":[{"href":"https:\/\/3dadworks.com\/en\/wp-json\/wp\/v2\/media?parent=1552"}],"curies":[{"name":"wp","href":"https:\/\/api.w.org\/{rel}","templated":true}]}}