{"id":1567,"date":"2016-09-04T18:34:26","date_gmt":"2016-09-04T15:34:26","guid":{"rendered":"https:\/\/3dadworks.com\/\/?page_id=1567"},"modified":"2017-03-20T12:11:38","modified_gmt":"2017-03-20T09:11:38","slug":"3d-lenticular-bus-shelter","status":"publish","type":"page","link":"https:\/\/3dadworks.com\/en\/indoor-outdoor-products\/3d-lenticular-bus-shelter\/","title":{"rendered":"3D Lenticular Bus Shelter"},"content":{"rendered":"<p><strong>Lenticular Bus Shelters<\/strong> is visited million of people per day. You can move forward your logo,brand name or slogan. This product is changing according to human motion. There are several lenticular effect such as <em>depth,flip,morph and animation effect<\/em>. We can make customized size respect to size of shelters. Our biggest sheet size is 120&#215;240 cm.<\/p>\n<p>It&#8217;s the common advertisement technique in Europe. It gets more popular in Turkey by 3D Adworks. 3D Lenticular the sole manufacturer in outdoor advertising, our company made in European standards, although it offers its customers the highest quality products with cheaper prices.<\/p>\n<p>If you want to be different from others, You can <span style=\"color: #800000;\"><a style=\"color: #800000;\" href=\"https:\/\/3dadworks.com\/\/en\/contact\">contact<\/a><\/span> with us.<\/p>\n<p><iframe src=\"\/\/www.youtube.com\/embed\/SGqAW8MPNus\" width=\"560\" height=\"315\" frameborder=\"0\" allowfullscreen=\"allowfullscreen\"><\/iframe><\/p>\n","protected":false},"excerpt":{"rendered":"<p>Lenticular Bus Shelters is visited million of people per day.  [&#8230;]<\/p>\n","protected":false},"author":2,"featured_media":0,"parent":2225,"menu_order":0,"comment_status":"closed","ping_status":"closed","template":"","meta":{"footnotes":""},"class_list":["post-1567","page","type-page","status-publish","hentry"],"yoast_head":"<!-- This site is optimized with the Yoast SEO plugin v27.3 - https:\/\/yoast.com\/product\/yoast-seo-wordpress\/ -->\n<title>3D Lenticular Bus Shelter - 3d Adworks<\/title>\n<meta name=\"robots\" content=\"index, follow, max-snippet:-1, max-image-preview:large, max-video-preview:-1\" \/>\n<link rel=\"canonical\" href=\"https:\/\/3dadworks.com\/en\/indoor-outdoor-products\/3d-lenticular-bus-shelter\/\" \/>\n<meta property=\"og:locale\" content=\"en_US\" \/>\n<meta property=\"og:type\" content=\"article\" \/>\n<meta property=\"og:title\" content=\"3D Lenticular Bus Shelter - 3d Adworks\" \/>\n<meta property=\"og:description\" content=\"Lenticular Bus Shelters is visited million of people per day. [...]\" \/>\n<meta property=\"og:url\" content=\"https:\/\/3dadworks.com\/en\/indoor-outdoor-products\/3d-lenticular-bus-shelter\/\" \/>\n<meta property=\"og:site_name\" content=\"3d Adworks\" \/>\n<meta property=\"article:modified_time\" content=\"2017-03-20T09:11:38+00:00\" \/>\n<meta name=\"twitter:card\" content=\"summary_large_image\" \/>\n<meta name=\"twitter:label1\" content=\"Est. reading time\" \/>\n\t<meta name=\"twitter:data1\" content=\"1 minute\" \/>\n<script type=\"application\/ld+json\" class=\"yoast-schema-graph\">{\"@context\":\"https:\\\/\\\/schema.org\",\"@graph\":[{\"@type\":\"WebPage\",\"@id\":\"https:\\\/\\\/3dadworks.com\\\/en\\\/indoor-outdoor-products\\\/3d-lenticular-bus-shelter\\\/\",\"url\":\"https:\\\/\\\/3dadworks.com\\\/en\\\/indoor-outdoor-products\\\/3d-lenticular-bus-shelter\\\/\",\"name\":\"3D Lenticular Bus Shelter - 3d Adworks\",\"isPartOf\":{\"@id\":\"https:\\\/\\\/3dadworks.com\\\/#website\"},\"datePublished\":\"2016-09-04T15:34:26+00:00\",\"dateModified\":\"2017-03-20T09:11:38+00:00\",\"breadcrumb\":{\"@id\":\"https:\\\/\\\/3dadworks.com\\\/en\\\/indoor-outdoor-products\\\/3d-lenticular-bus-shelter\\\/#breadcrumb\"},\"inLanguage\":\"en-US\",\"potentialAction\":[{\"@type\":\"ReadAction\",\"target\":[\"https:\\\/\\\/3dadworks.com\\\/en\\\/indoor-outdoor-products\\\/3d-lenticular-bus-shelter\\\/\"]}]},{\"@type\":\"BreadcrumbList\",\"@id\":\"https:\\\/\\\/3dadworks.com\\\/en\\\/indoor-outdoor-products\\\/3d-lenticular-bus-shelter\\\/#breadcrumb\",\"itemListElement\":[{\"@type\":\"ListItem\",\"position\":1,\"name\":\"Ana sayfa\",\"item\":\"https:\\\/\\\/3dadworks.com\\\/en\\\/\"},{\"@type\":\"ListItem\",\"position\":2,\"name\":\"Indoor | Outdoor Products\",\"item\":\"https:\\\/\\\/3dadworks.com\\\/en\\\/indoor-outdoor-products\\\/\"},{\"@type\":\"ListItem\",\"position\":3,\"name\":\"3D Lenticular Bus Shelter\"}]},{\"@type\":\"WebSite\",\"@id\":\"https:\\\/\\\/3dadworks.com\\\/#website\",\"url\":\"https:\\\/\\\/3dadworks.com\\\/\",\"name\":\"3d Adworks\",\"description\":\"3D Lenticular Bask\u0131 teknolojisi ile tan\u0131\u015f\u0131n!\",\"potentialAction\":[{\"@type\":\"SearchAction\",\"target\":{\"@type\":\"EntryPoint\",\"urlTemplate\":\"https:\\\/\\\/3dadworks.com\\\/?s={search_term_string}\"},\"query-input\":{\"@type\":\"PropertyValueSpecification\",\"valueRequired\":true,\"valueName\":\"search_term_string\"}}],\"inLanguage\":\"en-US\"}]}<\/script>\n<!-- \/ Yoast SEO plugin. -->","yoast_head_json":{"title":"3D Lenticular Bus Shelter - 3d Adworks","robots":{"index":"index","follow":"follow","max-snippet":"max-snippet:-1","max-image-preview":"max-image-preview:large","max-video-preview":"max-video-preview:-1"},"canonical":"https:\/\/3dadworks.com\/en\/indoor-outdoor-products\/3d-lenticular-bus-shelter\/","og_locale":"en_US","og_type":"article","og_title":"3D Lenticular Bus Shelter - 3d Adworks","og_description":"Lenticular Bus Shelters is visited million of people per day. [...]","og_url":"https:\/\/3dadworks.com\/en\/indoor-outdoor-products\/3d-lenticular-bus-shelter\/","og_site_name":"3d Adworks","article_modified_time":"2017-03-20T09:11:38+00:00","twitter_card":"summary_large_image","twitter_misc":{"Est. reading time":"1 minute"},"schema":{"@context":"https:\/\/schema.org","@graph":[{"@type":"WebPage","@id":"https:\/\/3dadworks.com\/en\/indoor-outdoor-products\/3d-lenticular-bus-shelter\/","url":"https:\/\/3dadworks.com\/en\/indoor-outdoor-products\/3d-lenticular-bus-shelter\/","name":"3D Lenticular Bus Shelter - 3d Adworks","isPartOf":{"@id":"https:\/\/3dadworks.com\/#website"},"datePublished":"2016-09-04T15:34:26+00:00","dateModified":"2017-03-20T09:11:38+00:00","breadcrumb":{"@id":"https:\/\/3dadworks.com\/en\/indoor-outdoor-products\/3d-lenticular-bus-shelter\/#breadcrumb"},"inLanguage":"en-US","potentialAction":[{"@type":"ReadAction","target":["https:\/\/3dadworks.com\/en\/indoor-outdoor-products\/3d-lenticular-bus-shelter\/"]}]},{"@type":"BreadcrumbList","@id":"https:\/\/3dadworks.com\/en\/indoor-outdoor-products\/3d-lenticular-bus-shelter\/#breadcrumb","itemListElement":[{"@type":"ListItem","position":1,"name":"Ana sayfa","item":"https:\/\/3dadworks.com\/en\/"},{"@type":"ListItem","position":2,"name":"Indoor | Outdoor Products","item":"https:\/\/3dadworks.com\/en\/indoor-outdoor-products\/"},{"@type":"ListItem","position":3,"name":"3D Lenticular Bus Shelter"}]},{"@type":"WebSite","@id":"https:\/\/3dadworks.com\/#website","url":"https:\/\/3dadworks.com\/","name":"3d Adworks","description":"3D Lenticular Bask\u0131 teknolojisi ile tan\u0131\u015f\u0131n!","potentialAction":[{"@type":"SearchAction","target":{"@type":"EntryPoint","urlTemplate":"https:\/\/3dadworks.com\/?s={search_term_string}"},"query-input":{"@type":"PropertyValueSpecification","valueRequired":true,"valueName":"search_term_string"}}],"inLanguage":"en-US"}]}},"_links":{"self":[{"href":"https:\/\/3dadworks.com\/en\/wp-json\/wp\/v2\/pages\/1567","targetHints":{"allow":["GET"]}}],"collection":[{"href":"https:\/\/3dadworks.com\/en\/wp-json\/wp\/v2\/pages"}],"about":[{"href":"https:\/\/3dadworks.com\/en\/wp-json\/wp\/v2\/types\/page"}],"author":[{"embeddable":true,"href":"https:\/\/3dadworks.com\/en\/wp-json\/wp\/v2\/users\/2"}],"replies":[{"embeddable":true,"href":"https:\/\/3dadworks.com\/en\/wp-json\/wp\/v2\/comments?post=1567"}],"version-history":[{"count":0,"href":"https:\/\/3dadworks.com\/en\/wp-json\/wp\/v2\/pages\/1567\/revisions"}],"up":[{"embeddable":true,"href":"https:\/\/3dadworks.com\/en\/wp-json\/wp\/v2\/pages\/2225"}],"wp:attachment":[{"href":"https:\/\/3dadworks.com\/en\/wp-json\/wp\/v2\/media?parent=1567"}],"curies":[{"name":"wp","href":"https:\/\/api.w.org\/{rel}","templated":true}]}}