{"id":1569,"date":"2016-09-04T18:36:57","date_gmt":"2016-09-04T15:36:57","guid":{"rendered":"https:\/\/3dadworks.com\/\/?page_id=1569"},"modified":"2017-03-20T12:15:06","modified_gmt":"2017-03-20T09:15:06","slug":"3d-lenticular-calendar","status":"publish","type":"page","link":"https:\/\/3dadworks.com\/en\/promotional-products\/3d-lenticular-calendar\/","title":{"rendered":"3D Lenticular Calendar"},"content":{"rendered":"<p><strong>Lenticular Calendar<\/strong> is most used promotional products in 3d market. Specially chosen by big companies.Because they are sure about to reach customer with their logo or brand name. This impact is 5 time more effective than traditional calendar with ball effect,\u00a0<span style=\"color: #800000;\"><a style=\"color: #800000;\" href=\"https:\/\/3dadworks.com\/\/en\/3d-lenticular-types\/lenticular-depth-3d\">depth <\/a><\/span>and <span style=\"color: #800000;\"><a style=\"color: #800000;\" href=\"https:\/\/3dadworks.com\/\/en\/3d-lenticular-types\/3d-lenticular-animation\">animation<\/a><\/span> effect.<\/p>\n<p>Calendar size usually is 35&#215;50 cm. But we can change the size of calendar according to your inquiry. The minimum order is 2000 piece. We can&#8217;t start to produce under this quantity.<strong> Pet Lenticular lens<\/strong> is more durable than classic paper calendars. Even if the year is finished, your product or brand name will be kept for a long time.<\/p>\n<p>&nbsp;<\/p>\n<p>&nbsp;<\/p>\n","protected":false},"excerpt":{"rendered":"<p>Lenticular Calendar is most used promotional products in 3d market.  [&#8230;]<\/p>\n","protected":false},"author":2,"featured_media":0,"parent":2223,"menu_order":0,"comment_status":"closed","ping_status":"closed","template":"","meta":{"footnotes":""},"class_list":["post-1569","page","type-page","status-publish","hentry"],"yoast_head":"<!-- This site is optimized with the Yoast SEO plugin v27.3 - https:\/\/yoast.com\/product\/yoast-seo-wordpress\/ -->\n<title>3D Lenticular Calendar - 3d Adworks<\/title>\n<meta name=\"robots\" content=\"index, follow, max-snippet:-1, max-image-preview:large, max-video-preview:-1\" \/>\n<link rel=\"canonical\" href=\"https:\/\/3dadworks.com\/en\/promotional-products\/3d-lenticular-calendar\/\" \/>\n<meta property=\"og:locale\" content=\"en_US\" \/>\n<meta property=\"og:type\" content=\"article\" \/>\n<meta property=\"og:title\" content=\"3D Lenticular Calendar - 3d Adworks\" \/>\n<meta property=\"og:description\" content=\"Lenticular Calendar is most used promotional products in 3d market. [...]\" \/>\n<meta property=\"og:url\" content=\"https:\/\/3dadworks.com\/en\/promotional-products\/3d-lenticular-calendar\/\" \/>\n<meta property=\"og:site_name\" content=\"3d Adworks\" \/>\n<meta property=\"article:modified_time\" content=\"2017-03-20T09:15:06+00:00\" \/>\n<meta name=\"twitter:card\" content=\"summary_large_image\" \/>\n<meta name=\"twitter:label1\" content=\"Est. reading time\" \/>\n\t<meta name=\"twitter:data1\" content=\"1 minute\" \/>\n<script type=\"application\/ld+json\" class=\"yoast-schema-graph\">{\"@context\":\"https:\\\/\\\/schema.org\",\"@graph\":[{\"@type\":\"WebPage\",\"@id\":\"https:\\\/\\\/3dadworks.com\\\/en\\\/promotional-products\\\/3d-lenticular-calendar\\\/\",\"url\":\"https:\\\/\\\/3dadworks.com\\\/en\\\/promotional-products\\\/3d-lenticular-calendar\\\/\",\"name\":\"3D Lenticular Calendar - 3d Adworks\",\"isPartOf\":{\"@id\":\"https:\\\/\\\/3dadworks.com\\\/#website\"},\"datePublished\":\"2016-09-04T15:36:57+00:00\",\"dateModified\":\"2017-03-20T09:15:06+00:00\",\"breadcrumb\":{\"@id\":\"https:\\\/\\\/3dadworks.com\\\/en\\\/promotional-products\\\/3d-lenticular-calendar\\\/#breadcrumb\"},\"inLanguage\":\"en-US\",\"potentialAction\":[{\"@type\":\"ReadAction\",\"target\":[\"https:\\\/\\\/3dadworks.com\\\/en\\\/promotional-products\\\/3d-lenticular-calendar\\\/\"]}]},{\"@type\":\"BreadcrumbList\",\"@id\":\"https:\\\/\\\/3dadworks.com\\\/en\\\/promotional-products\\\/3d-lenticular-calendar\\\/#breadcrumb\",\"itemListElement\":[{\"@type\":\"ListItem\",\"position\":1,\"name\":\"Ana sayfa\",\"item\":\"https:\\\/\\\/3dadworks.com\\\/en\\\/\"},{\"@type\":\"ListItem\",\"position\":2,\"name\":\"Promotional Products\",\"item\":\"https:\\\/\\\/3dadworks.com\\\/en\\\/promotional-products\\\/\"},{\"@type\":\"ListItem\",\"position\":3,\"name\":\"3D Lenticular Calendar\"}]},{\"@type\":\"WebSite\",\"@id\":\"https:\\\/\\\/3dadworks.com\\\/#website\",\"url\":\"https:\\\/\\\/3dadworks.com\\\/\",\"name\":\"3d Adworks\",\"description\":\"3D Lenticular Bask\u0131 teknolojisi ile tan\u0131\u015f\u0131n!\",\"potentialAction\":[{\"@type\":\"SearchAction\",\"target\":{\"@type\":\"EntryPoint\",\"urlTemplate\":\"https:\\\/\\\/3dadworks.com\\\/?s={search_term_string}\"},\"query-input\":{\"@type\":\"PropertyValueSpecification\",\"valueRequired\":true,\"valueName\":\"search_term_string\"}}],\"inLanguage\":\"en-US\"}]}<\/script>\n<!-- \/ Yoast SEO plugin. -->","yoast_head_json":{"title":"3D Lenticular Calendar - 3d Adworks","robots":{"index":"index","follow":"follow","max-snippet":"max-snippet:-1","max-image-preview":"max-image-preview:large","max-video-preview":"max-video-preview:-1"},"canonical":"https:\/\/3dadworks.com\/en\/promotional-products\/3d-lenticular-calendar\/","og_locale":"en_US","og_type":"article","og_title":"3D Lenticular Calendar - 3d Adworks","og_description":"Lenticular Calendar is most used promotional products in 3d market. [...]","og_url":"https:\/\/3dadworks.com\/en\/promotional-products\/3d-lenticular-calendar\/","og_site_name":"3d Adworks","article_modified_time":"2017-03-20T09:15:06+00:00","twitter_card":"summary_large_image","twitter_misc":{"Est. reading time":"1 minute"},"schema":{"@context":"https:\/\/schema.org","@graph":[{"@type":"WebPage","@id":"https:\/\/3dadworks.com\/en\/promotional-products\/3d-lenticular-calendar\/","url":"https:\/\/3dadworks.com\/en\/promotional-products\/3d-lenticular-calendar\/","name":"3D Lenticular Calendar - 3d Adworks","isPartOf":{"@id":"https:\/\/3dadworks.com\/#website"},"datePublished":"2016-09-04T15:36:57+00:00","dateModified":"2017-03-20T09:15:06+00:00","breadcrumb":{"@id":"https:\/\/3dadworks.com\/en\/promotional-products\/3d-lenticular-calendar\/#breadcrumb"},"inLanguage":"en-US","potentialAction":[{"@type":"ReadAction","target":["https:\/\/3dadworks.com\/en\/promotional-products\/3d-lenticular-calendar\/"]}]},{"@type":"BreadcrumbList","@id":"https:\/\/3dadworks.com\/en\/promotional-products\/3d-lenticular-calendar\/#breadcrumb","itemListElement":[{"@type":"ListItem","position":1,"name":"Ana sayfa","item":"https:\/\/3dadworks.com\/en\/"},{"@type":"ListItem","position":2,"name":"Promotional Products","item":"https:\/\/3dadworks.com\/en\/promotional-products\/"},{"@type":"ListItem","position":3,"name":"3D Lenticular Calendar"}]},{"@type":"WebSite","@id":"https:\/\/3dadworks.com\/#website","url":"https:\/\/3dadworks.com\/","name":"3d Adworks","description":"3D Lenticular Bask\u0131 teknolojisi ile tan\u0131\u015f\u0131n!","potentialAction":[{"@type":"SearchAction","target":{"@type":"EntryPoint","urlTemplate":"https:\/\/3dadworks.com\/?s={search_term_string}"},"query-input":{"@type":"PropertyValueSpecification","valueRequired":true,"valueName":"search_term_string"}}],"inLanguage":"en-US"}]}},"_links":{"self":[{"href":"https:\/\/3dadworks.com\/en\/wp-json\/wp\/v2\/pages\/1569","targetHints":{"allow":["GET"]}}],"collection":[{"href":"https:\/\/3dadworks.com\/en\/wp-json\/wp\/v2\/pages"}],"about":[{"href":"https:\/\/3dadworks.com\/en\/wp-json\/wp\/v2\/types\/page"}],"author":[{"embeddable":true,"href":"https:\/\/3dadworks.com\/en\/wp-json\/wp\/v2\/users\/2"}],"replies":[{"embeddable":true,"href":"https:\/\/3dadworks.com\/en\/wp-json\/wp\/v2\/comments?post=1569"}],"version-history":[{"count":0,"href":"https:\/\/3dadworks.com\/en\/wp-json\/wp\/v2\/pages\/1569\/revisions"}],"up":[{"embeddable":true,"href":"https:\/\/3dadworks.com\/en\/wp-json\/wp\/v2\/pages\/2223"}],"wp:attachment":[{"href":"https:\/\/3dadworks.com\/en\/wp-json\/wp\/v2\/media?parent=1569"}],"curies":[{"name":"wp","href":"https:\/\/api.w.org\/{rel}","templated":true}]}}