{"id":1593,"date":"2016-09-04T18:49:25","date_gmt":"2016-09-04T15:49:25","guid":{"rendered":"https:\/\/3dadworks.com\/\/?page_id=1593"},"modified":"2017-03-20T12:22:45","modified_gmt":"2017-03-20T09:22:45","slug":"faq","status":"publish","type":"page","link":"https:\/\/3dadworks.com\/en\/faq\/","title":{"rendered":"FAQ"},"content":{"rendered":"<div class=\"fusion-fullwidth fullwidth-box fusion-builder-row-1 hundred-percent-fullwidth non-hundred-percent-height-scrolling\" style=\"--awb-border-radius-top-left:0px;--awb-border-radius-top-right:0px;--awb-border-radius-bottom-right:0px;--awb-border-radius-bottom-left:0px;--awb-overflow:visible;--awb-flex-wrap:wrap;\" ><div class=\"fusion-builder-row fusion-row\"><div class=\"fusion-layout-column fusion_builder_column fusion-builder-column-0 fusion_builder_column_1_1 1_1 fusion-one-full fusion-column-first fusion-column-last fusion-column-no-min-height\" style=\"--awb-bg-size:cover;--awb-margin-bottom:0px;\"><div class=\"fusion-column-wrapper fusion-flex-column-wrapper-legacy\"><style type=\"text\/css\">.fusion-faqs-wrapper #accordian-1 .fusion-panel { border-color:#e0dede; }.fusion-faqs-wrapper #accordian-1 .fusion-panel:hover{ border-color: #e0dede; }.fusion-accordian #accordian-1 .panel-title a .fa-fusion-box:before{ font-size: 13px;width: 13px;}.fusion-accordian #accordian-1 .panel-title a .fa-fusion-box{ color: #ffffff;}.fusion-accordian  #accordian-1 .panel-title a{font-family:\"Antic Slab\";font-style:normal;font-weight:400;}.fusion-accordian  #accordian-1 .panel-title a:not(:hover){}.fusion-accordian  #accordian-1 .toggle-content{font-family:\"PT Sans\";font-style:normal;font-weight:400;}.fusion-accordian #accordian-1 .fa-fusion-box { background-color: #333333 !important;border-color: #333333 !important;}.fusion-accordian #accordian-1 .panel-title a:hover,.fusion-accordian #accordian-1 .panel-title a.hover { color: #3f7ccd;}.fusion-faq-shortcode .fusion-accordian #accordian-1 .fusion-toggle-boxed-mode:hover .panel-title a { color: #3f7ccd;}.fusion-accordian #accordian-1 .panel-title .active .fa-fusion-box,.fusion-accordian #accordian-1 .panel-title a:hover .fa-fusion-box,.fusion-accordian #accordian-1 .panel-title a.hover .fa-fusion-box { background-color: #3f7ccd!important;border-color: #3f7ccd!important;}<\/style><div class=\"fusion-faq-shortcode\" style=\"\"><div class=\"fusion-faqs-wrapper\"><div class=\"accordian fusion-accordian\"><div class=\"panel-group \" id=\"accordian-1\"><div class=\"fusion-panel panel-default fusion-faq-post fusion-faq-post-1590 \"><span class=\"entry-title rich-snippet-hidden\">What is 3D Lenticular?<\/span><span class=\"vcard rich-snippet-hidden\"><span class=\"fn\"><a href=\"https:\/\/3dadworks.com\/en\/author\/3dadworks\/\" title=\"Posts by 3D Lenticular\" rel=\"author\">3D Lenticular<\/a><\/span><\/span><span class=\"updated rich-snippet-hidden\">2017-03-13T14:06:15+03:00<\/span><div class=\"panel-heading\"><h4 id=\"faq_1-1590\" class=\"panel-title toggle\"><a data-toggle=\"collapse\" class=\"collapsed\" data-parent=\"#accordian-1\" data-target=\"#collapse-1-1590\" href=\"#collapse-1-1590\" aria-expanded=\"false\"><div class=\"fusion-toggle-icon-wrapper\"><div class=\"fusion-toggle-icon-wrapper-main\"><div class=\"fusion-toggle-icon-wrapper-sub\"><i class=\"fa-fusion-box active-icon awb-icon-minus\" aria-hidden=\"true\"><\/i><i class=\"fa-fusion-box inactive-icon awb-icon-plus\" aria-hidden=\"true\"><\/i><\/div><\/div><\/div><div class=\"fusion-toggle-heading\">What is 3D Lenticular?<\/div><\/a><\/h4><\/div><div id=\"collapse-1-1590\" aria-labelledby=\"faq_1-1590\" class=\"panel-collapse collapse\"><div class=\"panel-body toggle-content post-content\"><p>Lenticular Printing is a technology that is prepared special images on digital area and printing on lens material. This lenticular lens is produce by thin lenticular. So it calls as lenticular printing. Images can be seeing as depth and animation helping by lenticular.<\/p>\n<\/div><\/div><\/div><div class=\"fusion-panel panel-default fusion-faq-post fusion-faq-post-1588 \"><span class=\"entry-title rich-snippet-hidden\">What is the minimum and maximum order quantity?<\/span><span class=\"vcard rich-snippet-hidden\"><span class=\"fn\"><a href=\"https:\/\/3dadworks.com\/en\/author\/3dadworks\/\" title=\"Posts by 3D Lenticular\" rel=\"author\">3D Lenticular<\/a><\/span><\/span><span class=\"updated rich-snippet-hidden\">2017-08-09T10:12:52+03:00<\/span><div class=\"panel-heading\"><h4 id=\"faq_1-1588\" class=\"panel-title toggle\"><a data-toggle=\"collapse\" class=\"collapsed\" data-parent=\"#accordian-1\" data-target=\"#collapse-1-1588\" href=\"#collapse-1-1588\" aria-expanded=\"false\"><div class=\"fusion-toggle-icon-wrapper\"><div class=\"fusion-toggle-icon-wrapper-main\"><div class=\"fusion-toggle-icon-wrapper-sub\"><i class=\"fa-fusion-box active-icon awb-icon-minus\" aria-hidden=\"true\"><\/i><i class=\"fa-fusion-box inactive-icon awb-icon-plus\" aria-hidden=\"true\"><\/i><\/div><\/div><\/div><div class=\"fusion-toggle-heading\">What is the minimum and maximum order quantity?<\/div><\/a><\/h4><\/div><div id=\"collapse-1-1588\" aria-labelledby=\"faq_1-1588\" class=\"panel-collapse collapse\"><div class=\"panel-body toggle-content post-content\"><p>Lenticular products divided into two parts as you see indoor|outdoor and promotional at <a href=\"https:\/\/3dadworks.com\/en\/products\/\">products<\/a> section. Our standard lenticular sheet size is 50&#215;70 cm and minimum order quantity is 1000 sheets at promotional product. You can insert many design into that sheet. Also We can produce only one quantity at indoor|outdoor. Maximum order might be hounders of plate. Our standard size is 120&#215;240 cm at outdoor. We can print even one piece for outdoor usage.<\/p>\n<\/div><\/div><\/div><div class=\"fusion-panel panel-default fusion-faq-post fusion-faq-post-1586 \"><span class=\"entry-title rich-snippet-hidden\">What is the cost of lenticular printing?<\/span><span class=\"vcard rich-snippet-hidden\"><span class=\"fn\"><a href=\"https:\/\/3dadworks.com\/en\/author\/3dadworks\/\" title=\"Posts by 3D Lenticular\" rel=\"author\">3D Lenticular<\/a><\/span><\/span><span class=\"updated rich-snippet-hidden\">2016-09-04T18:46:20+03:00<\/span><div class=\"panel-heading\"><h4 id=\"faq_1-1586\" class=\"panel-title toggle\"><a data-toggle=\"collapse\" class=\"collapsed\" data-parent=\"#accordian-1\" data-target=\"#collapse-1-1586\" href=\"#collapse-1-1586\" aria-expanded=\"false\"><div class=\"fusion-toggle-icon-wrapper\"><div class=\"fusion-toggle-icon-wrapper-main\"><div class=\"fusion-toggle-icon-wrapper-sub\"><i class=\"fa-fusion-box active-icon awb-icon-minus\" aria-hidden=\"true\"><\/i><i class=\"fa-fusion-box inactive-icon awb-icon-plus\" aria-hidden=\"true\"><\/i><\/div><\/div><\/div><div class=\"fusion-toggle-heading\">What is the cost of lenticular printing?<\/div><\/a><\/h4><\/div><div id=\"collapse-1-1586\" aria-labelledby=\"faq_1-1586\" class=\"panel-collapse collapse\"><div class=\"panel-body toggle-content post-content\"><p>We always receive a lot of mails about pricing. The best way of get price is to share you lenticular project with us. What is the quantity and which effect is desired for your project? . They are the most important topics for us. Don&#8217;t forget it, if you increase order quantity , you will get less unit price.<\/p>\n<\/div><\/div><\/div><div class=\"fusion-panel panel-default fusion-faq-post fusion-faq-post-1584 \"><span class=\"entry-title rich-snippet-hidden\">What is the minimum and maximum size of sheets?<\/span><span class=\"vcard rich-snippet-hidden\"><span class=\"fn\"><a href=\"https:\/\/3dadworks.com\/en\/author\/3dadworks\/\" title=\"Posts by 3D Lenticular\" rel=\"author\">3D Lenticular<\/a><\/span><\/span><span class=\"updated rich-snippet-hidden\">2016-09-04T18:45:52+03:00<\/span><div class=\"panel-heading\"><h4 id=\"faq_1-1584\" class=\"panel-title toggle\"><a data-toggle=\"collapse\" class=\"collapsed\" data-parent=\"#accordian-1\" data-target=\"#collapse-1-1584\" href=\"#collapse-1-1584\" aria-expanded=\"false\"><div class=\"fusion-toggle-icon-wrapper\"><div class=\"fusion-toggle-icon-wrapper-main\"><div class=\"fusion-toggle-icon-wrapper-sub\"><i class=\"fa-fusion-box active-icon awb-icon-minus\" aria-hidden=\"true\"><\/i><i class=\"fa-fusion-box inactive-icon awb-icon-plus\" aria-hidden=\"true\"><\/i><\/div><\/div><\/div><div class=\"fusion-toggle-heading\">What is the minimum and maximum size of sheets?<\/div><\/a><\/h4><\/div><div id=\"collapse-1-1584\" aria-labelledby=\"faq_1-1584\" class=\"panel-collapse collapse\"><div class=\"panel-body toggle-content post-content\"><p>The minimum printing size is 4 cm2 at promotional products. This minimum size is necessary because of lenticular thickness. The maximum size is 50&#215;70 cm. At outdoor|indoor minimum products size is 40&#215;60 cm. The largest size is 120&#215;240 cm. We can combine the plates to create bigger size than 120&#215;240 cm.<\/p>\n<\/div><\/div><\/div><div class=\"fusion-panel panel-default fusion-faq-post fusion-faq-post-1582 \"><span class=\"entry-title rich-snippet-hidden\">Which kind of artwork should i prepare for 3D Lenticular?<\/span><span class=\"vcard rich-snippet-hidden\"><span class=\"fn\"><a href=\"https:\/\/3dadworks.com\/en\/author\/3dadworks\/\" title=\"Posts by 3D Lenticular\" rel=\"author\">3D Lenticular<\/a><\/span><\/span><span class=\"updated rich-snippet-hidden\">2017-03-13T14:06:15+03:00<\/span><div class=\"panel-heading\"><h4 id=\"faq_1-1582\" class=\"panel-title toggle\"><a data-toggle=\"collapse\" class=\"collapsed\" data-parent=\"#accordian-1\" data-target=\"#collapse-1-1582\" href=\"#collapse-1-1582\" aria-expanded=\"false\"><div class=\"fusion-toggle-icon-wrapper\"><div class=\"fusion-toggle-icon-wrapper-main\"><div class=\"fusion-toggle-icon-wrapper-sub\"><i class=\"fa-fusion-box active-icon awb-icon-minus\" aria-hidden=\"true\"><\/i><i class=\"fa-fusion-box inactive-icon awb-icon-plus\" aria-hidden=\"true\"><\/i><\/div><\/div><\/div><div class=\"fusion-toggle-heading\">Which kind of artwork should i prepare for 3D Lenticular?<\/div><\/a><\/h4><\/div><div id=\"collapse-1-1582\" aria-labelledby=\"faq_1-1582\" class=\"panel-collapse collapse\"><div class=\"panel-body toggle-content post-content\"><p>The easiest part of it. We only want standard high resolution images from our customer to create 3D Lenticular images. If you want to use 2 images flip effect, you should supply us 2 digital file. If you would like to use 3 images flip effect, you should supply us 3 digital file.It means each of page is different digital file for us.<\/p>\n<p>This digital file might be in any photoshop format. It should be minimum 300 dpi and should be exact size as printing image. You design should be 5 cm. larger than printing size.<\/p>\n<p>For more information kindly visit our lenticular design page.<\/p>\n<\/div><\/div><\/div><div class=\"fusion-panel panel-default fusion-faq-post fusion-faq-post-1580 \"><span class=\"entry-title rich-snippet-hidden\">How long does it take to deliver?<\/span><span class=\"vcard rich-snippet-hidden\"><span class=\"fn\"><a href=\"https:\/\/3dadworks.com\/en\/author\/3dadworks\/\" title=\"Posts by 3D Lenticular\" rel=\"author\">3D Lenticular<\/a><\/span><\/span><span class=\"updated rich-snippet-hidden\">2016-09-04T18:44:41+03:00<\/span><div class=\"panel-heading\"><h4 id=\"faq_1-1580\" class=\"panel-title toggle\"><a data-toggle=\"collapse\" class=\"collapsed\" data-parent=\"#accordian-1\" data-target=\"#collapse-1-1580\" href=\"#collapse-1-1580\" aria-expanded=\"false\"><div class=\"fusion-toggle-icon-wrapper\"><div class=\"fusion-toggle-icon-wrapper-main\"><div class=\"fusion-toggle-icon-wrapper-sub\"><i class=\"fa-fusion-box active-icon awb-icon-minus\" aria-hidden=\"true\"><\/i><i class=\"fa-fusion-box inactive-icon awb-icon-plus\" aria-hidden=\"true\"><\/i><\/div><\/div><\/div><div class=\"fusion-toggle-heading\">How long does it take to deliver?<\/div><\/a><\/h4><\/div><div id=\"collapse-1-1580\" aria-labelledby=\"faq_1-1580\" class=\"panel-collapse collapse\"><div class=\"panel-body toggle-content post-content\"><p>It may change according to your inquiry. It is approximately 20-25 days at promotional products. For outdoor|indoor products we can supply them in one week.<\/p>\n<\/div><\/div><\/div><div class=\"fusion-panel panel-default fusion-faq-post fusion-faq-post-1578 \"><span class=\"entry-title rich-snippet-hidden\">Does it matter to move lenticular left to right or up to down?<\/span><span class=\"vcard rich-snippet-hidden\"><span class=\"fn\"><a href=\"https:\/\/3dadworks.com\/en\/author\/3dadworks\/\" title=\"Posts by 3D Lenticular\" rel=\"author\">3D Lenticular<\/a><\/span><\/span><span class=\"updated rich-snippet-hidden\">2017-08-09T10:14:30+03:00<\/span><div class=\"panel-heading\"><h4 id=\"faq_1-1578\" class=\"panel-title toggle\"><a data-toggle=\"collapse\" class=\"collapsed\" data-parent=\"#accordian-1\" data-target=\"#collapse-1-1578\" href=\"#collapse-1-1578\" aria-expanded=\"false\"><div class=\"fusion-toggle-icon-wrapper\"><div class=\"fusion-toggle-icon-wrapper-main\"><div class=\"fusion-toggle-icon-wrapper-sub\"><i class=\"fa-fusion-box active-icon awb-icon-minus\" aria-hidden=\"true\"><\/i><i class=\"fa-fusion-box inactive-icon awb-icon-plus\" aria-hidden=\"true\"><\/i><\/div><\/div><\/div><div class=\"fusion-toggle-heading\">Does it matter to move lenticular left to right or up to down?<\/div><\/a><\/h4><\/div><div id=\"collapse-1-1578\" aria-labelledby=\"faq_1-1578\" class=\"panel-collapse collapse\"><div class=\"panel-body toggle-content post-content\"><p>Yes. Lenticular promotional products can handle more frame up to down. So it gives better result than left to right at animation effect. It is necessary to use left to right effect at outdoor <a href=\"https:\/\/3dadworks.com\/en\/indoor-outdoor-products\/\">large size products<\/a>. The biggest problem is animation at outdoor products.<\/p>\n<\/div><\/div><\/div><div class=\"fusion-panel panel-default fusion-faq-post fusion-faq-post-1576 \"><span class=\"entry-title rich-snippet-hidden\">What is the biggest difference between Hologram and Lenticular? Which one is suitable for my project?<\/span><span class=\"vcard rich-snippet-hidden\"><span class=\"fn\"><a href=\"https:\/\/3dadworks.com\/en\/author\/3dadworks\/\" title=\"Posts by 3D Lenticular\" rel=\"author\">3D Lenticular<\/a><\/span><\/span><span class=\"updated rich-snippet-hidden\">2016-09-04T18:41:29+03:00<\/span><div class=\"panel-heading\"><h4 id=\"faq_1-1576\" class=\"panel-title toggle\"><a data-toggle=\"collapse\" class=\"collapsed\" data-parent=\"#accordian-1\" data-target=\"#collapse-1-1576\" href=\"#collapse-1-1576\" aria-expanded=\"false\"><div class=\"fusion-toggle-icon-wrapper\"><div class=\"fusion-toggle-icon-wrapper-main\"><div class=\"fusion-toggle-icon-wrapper-sub\"><i class=\"fa-fusion-box active-icon awb-icon-minus\" aria-hidden=\"true\"><\/i><i class=\"fa-fusion-box inactive-icon awb-icon-plus\" aria-hidden=\"true\"><\/i><\/div><\/div><\/div><div class=\"fusion-toggle-heading\">What is the biggest difference between Hologram and Lenticular? Which one is suitable for my project?<\/div><\/a><\/h4><\/div><div id=\"collapse-1-1576\" aria-labelledby=\"faq_1-1576\" class=\"panel-collapse collapse\"><div class=\"panel-body toggle-content post-content\"><p>Lenticular and Hologram both can show depth effect. But there is no any comment point between them. Holograms usually is single color and laser must print perfectly. Laser lights holograms can show 360 degree viewing of objects. But it can&#8217;t be totally perfect all the time.<\/p>\n<p>Lenticular printing is procedure of digital printing. So viewing always is perfect. But it is not able to print 360 degrees viewing of objects.<\/p>\n<\/div><\/div><\/div><\/div><\/div><\/div><\/div><div class=\"fusion-clearfix\"><\/div><\/div><\/div><\/div><\/div>\n","protected":false},"excerpt":{"rendered":"","protected":false},"author":2,"featured_media":0,"parent":0,"menu_order":0,"comment_status":"closed","ping_status":"closed","template":"","meta":{"footnotes":""},"class_list":["post-1593","page","type-page","status-publish","hentry"],"yoast_head":"<!-- This site is optimized with the Yoast SEO plugin v27.3 - https:\/\/yoast.com\/product\/yoast-seo-wordpress\/ -->\n<title>FAQ - 3d Adworks<\/title>\n<meta name=\"robots\" content=\"index, follow, max-snippet:-1, max-image-preview:large, max-video-preview:-1\" \/>\n<link rel=\"canonical\" href=\"https:\/\/3dadworks.com\/en\/faq\/\" \/>\n<meta property=\"og:locale\" content=\"en_US\" \/>\n<meta property=\"og:type\" content=\"article\" \/>\n<meta property=\"og:title\" content=\"FAQ - 3d Adworks\" \/>\n<meta property=\"og:url\" content=\"https:\/\/3dadworks.com\/en\/faq\/\" \/>\n<meta property=\"og:site_name\" content=\"3d Adworks\" \/>\n<meta property=\"article:modified_time\" content=\"2017-03-20T09:22:45+00:00\" \/>\n<meta name=\"twitter:card\" content=\"summary_large_image\" \/>\n<script type=\"application\/ld+json\" class=\"yoast-schema-graph\">{\"@context\":\"https:\\\/\\\/schema.org\",\"@graph\":[{\"@type\":\"WebPage\",\"@id\":\"https:\\\/\\\/3dadworks.com\\\/en\\\/faq\\\/\",\"url\":\"https:\\\/\\\/3dadworks.com\\\/en\\\/faq\\\/\",\"name\":\"FAQ - 3d Adworks\",\"isPartOf\":{\"@id\":\"https:\\\/\\\/3dadworks.com\\\/#website\"},\"datePublished\":\"2016-09-04T15:49:25+00:00\",\"dateModified\":\"2017-03-20T09:22:45+00:00\",\"breadcrumb\":{\"@id\":\"https:\\\/\\\/3dadworks.com\\\/en\\\/faq\\\/#breadcrumb\"},\"inLanguage\":\"en-US\",\"potentialAction\":[{\"@type\":\"ReadAction\",\"target\":[\"https:\\\/\\\/3dadworks.com\\\/en\\\/faq\\\/\"]}]},{\"@type\":\"BreadcrumbList\",\"@id\":\"https:\\\/\\\/3dadworks.com\\\/en\\\/faq\\\/#breadcrumb\",\"itemListElement\":[{\"@type\":\"ListItem\",\"position\":1,\"name\":\"Ana sayfa\",\"item\":\"https:\\\/\\\/3dadworks.com\\\/en\\\/\"},{\"@type\":\"ListItem\",\"position\":2,\"name\":\"FAQ\"}]},{\"@type\":\"WebSite\",\"@id\":\"https:\\\/\\\/3dadworks.com\\\/#website\",\"url\":\"https:\\\/\\\/3dadworks.com\\\/\",\"name\":\"3d Adworks\",\"description\":\"3D Lenticular Bask\u0131 teknolojisi ile tan\u0131\u015f\u0131n!\",\"potentialAction\":[{\"@type\":\"SearchAction\",\"target\":{\"@type\":\"EntryPoint\",\"urlTemplate\":\"https:\\\/\\\/3dadworks.com\\\/?s={search_term_string}\"},\"query-input\":{\"@type\":\"PropertyValueSpecification\",\"valueRequired\":true,\"valueName\":\"search_term_string\"}}],\"inLanguage\":\"en-US\"}]}<\/script>\n<!-- \/ Yoast SEO plugin. -->","yoast_head_json":{"title":"FAQ - 3d Adworks","robots":{"index":"index","follow":"follow","max-snippet":"max-snippet:-1","max-image-preview":"max-image-preview:large","max-video-preview":"max-video-preview:-1"},"canonical":"https:\/\/3dadworks.com\/en\/faq\/","og_locale":"en_US","og_type":"article","og_title":"FAQ - 3d Adworks","og_url":"https:\/\/3dadworks.com\/en\/faq\/","og_site_name":"3d Adworks","article_modified_time":"2017-03-20T09:22:45+00:00","twitter_card":"summary_large_image","schema":{"@context":"https:\/\/schema.org","@graph":[{"@type":"WebPage","@id":"https:\/\/3dadworks.com\/en\/faq\/","url":"https:\/\/3dadworks.com\/en\/faq\/","name":"FAQ - 3d Adworks","isPartOf":{"@id":"https:\/\/3dadworks.com\/#website"},"datePublished":"2016-09-04T15:49:25+00:00","dateModified":"2017-03-20T09:22:45+00:00","breadcrumb":{"@id":"https:\/\/3dadworks.com\/en\/faq\/#breadcrumb"},"inLanguage":"en-US","potentialAction":[{"@type":"ReadAction","target":["https:\/\/3dadworks.com\/en\/faq\/"]}]},{"@type":"BreadcrumbList","@id":"https:\/\/3dadworks.com\/en\/faq\/#breadcrumb","itemListElement":[{"@type":"ListItem","position":1,"name":"Ana sayfa","item":"https:\/\/3dadworks.com\/en\/"},{"@type":"ListItem","position":2,"name":"FAQ"}]},{"@type":"WebSite","@id":"https:\/\/3dadworks.com\/#website","url":"https:\/\/3dadworks.com\/","name":"3d Adworks","description":"3D Lenticular Bask\u0131 teknolojisi ile tan\u0131\u015f\u0131n!","potentialAction":[{"@type":"SearchAction","target":{"@type":"EntryPoint","urlTemplate":"https:\/\/3dadworks.com\/?s={search_term_string}"},"query-input":{"@type":"PropertyValueSpecification","valueRequired":true,"valueName":"search_term_string"}}],"inLanguage":"en-US"}]}},"_links":{"self":[{"href":"https:\/\/3dadworks.com\/en\/wp-json\/wp\/v2\/pages\/1593","targetHints":{"allow":["GET"]}}],"collection":[{"href":"https:\/\/3dadworks.com\/en\/wp-json\/wp\/v2\/pages"}],"about":[{"href":"https:\/\/3dadworks.com\/en\/wp-json\/wp\/v2\/types\/page"}],"author":[{"embeddable":true,"href":"https:\/\/3dadworks.com\/en\/wp-json\/wp\/v2\/users\/2"}],"replies":[{"embeddable":true,"href":"https:\/\/3dadworks.com\/en\/wp-json\/wp\/v2\/comments?post=1593"}],"version-history":[{"count":0,"href":"https:\/\/3dadworks.com\/en\/wp-json\/wp\/v2\/pages\/1593\/revisions"}],"wp:attachment":[{"href":"https:\/\/3dadworks.com\/en\/wp-json\/wp\/v2\/media?parent=1593"}],"curies":[{"name":"wp","href":"https:\/\/api.w.org\/{rel}","templated":true}]}}