{"id":1624,"date":"2016-09-04T20:44:51","date_gmt":"2016-09-04T17:44:51","guid":{"rendered":"https:\/\/3dadworks.com\/\/?page_id=1624"},"modified":"2017-03-20T12:10:25","modified_gmt":"2017-03-20T09:10:25","slug":"3d-lenticular-x-banner","status":"publish","type":"page","link":"https:\/\/3dadworks.com\/en\/indoor-outdoor-products\/3d-lenticular-x-banner\/","title":{"rendered":"3D Lenticular X Banner"},"content":{"rendered":"<p>We have special lenticular lens for outdoor usage and especially for X Banner. This product is thinner than classic outdoor lenses and produced for flip effect. Size is different than other thick lens. It is 120&#215;160 cm parallel to 160c. side.<\/p>\n<p>It is more attractive than roll up and at the same time,it is cheaper. It might be suitable advertisement kind for your local market. Also it has easy carry feature and it is only 3 kg. We can only use flip effect for X Banners. Flip effect is the most eye catch effect for people.<\/p>\n<p>You can visit Our <span style=\"color: #800000;\"><a style=\"color: #800000;\" href=\"https:\/\/3dadworks.com\/\/en\/indoor-outdoor-products\/3d-lenticular-bus-shelter\">Bus Stop<\/a><\/span>, <span style=\"color: #800000;\"><a style=\"color: #800000;\" href=\"https:\/\/3dadworks.com\/\/en\/indoor-outdoor-products\/3d-lenticular-billboard\">Billboard<\/a><\/span>, <span style=\"color: #800000;\"><a style=\"color: #800000;\" href=\"https:\/\/3dadworks.com\/\/en\/indoor-outdoor-products\/3d-lenticular-signboard\">Signboard<\/a><\/span>, <span style=\"color: #800000;\"><a style=\"color: #800000;\" href=\"https:\/\/3dadworks.com\/\/en\/indoor-outdoor-products\/3d-lenticular-showroom\">Showroom<\/a><\/span>, <span style=\"color: #800000;\"><a style=\"color: #800000;\" href=\"https:\/\/3dadworks.com\/\/en\/indoor-outdoor-products\/3d-lenticular-large-size-poster\">Large Size Posters<\/a><\/span>,\u00a0<span style=\"color: #800000;\"><a style=\"color: #800000;\" href=\"https:\/\/3dadworks.com\/\/en\/indoor-outdoor-products\/3d-lenticular-floor-graphic\">Floor Graphics<\/a>,<\/span> <span style=\"color: #800000;\"><a style=\"color: #800000;\" href=\"https:\/\/3dadworks.com\/\/en\/indoor-outdoor-products\/3d-lenticular-light-box\">Light Box<\/a><\/span>, Vehicle\u00a0Wraps\u00a0pages for outdoor and indoor products.<\/p>\n<p>&nbsp;<\/p>\n<p><a href=\"https:\/\/3dadworks.com\/\/wp-content\/uploads\/2016\/04\/X-Stand-Lenticular.gif\" rel=\"attachment wp-att-417\"><img decoding=\"async\" class=\"alignnone size-full wp-image-417\" src=\"https:\/\/3dadworks.com\/\/wp-content\/uploads\/2016\/04\/X-Stand-Lenticular.gif\" alt=\"X Stand Lenticular\" width=\"637\" height=\"800\" \/><\/a><\/p>\n","protected":false},"excerpt":{"rendered":"<p>We have special lenticular lens for outdoor usage and especially  [&#8230;]<\/p>\n","protected":false},"author":2,"featured_media":0,"parent":2225,"menu_order":0,"comment_status":"closed","ping_status":"closed","template":"","meta":{"footnotes":""},"class_list":["post-1624","page","type-page","status-publish","hentry"],"yoast_head":"<!-- This site is optimized with the Yoast SEO plugin v27.3 - https:\/\/yoast.com\/product\/yoast-seo-wordpress\/ -->\n<title>3D Lenticular X Banner - 3d Adworks<\/title>\n<meta name=\"robots\" content=\"index, follow, max-snippet:-1, max-image-preview:large, max-video-preview:-1\" \/>\n<link rel=\"canonical\" href=\"https:\/\/3dadworks.com\/en\/indoor-outdoor-products\/3d-lenticular-x-banner\/\" \/>\n<meta property=\"og:locale\" content=\"en_US\" \/>\n<meta property=\"og:type\" content=\"article\" \/>\n<meta property=\"og:title\" content=\"3D Lenticular X Banner - 3d Adworks\" \/>\n<meta property=\"og:description\" content=\"We have special lenticular lens for outdoor usage and especially [...]\" \/>\n<meta property=\"og:url\" content=\"https:\/\/3dadworks.com\/en\/indoor-outdoor-products\/3d-lenticular-x-banner\/\" \/>\n<meta property=\"og:site_name\" content=\"3d Adworks\" \/>\n<meta property=\"article:modified_time\" content=\"2017-03-20T09:10:25+00:00\" \/>\n<meta property=\"og:image\" content=\"https:\/\/3dadworks.com\/\/wp-content\/uploads\/2016\/04\/X-Stand-Lenticular.gif\" \/>\n<meta name=\"twitter:card\" content=\"summary_large_image\" \/>\n<meta name=\"twitter:label1\" content=\"Est. reading time\" \/>\n\t<meta name=\"twitter:data1\" content=\"1 minute\" \/>\n<script type=\"application\/ld+json\" class=\"yoast-schema-graph\">{\"@context\":\"https:\\\/\\\/schema.org\",\"@graph\":[{\"@type\":\"WebPage\",\"@id\":\"https:\\\/\\\/3dadworks.com\\\/en\\\/indoor-outdoor-products\\\/3d-lenticular-x-banner\\\/\",\"url\":\"https:\\\/\\\/3dadworks.com\\\/en\\\/indoor-outdoor-products\\\/3d-lenticular-x-banner\\\/\",\"name\":\"3D Lenticular X Banner - 3d Adworks\",\"isPartOf\":{\"@id\":\"https:\\\/\\\/3dadworks.com\\\/#website\"},\"primaryImageOfPage\":{\"@id\":\"https:\\\/\\\/3dadworks.com\\\/en\\\/indoor-outdoor-products\\\/3d-lenticular-x-banner\\\/#primaryimage\"},\"image\":{\"@id\":\"https:\\\/\\\/3dadworks.com\\\/en\\\/indoor-outdoor-products\\\/3d-lenticular-x-banner\\\/#primaryimage\"},\"thumbnailUrl\":\"https:\\\/\\\/3dadworks.com\\\/\\\/wp-content\\\/uploads\\\/2016\\\/04\\\/X-Stand-Lenticular.gif\",\"datePublished\":\"2016-09-04T17:44:51+00:00\",\"dateModified\":\"2017-03-20T09:10:25+00:00\",\"breadcrumb\":{\"@id\":\"https:\\\/\\\/3dadworks.com\\\/en\\\/indoor-outdoor-products\\\/3d-lenticular-x-banner\\\/#breadcrumb\"},\"inLanguage\":\"en-US\",\"potentialAction\":[{\"@type\":\"ReadAction\",\"target\":[\"https:\\\/\\\/3dadworks.com\\\/en\\\/indoor-outdoor-products\\\/3d-lenticular-x-banner\\\/\"]}]},{\"@type\":\"ImageObject\",\"inLanguage\":\"en-US\",\"@id\":\"https:\\\/\\\/3dadworks.com\\\/en\\\/indoor-outdoor-products\\\/3d-lenticular-x-banner\\\/#primaryimage\",\"url\":\"https:\\\/\\\/3dadworks.com\\\/\\\/wp-content\\\/uploads\\\/2016\\\/04\\\/X-Stand-Lenticular.gif\",\"contentUrl\":\"https:\\\/\\\/3dadworks.com\\\/\\\/wp-content\\\/uploads\\\/2016\\\/04\\\/X-Stand-Lenticular.gif\"},{\"@type\":\"BreadcrumbList\",\"@id\":\"https:\\\/\\\/3dadworks.com\\\/en\\\/indoor-outdoor-products\\\/3d-lenticular-x-banner\\\/#breadcrumb\",\"itemListElement\":[{\"@type\":\"ListItem\",\"position\":1,\"name\":\"Ana sayfa\",\"item\":\"https:\\\/\\\/3dadworks.com\\\/en\\\/\"},{\"@type\":\"ListItem\",\"position\":2,\"name\":\"Indoor | Outdoor Products\",\"item\":\"https:\\\/\\\/3dadworks.com\\\/en\\\/indoor-outdoor-products\\\/\"},{\"@type\":\"ListItem\",\"position\":3,\"name\":\"3D Lenticular X Banner\"}]},{\"@type\":\"WebSite\",\"@id\":\"https:\\\/\\\/3dadworks.com\\\/#website\",\"url\":\"https:\\\/\\\/3dadworks.com\\\/\",\"name\":\"3d Adworks\",\"description\":\"3D Lenticular Bask\u0131 teknolojisi ile tan\u0131\u015f\u0131n!\",\"potentialAction\":[{\"@type\":\"SearchAction\",\"target\":{\"@type\":\"EntryPoint\",\"urlTemplate\":\"https:\\\/\\\/3dadworks.com\\\/?s={search_term_string}\"},\"query-input\":{\"@type\":\"PropertyValueSpecification\",\"valueRequired\":true,\"valueName\":\"search_term_string\"}}],\"inLanguage\":\"en-US\"}]}<\/script>\n<!-- \/ Yoast SEO plugin. -->","yoast_head_json":{"title":"3D Lenticular X Banner - 3d Adworks","robots":{"index":"index","follow":"follow","max-snippet":"max-snippet:-1","max-image-preview":"max-image-preview:large","max-video-preview":"max-video-preview:-1"},"canonical":"https:\/\/3dadworks.com\/en\/indoor-outdoor-products\/3d-lenticular-x-banner\/","og_locale":"en_US","og_type":"article","og_title":"3D Lenticular X Banner - 3d Adworks","og_description":"We have special lenticular lens for outdoor usage and especially [...]","og_url":"https:\/\/3dadworks.com\/en\/indoor-outdoor-products\/3d-lenticular-x-banner\/","og_site_name":"3d Adworks","article_modified_time":"2017-03-20T09:10:25+00:00","og_image":[{"url":"https:\/\/3dadworks.com\/\/wp-content\/uploads\/2016\/04\/X-Stand-Lenticular.gif","type":"","width":"","height":""}],"twitter_card":"summary_large_image","twitter_misc":{"Est. reading time":"1 minute"},"schema":{"@context":"https:\/\/schema.org","@graph":[{"@type":"WebPage","@id":"https:\/\/3dadworks.com\/en\/indoor-outdoor-products\/3d-lenticular-x-banner\/","url":"https:\/\/3dadworks.com\/en\/indoor-outdoor-products\/3d-lenticular-x-banner\/","name":"3D Lenticular X Banner - 3d Adworks","isPartOf":{"@id":"https:\/\/3dadworks.com\/#website"},"primaryImageOfPage":{"@id":"https:\/\/3dadworks.com\/en\/indoor-outdoor-products\/3d-lenticular-x-banner\/#primaryimage"},"image":{"@id":"https:\/\/3dadworks.com\/en\/indoor-outdoor-products\/3d-lenticular-x-banner\/#primaryimage"},"thumbnailUrl":"https:\/\/3dadworks.com\/\/wp-content\/uploads\/2016\/04\/X-Stand-Lenticular.gif","datePublished":"2016-09-04T17:44:51+00:00","dateModified":"2017-03-20T09:10:25+00:00","breadcrumb":{"@id":"https:\/\/3dadworks.com\/en\/indoor-outdoor-products\/3d-lenticular-x-banner\/#breadcrumb"},"inLanguage":"en-US","potentialAction":[{"@type":"ReadAction","target":["https:\/\/3dadworks.com\/en\/indoor-outdoor-products\/3d-lenticular-x-banner\/"]}]},{"@type":"ImageObject","inLanguage":"en-US","@id":"https:\/\/3dadworks.com\/en\/indoor-outdoor-products\/3d-lenticular-x-banner\/#primaryimage","url":"https:\/\/3dadworks.com\/\/wp-content\/uploads\/2016\/04\/X-Stand-Lenticular.gif","contentUrl":"https:\/\/3dadworks.com\/\/wp-content\/uploads\/2016\/04\/X-Stand-Lenticular.gif"},{"@type":"BreadcrumbList","@id":"https:\/\/3dadworks.com\/en\/indoor-outdoor-products\/3d-lenticular-x-banner\/#breadcrumb","itemListElement":[{"@type":"ListItem","position":1,"name":"Ana sayfa","item":"https:\/\/3dadworks.com\/en\/"},{"@type":"ListItem","position":2,"name":"Indoor | Outdoor Products","item":"https:\/\/3dadworks.com\/en\/indoor-outdoor-products\/"},{"@type":"ListItem","position":3,"name":"3D Lenticular X Banner"}]},{"@type":"WebSite","@id":"https:\/\/3dadworks.com\/#website","url":"https:\/\/3dadworks.com\/","name":"3d Adworks","description":"3D Lenticular Bask\u0131 teknolojisi ile tan\u0131\u015f\u0131n!","potentialAction":[{"@type":"SearchAction","target":{"@type":"EntryPoint","urlTemplate":"https:\/\/3dadworks.com\/?s={search_term_string}"},"query-input":{"@type":"PropertyValueSpecification","valueRequired":true,"valueName":"search_term_string"}}],"inLanguage":"en-US"}]}},"_links":{"self":[{"href":"https:\/\/3dadworks.com\/en\/wp-json\/wp\/v2\/pages\/1624","targetHints":{"allow":["GET"]}}],"collection":[{"href":"https:\/\/3dadworks.com\/en\/wp-json\/wp\/v2\/pages"}],"about":[{"href":"https:\/\/3dadworks.com\/en\/wp-json\/wp\/v2\/types\/page"}],"author":[{"embeddable":true,"href":"https:\/\/3dadworks.com\/en\/wp-json\/wp\/v2\/users\/2"}],"replies":[{"embeddable":true,"href":"https:\/\/3dadworks.com\/en\/wp-json\/wp\/v2\/comments?post=1624"}],"version-history":[{"count":0,"href":"https:\/\/3dadworks.com\/en\/wp-json\/wp\/v2\/pages\/1624\/revisions"}],"up":[{"embeddable":true,"href":"https:\/\/3dadworks.com\/en\/wp-json\/wp\/v2\/pages\/2225"}],"wp:attachment":[{"href":"https:\/\/3dadworks.com\/en\/wp-json\/wp\/v2\/media?parent=1624"}],"curies":[{"name":"wp","href":"https:\/\/api.w.org\/{rel}","templated":true}]}}