{"id":2225,"date":"2016-09-25T15:47:34","date_gmt":"2016-09-25T12:47:34","guid":{"rendered":"https:\/\/3dadworks.com\/\/?page_id=2225"},"modified":"2017-03-20T12:09:07","modified_gmt":"2017-03-20T09:09:07","slug":"indoor-outdoor-products","status":"publish","type":"page","link":"https:\/\/3dadworks.com\/en\/indoor-outdoor-products\/","title":{"rendered":"Indoor | Outdoor Products"},"content":{"rendered":"<p><div class=\"fusion-fullwidth fullwidth-box fusion-builder-row-1 nonhundred-percent-fullwidth non-hundred-percent-height-scrolling\" style=\"--awb-background-position:left top;--awb-border-radius-top-left:0px;--awb-border-radius-top-right:0px;--awb-border-radius-bottom-right:0px;--awb-border-radius-bottom-left:0px;--awb-padding-top:20px;--awb-padding-bottom:20px;--awb-border-sizes-top:0px;--awb-border-sizes-bottom:0px;--awb-flex-wrap:wrap;\" ><div class=\"fusion-builder-row fusion-row\"><div class=\"fusion-layout-column fusion_builder_column fusion-builder-column-0 fusion_builder_column_1_1 1_1 fusion-one-full fusion-column-first fusion-column-last fusion-column-no-min-height\" style=\"--awb-bg-size:cover;--awb-margin-bottom:0px;\"><div class=\"fusion-column-wrapper fusion-flex-column-wrapper-legacy\"><div class=\"fusion-content-boxes content-boxes columns row fusion-columns-4 fusion-columns-total-4 fusion-content-boxes-1 content-boxes-icon-boxed content-left\" style=\"--awb-backgroundcolor:#e5e5e5;--awb-body-color:#000000;--awb-iconcolor:#ffffff;--awb-hover-accent-color:#dd3333;--awb-circle-hover-accent-color:#dd3333;\" data-animationOffset=\"top-into-view\"><div style=\"--awb-backgroundcolor:#e5e5e5;--awb-iconcolor:#ffffff;\" class=\"fusion-column content-box-column content-box-column content-box-column-1 col-lg-3 col-md-3 col-sm-3 fusion-content-box-hover content-box-column-first-in-row\"><div class=\"col content-box-wrapper content-wrapper-background content-wrapper-boxed link-area-link-icon link-type-button icon-hover-animation-slide\" data-animationOffset=\"top-into-view\"><div class=\"heading heading-with-icon icon-left\"><a class=\"heading-link\" href=\"https:\/\/3dadworks.com\/\/en\/indoor-outdoor-products\/3d-lenticular-bus-shelter\" target=\"_self\"><div class=\"icon\"><i style=\"border-color:#bfbfbf;border-width:1px;background-color:#000000;box-sizing:content-box;height:60px;width:60px;line-height:60px;top:-80px;margin-left:-30px;border-radius:5px;font-size:30px;\" aria-hidden=\"true\" class=\"fontawesome-icon fa fa-bus circle-yes\"><\/i><\/div><h2 class=\"content-box-heading\" style=\"--h2_typography-font-size:33px;line-height:38px;\">Bus Shelter<\/h2><\/a><\/div><div class=\"fusion-clearfix\"><\/div><div class=\"content-container\">3D Lenticular bus shelter brought 5 times more to the attention for the\u00a0bus stops.<\/div><div class=\"fusion-clearfix\"><\/div><a class=\"fusion-read-more-button fusion-content-box-button fusion-button button-default fusion-button-default-size button- button-flat\" href=\"https:\/\/3dadworks.com\/\/en\/indoor-outdoor-products\/3d-lenticular-bus-shelter\" target=\"_self\"><span class=\"fusion-button-text\">Bus Shelter<\/span><\/a><div class=\"fusion-clearfix\"><\/div><\/div><\/div><div style=\"--awb-backgroundcolor:#e5e5e5;--awb-iconcolor:#ffffff;\" class=\"fusion-column content-box-column content-box-column content-box-column-2 col-lg-3 col-md-3 col-sm-3 fusion-content-box-hover \"><div class=\"col content-box-wrapper content-wrapper-background content-wrapper-boxed link-area-link-icon link-type-button icon-hover-animation-slide\" data-animationOffset=\"top-into-view\"><div class=\"heading heading-with-icon icon-left\"><a class=\"heading-link\" href=\"https:\/\/3dadworks.com\/\/en\/indoor-outdoor-products\/3d-lenticular-light-box\" target=\"_self\"><div class=\"icon\"><i style=\"border-color:#bfbfbf;border-width:1px;background-color:#dd3333;box-sizing:content-box;height:60px;width:60px;line-height:60px;top:-80px;margin-left:-30px;border-radius:5px;font-size:30px;\" aria-hidden=\"true\" class=\"fontawesome-icon fa fa-columns circle-yes\"><\/i><\/div><h2 class=\"content-box-heading\" style=\"--h2_typography-font-size:33px;line-height:38px;\">3D LIGHT BOX (CLP)<\/h2><\/a><\/div><div class=\"fusion-clearfix\"><\/div><div class=\"content-container\">3D Light Box (CLP)\u00a0can perform multiple product presentation with excellent changes in limited\u00a0areas.<\/div><div class=\"fusion-clearfix\"><\/div><a class=\"fusion-read-more-button fusion-content-box-button fusion-button button-default fusion-button-default-size button- button-flat\" href=\"https:\/\/3dadworks.com\/\/en\/indoor-outdoor-products\/3d-lenticular-light-box\" target=\"_self\"><span class=\"fusion-button-text\">3D LIGHT BOX<\/span><\/a><div class=\"fusion-clearfix\"><\/div><\/div><\/div><div style=\"--awb-backgroundcolor:#e5e5e5;--awb-iconcolor:#ffffff;\" class=\"fusion-column content-box-column content-box-column content-box-column-3 col-lg-3 col-md-3 col-sm-3 fusion-content-box-hover \"><div class=\"col content-box-wrapper content-wrapper-background content-wrapper-boxed link-area-link-icon link-type-button icon-hover-animation-slide\" data-animationOffset=\"top-into-view\"><div class=\"heading heading-with-icon icon-left\"><a class=\"heading-link\" href=\"https:\/\/3dadworks.com\/\/en\/indoor-outdoor-products\/3d-lenticular-billboard\" target=\"_self\"><div class=\"icon\"><i style=\"border-color:#bfbfbf;border-width:1px;background-color:#000000;box-sizing:content-box;height:60px;width:60px;line-height:60px;top:-80px;margin-left:-30px;border-radius:5px;font-size:30px;\" aria-hidden=\"true\" class=\"fontawesome-icon fa fa-desktop circle-yes\"><\/i><\/div><h2 class=\"content-box-heading\" style=\"--h2_typography-font-size:33px;line-height:38px;\">Billboard<\/h2><\/a><\/div><div class=\"fusion-clearfix\"><\/div><div class=\"content-container\">You can combine 3D Lenticular products in\u00a0gigantic sizes. Billboards are the most appropriate use for 3D effect.<\/div><div class=\"fusion-clearfix\"><\/div><a class=\"fusion-read-more-button fusion-content-box-button fusion-button button-default fusion-button-default-size button- button-flat\" href=\"https:\/\/3dadworks.com\/\/en\/indoor-outdoor-products\/3d-lenticular-billboard\" target=\"_self\"><span class=\"fusion-button-text\">BILLBOARD<\/span><\/a><div class=\"fusion-clearfix\"><\/div><\/div><\/div><div style=\"--awb-backgroundcolor:#e5e5e5;--awb-iconcolor:#ffffff;\" class=\"fusion-column content-box-column content-box-column content-box-column-4 col-lg-3 col-md-3 col-sm-3 fusion-content-box-hover content-box-column-last content-box-column-last-in-row\"><div class=\"col content-box-wrapper content-wrapper-background content-wrapper-boxed link-area-link-icon link-type-button icon-hover-animation-slide\" data-animationOffset=\"top-into-view\"><div class=\"heading heading-with-icon icon-left\"><a class=\"heading-link\" href=\"https:\/\/3dadworks.com\/\/en\/indoor-outdoor-products\/3d-lenticular-signboard\" target=\"_self\"><div class=\"icon\"><i style=\"border-color:#bfbfbf;border-width:1px;background-color:#dd3333;box-sizing:content-box;height:60px;width:60px;line-height:60px;top:-80px;margin-left:-30px;border-radius:5px;font-size:30px;\" aria-hidden=\"true\" class=\"fontawesome-icon fa fa-calendar-o circle-yes\"><\/i><\/div><h2 class=\"content-box-heading\" style=\"--h2_typography-font-size:33px;line-height:38px;\">Sign Board<\/h2><\/a><\/div><div class=\"fusion-clearfix\"><\/div><div class=\"content-container\">Move your sign boards into\u00a0\u00a0third dimension technology by 3D Lenticular products.<\/div><div class=\"fusion-clearfix\"><\/div><a class=\"fusion-read-more-button fusion-content-box-button fusion-button button-default fusion-button-default-size button- button-flat\" href=\"https:\/\/3dadworks.com\/\/en\/indoor-outdoor-products\/3d-lenticular-signboard\" target=\"_self\"><span class=\"fusion-button-text\">SIGN BOARD<\/span><\/a><div class=\"fusion-clearfix\"><\/div><\/div><\/div><div class=\"fusion-clearfix\"><\/div><\/div><div class=\"fusion-clearfix\"><\/div><\/div><\/div><\/div><\/div><div class=\"fusion-fullwidth fullwidth-box fusion-builder-row-2 nonhundred-percent-fullwidth non-hundred-percent-height-scrolling\" style=\"--awb-background-position:left top;--awb-border-radius-top-left:0px;--awb-border-radius-top-right:0px;--awb-border-radius-bottom-right:0px;--awb-border-radius-bottom-left:0px;--awb-padding-top:20px;--awb-padding-bottom:20px;--awb-border-sizes-top:0px;--awb-border-sizes-bottom:0px;--awb-flex-wrap:wrap;\" ><div class=\"fusion-builder-row fusion-row\"><div class=\"fusion-layout-column fusion_builder_column fusion-builder-column-1 fusion_builder_column_1_1 1_1 fusion-one-full fusion-column-first fusion-column-last fusion-column-no-min-height\" style=\"--awb-bg-size:cover;--awb-margin-bottom:0px;\"><div class=\"fusion-column-wrapper fusion-flex-column-wrapper-legacy\"><div class=\"fusion-content-boxes content-boxes columns row fusion-columns-4 fusion-columns-total-4 fusion-content-boxes-2 content-boxes-icon-boxed content-left\" style=\"--awb-backgroundcolor:#e5e5e5;--awb-body-color:#000000;--awb-iconcolor:#ffffff;--awb-hover-accent-color:#dd3333;--awb-circle-hover-accent-color:#dd3333;\" data-animationOffset=\"top-into-view\"><div style=\"--awb-backgroundcolor:#e5e5e5;--awb-iconcolor:#ffffff;\" class=\"fusion-column content-box-column content-box-column content-box-column-1 col-lg-3 col-md-3 col-sm-3 fusion-content-box-hover content-box-column-first-in-row\"><div class=\"col content-box-wrapper content-wrapper-background content-wrapper-boxed link-area-link-icon link-type-button icon-hover-animation-slide\" data-animationOffset=\"top-into-view\"><div class=\"heading heading-with-icon icon-left\"><a class=\"heading-link\" href=\"https:\/\/3dadworks.com\/\/en\/indoor-outdoor-products\/3d-lenticular-showroom\" target=\"_self\"><div class=\"icon\"><i style=\"border-color:#bfbfbf;border-width:1px;background-color:#dd3333;box-sizing:content-box;height:60px;width:60px;line-height:60px;top:-80px;margin-left:-30px;border-radius:5px;font-size:30px;\" aria-hidden=\"true\" class=\"fontawesome-icon fa fa-th circle-yes\"><\/i><\/div><h2 class=\"content-box-heading\" style=\"--h2_typography-font-size:33px;line-height:38px;\">3D Showroom<\/h2><\/a><\/div><div class=\"fusion-clearfix\"><\/div><div class=\"content-container\">3D Lenticular products can convert your showroom into magical space.<\/div><div class=\"fusion-clearfix\"><\/div><a class=\"fusion-read-more-button fusion-content-box-button fusion-button button-default fusion-button-default-size button- button-flat\" href=\"https:\/\/3dadworks.com\/\/en\/indoor-outdoor-products\/3d-lenticular-showroom\" target=\"_self\"><span class=\"fusion-button-text\">3D SHOWROOM<\/span><\/a><div class=\"fusion-clearfix\"><\/div><\/div><\/div><div style=\"--awb-backgroundcolor:#e5e5e5;--awb-iconcolor:#ffffff;\" class=\"fusion-column content-box-column content-box-column content-box-column-2 col-lg-3 col-md-3 col-sm-3 fusion-content-box-hover \"><div class=\"col content-box-wrapper content-wrapper-background content-wrapper-boxed link-area-link-icon link-type-button icon-hover-animation-slide\" data-animationOffset=\"top-into-view\"><div class=\"heading heading-with-icon icon-left\"><a class=\"heading-link\" href=\"https:\/\/3dadworks.com\/\/en\/indoor-outdoor-products\/3d-lenticular-vehicle-wraps\" target=\"_self\"><div class=\"icon\"><i style=\"border-color:#bfbfbf;border-width:1px;background-color:#000000;box-sizing:content-box;height:60px;width:60px;line-height:60px;top:-80px;margin-left:-30px;border-radius:5px;font-size:30px;\" aria-hidden=\"true\" class=\"fontawesome-icon fa fa-car circle-yes\"><\/i><\/div><h2 class=\"content-box-heading\" style=\"--h2_typography-font-size:33px;line-height:38px;\">Vehicle Wrapping<\/h2><\/a><\/div><div class=\"fusion-clearfix\"><\/div><div class=\"content-container\">3D Car Wrapping System can display limited animation in the flat surface\u00a0of your vehicle.<\/div><div class=\"fusion-clearfix\"><\/div><a class=\"fusion-read-more-button fusion-content-box-button fusion-button button-default fusion-button-default-size button- button-flat\" href=\"https:\/\/3dadworks.com\/\/en\/indoor-outdoor-products\/3d-lenticular-vehicle-wraps\" target=\"_self\"><span class=\"fusion-button-text\">3D Vehicle Wrapping<\/span><\/a><div class=\"fusion-clearfix\"><\/div><\/div><\/div><div style=\"--awb-backgroundcolor:#e5e5e5;--awb-iconcolor:#ffffff;\" class=\"fusion-column content-box-column content-box-column content-box-column-3 col-lg-3 col-md-3 col-sm-3 fusion-content-box-hover \"><div class=\"col content-box-wrapper content-wrapper-background content-wrapper-boxed link-area-link-icon link-type-button icon-hover-animation-slide\" data-animationOffset=\"top-into-view\"><div class=\"heading heading-with-icon icon-left\"><a class=\"heading-link\" href=\"https:\/\/3dadworks.com\/\/en\/indoor-outdoor-products\/3d-lenticular-large-size-poster\" target=\"_self\"><div class=\"icon\"><i style=\"border-color:#bfbfbf;border-width:1px;background-color:#dd3333;box-sizing:content-box;height:60px;width:60px;line-height:60px;top:-80px;margin-left:-30px;border-radius:5px;font-size:30px;\" aria-hidden=\"true\" class=\"fontawesome-icon fa fa-th-large circle-yes\"><\/i><\/div><h2 class=\"content-box-heading\" style=\"--h2_typography-font-size:33px;line-height:38px;\">Large Size Poster<\/h2><\/a><\/div><div class=\"fusion-clearfix\"><\/div><div class=\"content-container\">125&#215;250 cm. lenticular sheet\u00a0printing capacity.<\/div><div class=\"fusion-clearfix\"><\/div><a class=\"fusion-read-more-button fusion-content-box-button fusion-button button-default fusion-button-default-size button- button-flat\" href=\"https:\/\/3dadworks.com\/\/en\/indoor-outdoor-products\/3d-lenticular-large-size-poster\" target=\"_self\"><span class=\"fusion-button-text\">3D Large Size Poster<\/span><\/a><div class=\"fusion-clearfix\"><\/div><\/div><\/div><div style=\"--awb-backgroundcolor:#e5e5e5;--awb-iconcolor:#ffffff;\" class=\"fusion-column content-box-column content-box-column content-box-column-4 col-lg-3 col-md-3 col-sm-3 fusion-content-box-hover content-box-column-last content-box-column-last-in-row\"><div class=\"col content-box-wrapper content-wrapper-background content-wrapper-boxed link-area-link-icon link-type-button icon-hover-animation-slide\" data-animationOffset=\"top-into-view\"><div class=\"heading heading-with-icon icon-left\"><a class=\"heading-link\" href=\"https:\/\/3dadworks.com\/\/en\/indoor-outdoor-products\/3d-lenticular-floor-graphic\" target=\"_self\"><div class=\"icon\"><i style=\"border-color:#bfbfbf;border-width:1px;background-color:#000000;box-sizing:content-box;height:60px;width:60px;line-height:60px;top:-80px;margin-left:-30px;border-radius:5px;font-size:30px;\" aria-hidden=\"true\" class=\"fontawesome-icon fa fa-road circle-yes\"><\/i><\/div><h2 class=\"content-box-heading\" style=\"--h2_typography-font-size:33px;line-height:38px;\">Floor Graphic<\/h2><\/a><\/div><div class=\"fusion-clearfix\"><\/div><div class=\"content-container\">Effective solutions for short-term use with true 3D\u00a0flooring systems.<\/div><div class=\"fusion-clearfix\"><\/div><a class=\"fusion-read-more-button fusion-content-box-button fusion-button button-default fusion-button-default-size button- button-flat\" href=\"https:\/\/3dadworks.com\/\/en\/indoor-outdoor-products\/3d-lenticular-floor-graphic\" target=\"_self\"><span class=\"fusion-button-text\">3D Floor Graphic<\/span><\/a><div class=\"fusion-clearfix\"><\/div><\/div><\/div><div class=\"fusion-clearfix\"><\/div><\/div><div class=\"fusion-clearfix\"><\/div><\/div><\/div><\/div><\/div><div class=\"fusion-fullwidth fullwidth-box fusion-builder-row-3 nonhundred-percent-fullwidth non-hundred-percent-height-scrolling\" style=\"--awb-background-position:left top;--awb-border-radius-top-left:0px;--awb-border-radius-top-right:0px;--awb-border-radius-bottom-right:0px;--awb-border-radius-bottom-left:0px;--awb-padding-top:20px;--awb-padding-bottom:20px;--awb-border-sizes-top:0px;--awb-border-sizes-bottom:0px;--awb-flex-wrap:wrap;\" ><div class=\"fusion-builder-row fusion-row\"><div class=\"fusion-layout-column fusion_builder_column fusion-builder-column-2 fusion_builder_column_1_1 1_1 fusion-one-full fusion-column-first fusion-column-last fusion-column-no-min-height\" style=\"--awb-bg-size:cover;--awb-margin-bottom:0px;\"><div class=\"fusion-column-wrapper fusion-flex-column-wrapper-legacy\"><div class=\"fusion-content-boxes content-boxes columns row fusion-columns-4 fusion-columns-total-3 fusion-content-boxes-3 content-boxes-icon-boxed content-left\" style=\"--awb-backgroundcolor:#e5e5e5;--awb-body-color:#000000;--awb-iconcolor:#ffffff;--awb-hover-accent-color:#dd3333;--awb-circle-hover-accent-color:#dd3333;\" data-animationOffset=\"top-into-view\"><div style=\"--awb-backgroundcolor:#e5e5e5;--awb-iconcolor:#ffffff;\" class=\"fusion-column content-box-column content-box-column content-box-column-1 col-lg-3 col-md-3 col-sm-3 fusion-content-box-hover content-box-column-first-in-row\"><div class=\"col content-box-wrapper content-wrapper-background content-wrapper-boxed link-area-link-icon link-type-button icon-hover-animation-slide\" data-animationOffset=\"top-into-view\"><div class=\"heading heading-with-icon icon-left\"><a class=\"heading-link\" href=\"https:\/\/3dadworks.com\/\/en\/indoor-outdoor-products\/3d-lenticular-x-banner\" target=\"_self\"><div class=\"icon\"><i style=\"border-color:#bfbfbf;border-width:1px;background-color:#000000;box-sizing:content-box;height:60px;width:60px;line-height:60px;top:-80px;margin-left:-30px;border-radius:5px;font-size:30px;\" aria-hidden=\"true\" class=\"fontawesome-icon fa fa-times circle-yes\"><\/i><\/div><h2 class=\"content-box-heading\" style=\"--h2_typography-font-size:33px;line-height:38px;\">3D X Banner<\/h2><\/a><\/div><div class=\"fusion-clearfix\"><\/div><div class=\"content-container\">3D Lenticular X Banner You might perform multiple product offerings with flip effect.<\/div><div class=\"fusion-clearfix\"><\/div><a class=\"fusion-read-more-button fusion-content-box-button fusion-button button-default fusion-button-default-size button- button-flat\" href=\"https:\/\/3dadworks.com\/\/en\/indoor-outdoor-products\/3d-lenticular-x-banner\" target=\"_self\"><span class=\"fusion-button-text\">3D X Banner<\/span><\/a><div class=\"fusion-clearfix\"><\/div><\/div><\/div><div style=\"--awb-backgroundcolor:#e5e5e5;--awb-iconcolor:#ffffff;\" class=\"fusion-column content-box-column content-box-column content-box-column-2 col-lg-3 col-md-3 col-sm-3 fusion-content-box-hover \"><div class=\"col content-box-wrapper content-wrapper-background content-wrapper-boxed link-area-link-icon icon-hover-animation-slide\" data-animationOffset=\"top-into-view\"><div class=\"heading heading-with-icon icon-left\"><div class=\"icon\"><i style=\"border-color:#bfbfbf;border-width:1px;background-color:#dd3333;box-sizing:content-box;height:60px;width:60px;line-height:60px;top:-80px;margin-left:-30px;border-radius:5px;font-size:30px;\" aria-hidden=\"true\" class=\"fontawesome-icon fa fa-info-circle circle-yes\"><\/i><\/div><h2 class=\"content-box-heading\" style=\"--h2_typography-font-size:33px;line-height:38px;\">Exhibition Fair<\/h2><\/div><div class=\"fusion-clearfix\"><\/div><div class=\"content-container\">3D Lenticular can attract more visitors to the exhibition stand with visuality.<\/div><\/div><\/div><div style=\"--awb-backgroundcolor:#e5e5e5;--awb-iconcolor:#ffffff;\" class=\"fusion-column content-box-column content-box-column content-box-column-3 col-lg-3 col-md-3 col-sm-3 fusion-content-box-hover content-box-column-last\"><div class=\"col content-box-wrapper content-wrapper-background content-wrapper-boxed link-area-link-icon link-type-button icon-hover-animation-slide\" data-animationOffset=\"top-into-view\"><div class=\"heading heading-with-icon icon-left\"><a class=\"heading-link\" href=\"https:\/\/3dadworks.com\/\/en\/indoor-outdoor-products\/3d-artworks\" target=\"_self\"><div class=\"icon\"><i style=\"border-color:#bfbfbf;border-width:1px;background-color:#000000;box-sizing:content-box;height:60px;width:60px;line-height:60px;top:-80px;margin-left:-30px;border-radius:5px;font-size:30px;\" aria-hidden=\"true\" class=\"fontawesome-icon fa fa-connectdevelop circle-yes\"><\/i><\/div><h2 class=\"content-box-heading\" style=\"--h2_typography-font-size:33px;line-height:38px;\">Artworks<\/h2><\/a><\/div><div class=\"fusion-clearfix\"><\/div><div class=\"content-container\">Push your boundaries by 3D Lenticular products.<\/div><div class=\"fusion-clearfix\"><\/div><a class=\"fusion-read-more-button fusion-content-box-button fusion-button button-default fusion-button-default-size button- button-flat\" href=\"https:\/\/3dadworks.com\/\/en\/indoor-outdoor-products\/3d-artworks\" target=\"_self\"><span class=\"fusion-button-text\">3D Artworks<\/span><\/a><div class=\"fusion-clearfix\"><\/div><\/div><\/div><div class=\"fusion-clearfix\"><\/div><\/div><div class=\"fusion-clearfix\"><\/div><\/div><\/div><\/div><\/div><\/p>\n","protected":false},"excerpt":{"rendered":"","protected":false},"author":2,"featured_media":0,"parent":0,"menu_order":0,"comment_status":"closed","ping_status":"closed","template":"","meta":{"footnotes":""},"class_list":["post-2225","page","type-page","status-publish","hentry"],"yoast_head":"<!-- This site is optimized with the Yoast SEO plugin v27.3 - https:\/\/yoast.com\/product\/yoast-seo-wordpress\/ -->\n<title>Indoor | Outdoor Products - 3d Adworks<\/title>\n<meta name=\"robots\" content=\"index, follow, max-snippet:-1, max-image-preview:large, max-video-preview:-1\" \/>\n<link rel=\"canonical\" href=\"https:\/\/3dadworks.com\/en\/indoor-outdoor-products\/\" \/>\n<meta property=\"og:locale\" content=\"en_US\" \/>\n<meta property=\"og:type\" content=\"article\" \/>\n<meta property=\"og:title\" content=\"Indoor | Outdoor Products - 3d Adworks\" \/>\n<meta property=\"og:url\" content=\"https:\/\/3dadworks.com\/en\/indoor-outdoor-products\/\" \/>\n<meta property=\"og:site_name\" content=\"3d Adworks\" \/>\n<meta property=\"article:modified_time\" content=\"2017-03-20T09:09:07+00:00\" \/>\n<meta name=\"twitter:card\" content=\"summary_large_image\" \/>\n<meta name=\"twitter:label1\" content=\"Est. reading time\" \/>\n\t<meta name=\"twitter:data1\" content=\"7 minutes\" \/>\n<script type=\"application\/ld+json\" class=\"yoast-schema-graph\">{\"@context\":\"https:\\\/\\\/schema.org\",\"@graph\":[{\"@type\":\"WebPage\",\"@id\":\"https:\\\/\\\/3dadworks.com\\\/en\\\/indoor-outdoor-products\\\/\",\"url\":\"https:\\\/\\\/3dadworks.com\\\/en\\\/indoor-outdoor-products\\\/\",\"name\":\"Indoor | Outdoor Products - 3d Adworks\",\"isPartOf\":{\"@id\":\"https:\\\/\\\/3dadworks.com\\\/#website\"},\"datePublished\":\"2016-09-25T12:47:34+00:00\",\"dateModified\":\"2017-03-20T09:09:07+00:00\",\"breadcrumb\":{\"@id\":\"https:\\\/\\\/3dadworks.com\\\/en\\\/indoor-outdoor-products\\\/#breadcrumb\"},\"inLanguage\":\"en-US\",\"potentialAction\":[{\"@type\":\"ReadAction\",\"target\":[\"https:\\\/\\\/3dadworks.com\\\/en\\\/indoor-outdoor-products\\\/\"]}]},{\"@type\":\"BreadcrumbList\",\"@id\":\"https:\\\/\\\/3dadworks.com\\\/en\\\/indoor-outdoor-products\\\/#breadcrumb\",\"itemListElement\":[{\"@type\":\"ListItem\",\"position\":1,\"name\":\"Ana sayfa\",\"item\":\"https:\\\/\\\/3dadworks.com\\\/en\\\/\"},{\"@type\":\"ListItem\",\"position\":2,\"name\":\"Indoor | Outdoor Products\"}]},{\"@type\":\"WebSite\",\"@id\":\"https:\\\/\\\/3dadworks.com\\\/#website\",\"url\":\"https:\\\/\\\/3dadworks.com\\\/\",\"name\":\"3d Adworks\",\"description\":\"3D Lenticular Bask\u0131 teknolojisi ile tan\u0131\u015f\u0131n!\",\"potentialAction\":[{\"@type\":\"SearchAction\",\"target\":{\"@type\":\"EntryPoint\",\"urlTemplate\":\"https:\\\/\\\/3dadworks.com\\\/?s={search_term_string}\"},\"query-input\":{\"@type\":\"PropertyValueSpecification\",\"valueRequired\":true,\"valueName\":\"search_term_string\"}}],\"inLanguage\":\"en-US\"}]}<\/script>\n<!-- \/ Yoast SEO plugin. -->","yoast_head_json":{"title":"Indoor | Outdoor Products - 3d Adworks","robots":{"index":"index","follow":"follow","max-snippet":"max-snippet:-1","max-image-preview":"max-image-preview:large","max-video-preview":"max-video-preview:-1"},"canonical":"https:\/\/3dadworks.com\/en\/indoor-outdoor-products\/","og_locale":"en_US","og_type":"article","og_title":"Indoor | Outdoor Products - 3d Adworks","og_url":"https:\/\/3dadworks.com\/en\/indoor-outdoor-products\/","og_site_name":"3d Adworks","article_modified_time":"2017-03-20T09:09:07+00:00","twitter_card":"summary_large_image","twitter_misc":{"Est. reading time":"7 minutes"},"schema":{"@context":"https:\/\/schema.org","@graph":[{"@type":"WebPage","@id":"https:\/\/3dadworks.com\/en\/indoor-outdoor-products\/","url":"https:\/\/3dadworks.com\/en\/indoor-outdoor-products\/","name":"Indoor | Outdoor Products - 3d Adworks","isPartOf":{"@id":"https:\/\/3dadworks.com\/#website"},"datePublished":"2016-09-25T12:47:34+00:00","dateModified":"2017-03-20T09:09:07+00:00","breadcrumb":{"@id":"https:\/\/3dadworks.com\/en\/indoor-outdoor-products\/#breadcrumb"},"inLanguage":"en-US","potentialAction":[{"@type":"ReadAction","target":["https:\/\/3dadworks.com\/en\/indoor-outdoor-products\/"]}]},{"@type":"BreadcrumbList","@id":"https:\/\/3dadworks.com\/en\/indoor-outdoor-products\/#breadcrumb","itemListElement":[{"@type":"ListItem","position":1,"name":"Ana sayfa","item":"https:\/\/3dadworks.com\/en\/"},{"@type":"ListItem","position":2,"name":"Indoor | Outdoor Products"}]},{"@type":"WebSite","@id":"https:\/\/3dadworks.com\/#website","url":"https:\/\/3dadworks.com\/","name":"3d Adworks","description":"3D Lenticular Bask\u0131 teknolojisi ile tan\u0131\u015f\u0131n!","potentialAction":[{"@type":"SearchAction","target":{"@type":"EntryPoint","urlTemplate":"https:\/\/3dadworks.com\/?s={search_term_string}"},"query-input":{"@type":"PropertyValueSpecification","valueRequired":true,"valueName":"search_term_string"}}],"inLanguage":"en-US"}]}},"_links":{"self":[{"href":"https:\/\/3dadworks.com\/en\/wp-json\/wp\/v2\/pages\/2225","targetHints":{"allow":["GET"]}}],"collection":[{"href":"https:\/\/3dadworks.com\/en\/wp-json\/wp\/v2\/pages"}],"about":[{"href":"https:\/\/3dadworks.com\/en\/wp-json\/wp\/v2\/types\/page"}],"author":[{"embeddable":true,"href":"https:\/\/3dadworks.com\/en\/wp-json\/wp\/v2\/users\/2"}],"replies":[{"embeddable":true,"href":"https:\/\/3dadworks.com\/en\/wp-json\/wp\/v2\/comments?post=2225"}],"version-history":[{"count":0,"href":"https:\/\/3dadworks.com\/en\/wp-json\/wp\/v2\/pages\/2225\/revisions"}],"wp:attachment":[{"href":"https:\/\/3dadworks.com\/en\/wp-json\/wp\/v2\/media?parent=2225"}],"curies":[{"name":"wp","href":"https:\/\/api.w.org\/{rel}","templated":true}]}}