{"id":3469,"date":"2020-11-30T13:33:27","date_gmt":"2020-11-30T10:33:27","guid":{"rendered":"https:\/\/3dadworks.com\/voordelen-3d-lenticulair\/"},"modified":"2020-11-30T14:34:34","modified_gmt":"2020-11-30T11:34:34","slug":"voordelen-3d-lenticulair","status":"publish","type":"page","link":"https:\/\/3dadworks.com\/nl\/voordelen-3d-lenticulair\/","title":{"rendered":"Voordelen 3D lenticulair"},"content":{"rendered":"<div class=\"fusion-fullwidth fullwidth-box fusion-builder-row-1 hundred-percent-fullwidth non-hundred-percent-height-scrolling\" style=\"--awb-border-radius-top-left:0px;--awb-border-radius-top-right:0px;--awb-border-radius-bottom-right:0px;--awb-border-radius-bottom-left:0px;--awb-overflow:visible;--awb-flex-wrap:wrap;\" ><div class=\"fusion-builder-row fusion-row\"><div class=\"fusion-layout-column fusion_builder_column fusion-builder-column-0 fusion_builder_column_1_1 1_1 fusion-one-full fusion-column-first fusion-column-last fusion-column-no-min-height\" style=\"--awb-bg-size:cover;--awb-margin-bottom:0px;\"><div class=\"fusion-column-wrapper fusion-flex-column-wrapper-legacy\"><div class=\"fusion-title title fusion-title-1 fusion-title-center fusion-title-text fusion-title-size-three\" style=\"--awb-margin-top-small:10px;--awb-margin-right-small:0px;--awb-margin-bottom-small:10px;--awb-margin-left-small:0px;--awb-sep-color:#ff0000;\"><div class=\"title-sep-container title-sep-container-left\"><div class=\"title-sep sep-double sep-solid\" style=\"border-color:#ff0000;\"><\/div><\/div><span class=\"awb-title-spacer\"><\/span><h3 class=\"fusion-title-heading title-heading-center\" style=\"margin:0;\"><p style=\"text-align: center;\"><strong>Voordelen 3D lenticulair<\/strong><\/p><\/h3><span class=\"awb-title-spacer\"><\/span><div class=\"title-sep-container title-sep-container-right\"><div class=\"title-sep sep-double sep-solid\" style=\"border-color:#ff0000;\"><\/div><\/div><\/div><div class=\"fusion-clearfix\"><\/div><\/div><\/div><div class=\"fusion-layout-column fusion_builder_column fusion-builder-column-1 fusion_builder_column_1_1 1_1 fusion-one-full fusion-column-first fusion-column-last fusion-column-no-min-height\" style=\"--awb-bg-size:cover;--awb-margin-bottom:0px;\"><div class=\"fusion-column-wrapper fusion-flex-column-wrapper-legacy\"><div class=\"fusion-content-boxes content-boxes columns row fusion-columns-2 fusion-columns-total-2 fusion-content-boxes-1 content-boxes-icon-on-top content-left\" style=\"--awb-backgroundcolor:#f2f2f2;--awb-title-color:#191919;--awb-iconcolor:#ffffff;--awb-hover-accent-color:#ff0000;--awb-circle-hover-accent-color:#ff0000;\" data-animationOffset=\"top-into-view\"><div style=\"--awb-backgroundcolor:#f2f2f2;--awb-iconcolor:#ffffff;\" class=\"fusion-column content-box-column content-box-column content-box-column-1 col-lg-6 col-md-6 col-sm-6 fusion-content-box-hover content-box-column-first-in-row\"><div class=\"col content-box-wrapper content-wrapper-background link-area-link-icon icon-hover-animation-fade\" data-animationOffset=\"top-into-view\"><div class=\"heading heading-with-icon icon-left\"><div class=\"icon\"><i style=\"border-color:#333333;border-width:1px;background-color:#000000;box-sizing:content-box;height:90px;width:90px;line-height:90px;border-radius:50%;font-size:45px;\" aria-hidden=\"true\" class=\"fontawesome-icon fa fa-lightbulb-o circle-yes\"><\/i><\/div><h2 class=\"content-box-heading\" style=\"--h2_typography-font-size:33px;line-height:38px;\">EFFECT<\/h2><\/div><div class=\"fusion-clearfix\"><\/div><div class=\"content-container\">Het effect van lenticulair printen is een illusie die veranderingen en\/of diepte weergeven. Door gebruik te maken van de juiste effecten legt u de focus op de juiste plek, waarbij deze extra onder de aandacht gebracht wordt bij uw klanten. Het 3D effect op grootformaat geeft het wow effect en worden de mensen aan wie u uw producten presenteert positief be\u00efnvloed.<\/div><\/div><\/div><div style=\"--awb-backgroundcolor:#f2f2f2;--awb-iconcolor:#ffffff;\" class=\"fusion-column content-box-column content-box-column content-box-column-2 col-lg-6 col-md-6 col-sm-6 fusion-content-box-hover content-box-column-last content-box-column-last-in-row\"><div class=\"col content-box-wrapper content-wrapper-background link-area-link-icon icon-hover-animation-fade\" data-animationOffset=\"top-into-view\"><div class=\"heading heading-with-icon icon-left\"><div class=\"icon\"><i style=\"border-color:#333333;border-width:1px;background-color:#000000;box-sizing:content-box;height:90px;width:90px;line-height:90px;border-radius:50%;font-size:45px;\" aria-hidden=\"true\" class=\"fontawesome-icon fa fa-trophy circle-yes\"><\/i><\/div><h2 class=\"content-box-heading\" style=\"--h2_typography-font-size:33px;line-height:38px;\">PRESTIGE<\/h2><\/div><div class=\"fusion-clearfix\"><\/div><div class=\"content-container\">Uw eigen product in de vorm van een lenticulaire afbeelding. Wat is er nog unieker dan uw eigen applicatie waarmee u zich al probeert te onderscheiden in de markt. Uw kwaliteitsproduct als lenticulaire flip-flop of als 3D te presenteren.\u00a0 Uw winkel etalage, hotel interieur, showroom, of kantoor met deze bijzondere presentatie van uw eigen applicatie. Een lenticulaire applicatie die uw klanten aandachtig zullen bekijken en showen aan meerdere mensen. Een hogere attentiewaarde dan een lenticulaire applicatie is er niet!<\/div><\/div><\/div><div class=\"fusion-clearfix\"><\/div><\/div><div class=\"fusion-clearfix\"><\/div><\/div><\/div><div class=\"fusion-layout-column fusion_builder_column fusion-builder-column-2 fusion_builder_column_1_1 1_1 fusion-one-full fusion-column-first fusion-column-last fusion-column-no-min-height\" style=\"--awb-bg-size:cover;--awb-margin-bottom:0px;\"><div class=\"fusion-column-wrapper fusion-flex-column-wrapper-legacy\"><div class=\"fusion-content-boxes content-boxes columns row fusion-columns-2 fusion-columns-total-2 fusion-content-boxes-2 content-boxes-icon-on-top content-left\" style=\"--awb-backgroundcolor:#f2f2f2;--awb-title-color:#191919;--awb-iconcolor:#ffffff;--awb-hover-accent-color:#ff0000;--awb-circle-hover-accent-color:#ff0000;\" data-animationOffset=\"top-into-view\"><div style=\"--awb-backgroundcolor:#f2f2f2;--awb-iconcolor:#ffffff;\" class=\"fusion-column content-box-column content-box-column content-box-column-1 col-lg-6 col-md-6 col-sm-6 fusion-content-box-hover content-box-column-first-in-row\"><div class=\"col content-box-wrapper content-wrapper-background link-area-link-icon icon-hover-animation-fade\" data-animationOffset=\"top-into-view\"><div class=\"heading heading-with-icon icon-left\"><div class=\"icon\"><i style=\"border-color:#333333;border-width:1px;background-color:#000000;box-sizing:content-box;height:90px;width:90px;line-height:90px;border-radius:50%;font-size:45px;\" aria-hidden=\"true\" class=\"fontawesome-icon fa fa-star-half-o circle-yes\"><\/i><\/div><h2 class=\"content-box-heading\" style=\"--h2_typography-font-size:33px;line-height:38px;\">ONDERSCHEIDEND<\/h2><\/div><div class=\"fusion-clearfix\"><\/div><div class=\"content-container\">Door het toepassen van van verschillende lenticulair effecten komt de focus op de applicatie te liggen. De applicatie wordt een echte eye-catcher in uw winkel, restaurant, bedrijf of woonkamer.<\/div><\/div><\/div><div style=\"--awb-backgroundcolor:#f2f2f2;--awb-iconcolor:#ffffff;\" class=\"fusion-column content-box-column content-box-column content-box-column-2 col-lg-6 col-md-6 col-sm-6 fusion-content-box-hover content-box-column-last content-box-column-last-in-row\"><div class=\"col content-box-wrapper content-wrapper-background link-area-link-icon icon-hover-animation-fade\" data-animationOffset=\"top-into-view\"><div class=\"heading heading-with-icon icon-left\"><div class=\"icon\"><i style=\"border-color:#333333;border-width:1px;background-color:#000000;box-sizing:content-box;height:90px;width:90px;line-height:90px;border-radius:50%;font-size:45px;\" aria-hidden=\"true\" class=\"fontawesome-icon fa fa-archive circle-yes\"><\/i><\/div><h2 class=\"content-box-heading\" style=\"--h2_typography-font-size:33px;line-height:38px;\">DUURZAAMHEID<\/h2><\/div><div class=\"fusion-clearfix\"><\/div><div class=\"content-container\">Uw winkel of restaurant is een belangrijk aantrekkingsmiddel om klanten naar uw winkel of restaurant te trekken. Het is dan ook belangrijk om de nodige interesse te wekken. Een bewegend beeld trekt altijd de aandacht van mensen. Lenticulaire applicaties vangen de aandacht van potenti\u00eble klanten. Ze staan stil en kijken nogmaals naar het product. Al met al biedt een lenticulaire applicatie meerwaarde en zorgt voor een extra focus.<\/div><\/div><\/div><div class=\"fusion-clearfix\"><\/div><\/div><div class=\"fusion-text fusion-text-1\"><p style=\"text-align: center;\"><strong><br \/>\nVolgens een studie van TIME Magazine naar massacirculatie van 3D-advertenties vs. conventionele printadvertenties:<\/strong><\/p>\n<\/div><div class=\"fusion-clearfix\"><\/div><\/div><\/div><div class=\"fusion-layout-column fusion_builder_column fusion-builder-column-3 fusion_builder_column_1_1 1_1 fusion-one-full fusion-column-first fusion-column-last fusion-column-no-min-height\" style=\"--awb-bg-size:cover;--awb-margin-bottom:0px;\"><div class=\"fusion-column-wrapper fusion-flex-column-wrapper-legacy\"><div class=\"fusion-counters-box counters-box row fusion-clearfix fusion-columns-4\" style=\"--awb-body-color:#ff0000;--awb-body-size:14;--awb-border-color:#ff0000;--awb-color:#1e73be;--awb-title-size:65;--awb-icon-size:65;--awb-border-color:#ff0000;\"><div class=\"fusion-counter-box fusion-column col-counter-box counter-box-wrapper col-lg-3 col-md-3 col-sm-3\" data-animationOffset=\"bottom-in-view\"><div class=\"counter-box-container\"><div class=\"content-box-percentage content-box-counter\"><i class=\"counter-box-icon fontawesome-icon fa fa-thumbs-o-up\" aria-hidden=\"true\"><\/i><span class=\"display-counter\" data-value=\"96\" data-direction=\"up\" data-decimals=\"0\">0<\/span><span class=\"unit\">%<\/span><\/div><div class=\"counter-box-content\">van de TIME-tijdschriftlezers herinnerde zich dat ze de 3D-advertenties hadden gezien.<\/div><\/div><\/div><div class=\"fusion-counter-box fusion-column col-counter-box counter-box-wrapper col-lg-3 col-md-3 col-sm-3\" data-animationOffset=\"bottom-in-view\"><div class=\"counter-box-container\"><div class=\"content-box-percentage content-box-counter\"><i class=\"counter-box-icon fontawesome-icon fa fa-list-alt\" aria-hidden=\"true\"><\/i><span class=\"display-counter\" data-value=\"91\" data-direction=\"up\" data-decimals=\"0\">0<\/span><span class=\"unit\">%<\/span><\/div><div class=\"counter-box-content\">gaf aan meer dan de helft van het artikel te lezen waaraan de naam was gehecht<\/div><\/div><\/div><div class=\"fusion-counter-box fusion-column col-counter-box counter-box-wrapper col-lg-3 col-md-3 col-sm-3\" data-animationOffset=\"bottom-in-view\"><div class=\"counter-box-container\"><div class=\"content-box-percentage content-box-counter\"><i class=\"counter-box-icon fontawesome-icon fa fa-low-vision\" aria-hidden=\"true\"><\/i><span class=\"display-counter\" data-value=\"69\" data-direction=\"up\" data-decimals=\"0\">0<\/span><span class=\"unit\">%<\/span><\/div><div class=\"counter-box-content\">van de lezers was positief gestemd over de 3D-advertentie, vergeleken met slechts<\/div><\/div><\/div><div class=\"fusion-counter-box fusion-column col-counter-box counter-box-wrapper col-lg-3 col-md-3 col-sm-3\" data-animationOffset=\"bottom-in-view\"><div class=\"counter-box-container\"><div class=\"content-box-percentage content-box-counter\"><i class=\"counter-box-icon fontawesome-icon fa fa-line-chart\" aria-hidden=\"true\"><\/i><span class=\"display-counter\" data-value=\"62\" data-direction=\"up\" data-decimals=\"0\">0<\/span><span class=\"unit\">%<\/span><\/div><div class=\"counter-box-content\">van de lezers antwoordde dat het hun aantrekkingskracht op het bedrijf dat de naam plaatste vergroot.<\/div><\/div><\/div><\/div><div class=\"clearfix\"><\/div><div class=\"fusion-text fusion-text-2\"><h6 class=\"p1\" style=\"text-align: right;\"><span style=\"color: #808080;\"><span class=\"s1\"><b>*<\/b><\/span><span class=\"s2\"><b> 14% gunstige beoordeling onder degenen die met dezelfde naam in conventionele printadvertenties werden blootgesteld.<\/b><\/span><\/span><\/h6>\n<\/div><div class=\"fusion-clearfix\"><\/div><\/div><\/div><div class=\"fusion-layout-column fusion_builder_column fusion-builder-column-4 fusion_builder_column_1_1 1_1 fusion-one-full fusion-column-first fusion-column-last fusion-column-no-min-height\" style=\"--awb-bg-size:cover;--awb-margin-bottom:0px;\"><div class=\"fusion-column-wrapper fusion-flex-column-wrapper-legacy\"><div class=\"fusion-title title fusion-title-2 fusion-title-center fusion-title-text fusion-title-size-four\" style=\"--awb-margin-top-small:10px;--awb-margin-right-small:0px;--awb-margin-bottom-small:10px;--awb-margin-left-small:0px;--awb-sep-color:#ff0000;\"><div class=\"title-sep-container title-sep-container-left\"><div class=\"title-sep sep-double sep-solid\" style=\"border-color:#ff0000;\"><\/div><\/div><span class=\"awb-title-spacer\"><\/span><h4 class=\"fusion-title-heading title-heading-center\" style=\"margin:0;\">Het gebruik van lenticulaire beeldvorming kan nieuwe mogelijkheden bieden voor adverteerders en klanten om een \u200b\u200bconcurrentieverschil te cre\u00ebren bij het bereiken van hun doelgroep. Het is allemaal een kwestie van hoe je ernaar kijkt.<\/h4><span class=\"awb-title-spacer\"><\/span><div class=\"title-sep-container title-sep-container-right\"><div class=\"title-sep sep-double sep-solid\" style=\"border-color:#ff0000;\"><\/div><\/div><\/div><div class=\"fusion-clearfix\"><\/div><\/div><\/div><\/div><\/div>\n","protected":false},"excerpt":{"rendered":"","protected":false},"author":2,"featured_media":0,"parent":0,"menu_order":0,"comment_status":"closed","ping_status":"closed","template":"","meta":{"footnotes":""},"class_list":["post-3469","page","type-page","status-publish","hentry"],"yoast_head":"<!-- This site is optimized with the Yoast SEO plugin v27.3 - https:\/\/yoast.com\/product\/yoast-seo-wordpress\/ -->\n<title>Voordelen 3D lenticulair - 3d Adworks<\/title>\n<meta name=\"robots\" content=\"index, follow, max-snippet:-1, max-image-preview:large, max-video-preview:-1\" \/>\n<link rel=\"canonical\" href=\"https:\/\/3dadworks.com\/nl\/voordelen-3d-lenticulair\/\" \/>\n<meta property=\"og:locale\" content=\"nl_NL\" \/>\n<meta property=\"og:type\" content=\"article\" \/>\n<meta property=\"og:title\" content=\"Voordelen 3D lenticulair - 3d Adworks\" \/>\n<meta property=\"og:url\" content=\"https:\/\/3dadworks.com\/nl\/voordelen-3d-lenticulair\/\" \/>\n<meta property=\"og:site_name\" content=\"3d Adworks\" \/>\n<meta property=\"article:modified_time\" content=\"2020-11-30T11:34:34+00:00\" \/>\n<meta name=\"twitter:card\" content=\"summary_large_image\" \/>\n<meta name=\"twitter:label1\" content=\"Geschatte leestijd\" \/>\n\t<meta name=\"twitter:data1\" content=\"5 minuten\" \/>\n<script type=\"application\/ld+json\" class=\"yoast-schema-graph\">{\"@context\":\"https:\\\/\\\/schema.org\",\"@graph\":[{\"@type\":\"WebPage\",\"@id\":\"https:\\\/\\\/3dadworks.com\\\/nl\\\/voordelen-3d-lenticulair\\\/\",\"url\":\"https:\\\/\\\/3dadworks.com\\\/nl\\\/voordelen-3d-lenticulair\\\/\",\"name\":\"Voordelen 3D lenticulair - 3d Adworks\",\"isPartOf\":{\"@id\":\"https:\\\/\\\/3dadworks.com\\\/#website\"},\"datePublished\":\"2020-11-30T10:33:27+00:00\",\"dateModified\":\"2020-11-30T11:34:34+00:00\",\"breadcrumb\":{\"@id\":\"https:\\\/\\\/3dadworks.com\\\/nl\\\/voordelen-3d-lenticulair\\\/#breadcrumb\"},\"inLanguage\":\"nl-NL\",\"potentialAction\":[{\"@type\":\"ReadAction\",\"target\":[\"https:\\\/\\\/3dadworks.com\\\/nl\\\/voordelen-3d-lenticulair\\\/\"]}]},{\"@type\":\"BreadcrumbList\",\"@id\":\"https:\\\/\\\/3dadworks.com\\\/nl\\\/voordelen-3d-lenticulair\\\/#breadcrumb\",\"itemListElement\":[{\"@type\":\"ListItem\",\"position\":1,\"name\":\"Ana sayfa\",\"item\":\"https:\\\/\\\/3dadworks.com\\\/nl\\\/\"},{\"@type\":\"ListItem\",\"position\":2,\"name\":\"Voordelen 3D lenticulair\"}]},{\"@type\":\"WebSite\",\"@id\":\"https:\\\/\\\/3dadworks.com\\\/#website\",\"url\":\"https:\\\/\\\/3dadworks.com\\\/\",\"name\":\"3d Adworks\",\"description\":\"3D Lenticular Bask\u0131 teknolojisi ile tan\u0131\u015f\u0131n!\",\"potentialAction\":[{\"@type\":\"SearchAction\",\"target\":{\"@type\":\"EntryPoint\",\"urlTemplate\":\"https:\\\/\\\/3dadworks.com\\\/?s={search_term_string}\"},\"query-input\":{\"@type\":\"PropertyValueSpecification\",\"valueRequired\":true,\"valueName\":\"search_term_string\"}}],\"inLanguage\":\"nl-NL\"}]}<\/script>\n<!-- \/ Yoast SEO plugin. -->","yoast_head_json":{"title":"Voordelen 3D lenticulair - 3d Adworks","robots":{"index":"index","follow":"follow","max-snippet":"max-snippet:-1","max-image-preview":"max-image-preview:large","max-video-preview":"max-video-preview:-1"},"canonical":"https:\/\/3dadworks.com\/nl\/voordelen-3d-lenticulair\/","og_locale":"nl_NL","og_type":"article","og_title":"Voordelen 3D lenticulair - 3d Adworks","og_url":"https:\/\/3dadworks.com\/nl\/voordelen-3d-lenticulair\/","og_site_name":"3d Adworks","article_modified_time":"2020-11-30T11:34:34+00:00","twitter_card":"summary_large_image","twitter_misc":{"Geschatte leestijd":"5 minuten"},"schema":{"@context":"https:\/\/schema.org","@graph":[{"@type":"WebPage","@id":"https:\/\/3dadworks.com\/nl\/voordelen-3d-lenticulair\/","url":"https:\/\/3dadworks.com\/nl\/voordelen-3d-lenticulair\/","name":"Voordelen 3D lenticulair - 3d Adworks","isPartOf":{"@id":"https:\/\/3dadworks.com\/#website"},"datePublished":"2020-11-30T10:33:27+00:00","dateModified":"2020-11-30T11:34:34+00:00","breadcrumb":{"@id":"https:\/\/3dadworks.com\/nl\/voordelen-3d-lenticulair\/#breadcrumb"},"inLanguage":"nl-NL","potentialAction":[{"@type":"ReadAction","target":["https:\/\/3dadworks.com\/nl\/voordelen-3d-lenticulair\/"]}]},{"@type":"BreadcrumbList","@id":"https:\/\/3dadworks.com\/nl\/voordelen-3d-lenticulair\/#breadcrumb","itemListElement":[{"@type":"ListItem","position":1,"name":"Ana sayfa","item":"https:\/\/3dadworks.com\/nl\/"},{"@type":"ListItem","position":2,"name":"Voordelen 3D lenticulair"}]},{"@type":"WebSite","@id":"https:\/\/3dadworks.com\/#website","url":"https:\/\/3dadworks.com\/","name":"3d Adworks","description":"3D Lenticular Bask\u0131 teknolojisi ile tan\u0131\u015f\u0131n!","potentialAction":[{"@type":"SearchAction","target":{"@type":"EntryPoint","urlTemplate":"https:\/\/3dadworks.com\/?s={search_term_string}"},"query-input":{"@type":"PropertyValueSpecification","valueRequired":true,"valueName":"search_term_string"}}],"inLanguage":"nl-NL"}]}},"_links":{"self":[{"href":"https:\/\/3dadworks.com\/nl\/wp-json\/wp\/v2\/pages\/3469","targetHints":{"allow":["GET"]}}],"collection":[{"href":"https:\/\/3dadworks.com\/nl\/wp-json\/wp\/v2\/pages"}],"about":[{"href":"https:\/\/3dadworks.com\/nl\/wp-json\/wp\/v2\/types\/page"}],"author":[{"embeddable":true,"href":"https:\/\/3dadworks.com\/nl\/wp-json\/wp\/v2\/users\/2"}],"replies":[{"embeddable":true,"href":"https:\/\/3dadworks.com\/nl\/wp-json\/wp\/v2\/comments?post=3469"}],"version-history":[{"count":5,"href":"https:\/\/3dadworks.com\/nl\/wp-json\/wp\/v2\/pages\/3469\/revisions"}],"predecessor-version":[{"id":3474,"href":"https:\/\/3dadworks.com\/nl\/wp-json\/wp\/v2\/pages\/3469\/revisions\/3474"}],"wp:attachment":[{"href":"https:\/\/3dadworks.com\/nl\/wp-json\/wp\/v2\/media?parent=3469"}],"curies":[{"name":"wp","href":"https:\/\/api.w.org\/{rel}","templated":true}]}}