{"id":3484,"date":"2020-11-30T15:13:06","date_gmt":"2020-11-30T12:13:06","guid":{"rendered":"https:\/\/3dadworks.com\/3d-lenticulair-definities\/"},"modified":"2020-11-30T15:13:18","modified_gmt":"2020-11-30T12:13:18","slug":"3d-lenticulair-definities","status":"publish","type":"page","link":"https:\/\/3dadworks.com\/nl\/3d-lenticulair-definities\/","title":{"rendered":"3D lenticulair Definities"},"content":{"rendered":"<div class=\"fusion-fullwidth fullwidth-box fusion-builder-row-1 hundred-percent-fullwidth non-hundred-percent-height-scrolling\" style=\"--awb-border-radius-top-left:0px;--awb-border-radius-top-right:0px;--awb-border-radius-bottom-right:0px;--awb-border-radius-bottom-left:0px;--awb-overflow:visible;--awb-flex-wrap:wrap;\" ><div class=\"fusion-builder-row fusion-row\"><div class=\"fusion-layout-column fusion_builder_column fusion-builder-column-0 fusion_builder_column_1_1 1_1 fusion-one-full fusion-column-first fusion-column-last fusion-column-no-min-height\" style=\"--awb-bg-size:cover;--awb-margin-bottom:0px;\"><div class=\"fusion-column-wrapper fusion-flex-column-wrapper-legacy\"><div class=\"fusion-title title fusion-title-1 fusion-title-center fusion-title-text fusion-title-size-three\" style=\"--awb-margin-top-small:10px;--awb-margin-right-small:0px;--awb-margin-bottom-small:10px;--awb-margin-left-small:0px;--awb-sep-color:#ff0000;\"><div class=\"title-sep-container title-sep-container-left\"><div class=\"title-sep sep-double sep-solid\" style=\"border-color:#ff0000;\"><\/div><\/div><span class=\"awb-title-spacer\"><\/span><h3 class=\"fusion-title-heading title-heading-center\" style=\"margin:0;\">3D lenticulair Definities<\/h3><span class=\"awb-title-spacer\"><\/span><div class=\"title-sep-container title-sep-container-right\"><div class=\"title-sep sep-double sep-solid\" style=\"border-color:#ff0000;\"><\/div><\/div><\/div><div class=\"fusion-text fusion-text-1\"><p><strong>2D naar 3D-conversie \/ 3D Layering<\/strong><\/p>\n<p>Een proces waarbij meerdere afbeeldingen met elkaar verweven worden zodat een illusie van 3D zichtbaar wordt.<\/p>\n<p><strong>Pre-print<\/strong><\/p>\n<p>Prova Bask\u0131s\u0131 konspeti yarat\u0131lan bir tasar\u0131m\u0131n bask\u0131 i\u015flemini ger\u00e7ekle\u015ftirme olay\u0131d\u0131r. Prova bask\u0131s\u0131nda as\u0131l ama\u00e7 efektlerin nas\u0131l hareket etti\u011fini g\u00f6rme ve renk ayarlar\u0131n\u0131n tamamlanmas\u0131d\u0131r.<\/p>\n<p><strong>Animatie<\/strong><\/p>\n<p>Het gebruik van opeenvolgende afbeeldingen die een bewegingsillusie geven.<\/p>\n<p><strong>Banding<\/strong><\/p>\n<p>Een statisch defect dat in dezelfde richting loopt als de lens. De belangrijkste oorzaak is een kleine mismatch in de resolutie.<\/p>\n<p><strong>Binoculaire ongelijkheid<\/strong><\/p>\n<p>Het verschil in beeldlocatie van een object dat wordt gezien door het linker- en rechteroog, waardoor mensen een 3D-effect kunnen zien.<\/p>\n<p><strong>Dambord-banding<\/strong><\/p>\n<p>Een defectpatroon dat zowel horizontaal als verticaal op een lenticulaire afdruk verschijnt.<\/p>\n<p><strong>Direct printen<\/strong><\/p>\n<p>Een proces waarbij een afbeelding rechtstreeks op de platte zijde van een lenticulaire plaat wordt afgedrukt.<\/p>\n<h5><strong>DPI<\/strong><\/h5>\n<p>Dots per Inch op een printer.<\/p>\n<p><strong>Filler Space<\/strong><\/p>\n<p>Tasar\u0131m\u0131 tamamlanm\u0131\u015f bir i\u015fte birden fazla resim kullan\u0131lm\u0131\u015fsa ghosting efektini en aza indirmek i\u00e7in kullan\u0131lan bir y\u00f6ntemdir.<\/p>\n<p><strong>Omdraaien<\/strong><\/p>\n<p>Een beeldstreep die wordt gebruikt om meerdere beeldframes van elkaar te scheiden. Deze techniek wordt gebruikt om een spookeffect te minimaliseren.<\/p>\n<p><strong>Meten<\/strong><\/p>\n<p>De dikte van een lenticulaire plaat.<\/p>\n<h5><strong>Ghosting<\/strong><\/h5>\n<p>Een ongewenst resultaat van lenticulaire afdrukken die optreedt wanneer meer dan \u00e9\u00e9n afbeelding tegelijkertijd zichtbaar is vanuit een enkele kijkhoek. Mogelijke oorzaken zijn: slechte registratie, niet-overeenkomende toonhoogte of te veel frames.<\/p>\n<p><strong>Te bedrukken afbeelding<\/strong><\/p>\n<p>Uiteindelijke vorm van het ontwerp dat is voorbereid met speciale programma&#8217;s.<\/p>\n<p><strong>Interlini\u00ebring<\/strong><\/p>\n<p>Een proces dat frames van afbeeldingen verwijdert en uitlijnt op basis van de pitch van een bepaald lenticulair plaat.<\/p>\n<p><strong>Lens compatibiliteit met de afbeelding<\/strong><\/p>\n<p>Inkt die tijdens het afdrukken wordt aangebracht, moet de lensopeningen volledig opvullen. De minste trilling of buiging van de lens zal dit voorkomen.<\/p>\n<p><strong>Lamineren<\/strong><\/p>\n<p>Het proces waarbij een afbeelding wordt aangebracht op de vlakke zijde van een lenticulaire plaat door middel van lijm of dubbelzijdige kleefstof.<\/p>\n<p><strong>Lenticulair<\/strong><\/p>\n<p>Verwijst naar een reeks bolle lenzen op een lenticulaire plaat.<\/p>\n<p><strong>Lenticulaire effecten<\/strong><\/p>\n<p>Visuele effecten mogelijk gemaakt door afbeeldingen op een lenticulair plaat af te drukken.<\/p>\n<p><strong>Lenticule<\/strong><\/p>\n<p>Een kleine bolle lens op een lenticulaire plaat.<\/p>\n<p><strong>LPI<\/strong><\/p>\n<p>Lenticules per inch of lijnen per inch.<\/p>\n<p><strong>Morph<\/strong><\/p>\n<p>Een lenticulair effect dat een afbeelding laat zien die geleidelijk verandert in een andere afbeelding.<\/p>\n<p><strong><span style=\"font-size: 0.83em; line-height: 1.5em;\">Parallax<\/span><\/strong><\/p>\n<p>Parallax is een schijnbare verplaatsing of verschil in de schijnbare positie van een object gezien langs twee verschillende zichtlijnen, en wordt gemeten door de hoek of halve hellingshoek tussen die twee lijnen.<\/p>\n<p><strong>Pitch<\/strong><\/p>\n<p>Het exacte aantal lenticulen per inch (LPI.) Op een lenticulaire plaat.<\/p>\n<p><strong>Pixel<\/strong><\/p>\n<p>Ook wel bekend als picture-element. Het is de kleinste beeldeenheid die kan worden gemanipuleerd.<\/p>\n<h5><strong>PPI<\/strong><\/h5>\n<p>Pixels per inch.<\/p>\n<p><strong>Proefdruk<\/strong><\/p>\n<p>De proef gemaakt ter controle van de image kwaliteit.<\/p>\n<p><strong>Radius<\/strong><\/p>\n<p>Een maat voor lenskromming.<\/p>\n<p><strong>Brekingsindex<\/strong><\/p>\n<p>Een meting van de snelheid waarmee licht weerkaatst op de lens.<\/p>\n<p><strong>Registratie<\/strong><\/p>\n<p>De uitlijning van een beeldstrook op de lenticule.<\/p>\n<p><strong>Target resolutie<\/strong><\/p>\n<p>De resolutie van een printer die wordt gebruikt om lenticulaire afdrukken te maken, bijvoorbeeld 2400, 1200 of 600 dpi. Frame = (DPI \/ LPI) is de formule om het aantal weergaven of frames te bepalen dat wordt gebruikt om de illustratie te interlini\u00ebren.<\/p>\n<p><strong>Kijk hoek<\/strong><\/p>\n<p>Kijkhoek is een v-vormig gebied waarin lenticulaire beelden duidelijk te zien zijn. Over het algemeen is de kijkhoek een richtlijn om het type lensvormig effect te bepalen. Een smalle kijkhoek is goed voor een 3D-effect. Het kan ook worden gebruikt voor animatisch effect, bijvoorbeeld Flip of Morph.<\/p>\n<p><strong>Kijkafstand<\/strong><\/p>\n<p>De afstand tussen jou en het lenticulaire beeld wordt kijkafstand genoemd. Dit is een belangrijke factor waarmee u rekening moet houden bij het kiezen van een correct lenticulair plaat voor uw toepassing. Het aantal LPI&#8217;s en de optimale kijkafstand is omgekeerd, wat betekent dat hoe hoger de LPI, hoe korter de optimale kijkafstand.<\/p>\n<p><strong>Bekijk Frames<\/strong><\/p>\n<p>Een serie afbeeldingen van hetzelfde object die vanuit verschillende posities zijn genomen.<\/p>\n<p><strong>Groothoeklens<\/strong><\/p>\n<p>Een groothoeklens wordt gedefinieerd als een kijkhoek van 40 tot 55 graden.<\/p>\n<p><strong>Zoom<\/strong><\/p>\n<p>Het centrale punt van het beeld gaat naar de kijker toe als de kijkhoek verandert.<\/p>\n<\/div><div class=\"fusion-clearfix\"><\/div><\/div><\/div><\/div><\/div>\n","protected":false},"excerpt":{"rendered":"","protected":false},"author":2,"featured_media":0,"parent":0,"menu_order":0,"comment_status":"closed","ping_status":"closed","template":"","meta":{"footnotes":""},"class_list":["post-3484","page","type-page","status-publish","hentry"],"yoast_head":"<!-- This site is optimized with the Yoast SEO plugin v27.3 - https:\/\/yoast.com\/product\/yoast-seo-wordpress\/ -->\n<title>3D lenticulair Definities - 3d Adworks<\/title>\n<meta name=\"robots\" content=\"index, follow, max-snippet:-1, max-image-preview:large, max-video-preview:-1\" \/>\n<link rel=\"canonical\" href=\"https:\/\/3dadworks.com\/nl\/3d-lenticulair-definities\/\" \/>\n<meta property=\"og:locale\" content=\"nl_NL\" \/>\n<meta property=\"og:type\" content=\"article\" \/>\n<meta property=\"og:title\" content=\"3D lenticulair Definities - 3d Adworks\" \/>\n<meta property=\"og:url\" content=\"https:\/\/3dadworks.com\/nl\/3d-lenticulair-definities\/\" \/>\n<meta property=\"og:site_name\" content=\"3d Adworks\" \/>\n<meta property=\"article:modified_time\" content=\"2020-11-30T12:13:18+00:00\" \/>\n<meta name=\"twitter:card\" content=\"summary_large_image\" \/>\n<meta name=\"twitter:label1\" content=\"Geschatte leestijd\" \/>\n\t<meta name=\"twitter:data1\" content=\"4 minuten\" \/>\n<script type=\"application\/ld+json\" class=\"yoast-schema-graph\">{\"@context\":\"https:\\\/\\\/schema.org\",\"@graph\":[{\"@type\":\"WebPage\",\"@id\":\"https:\\\/\\\/3dadworks.com\\\/nl\\\/3d-lenticulair-definities\\\/\",\"url\":\"https:\\\/\\\/3dadworks.com\\\/nl\\\/3d-lenticulair-definities\\\/\",\"name\":\"3D lenticulair Definities - 3d Adworks\",\"isPartOf\":{\"@id\":\"https:\\\/\\\/3dadworks.com\\\/#website\"},\"datePublished\":\"2020-11-30T12:13:06+00:00\",\"dateModified\":\"2020-11-30T12:13:18+00:00\",\"breadcrumb\":{\"@id\":\"https:\\\/\\\/3dadworks.com\\\/nl\\\/3d-lenticulair-definities\\\/#breadcrumb\"},\"inLanguage\":\"nl-NL\",\"potentialAction\":[{\"@type\":\"ReadAction\",\"target\":[\"https:\\\/\\\/3dadworks.com\\\/nl\\\/3d-lenticulair-definities\\\/\"]}]},{\"@type\":\"BreadcrumbList\",\"@id\":\"https:\\\/\\\/3dadworks.com\\\/nl\\\/3d-lenticulair-definities\\\/#breadcrumb\",\"itemListElement\":[{\"@type\":\"ListItem\",\"position\":1,\"name\":\"Ana sayfa\",\"item\":\"https:\\\/\\\/3dadworks.com\\\/nl\\\/\"},{\"@type\":\"ListItem\",\"position\":2,\"name\":\"3D lenticulair Definities\"}]},{\"@type\":\"WebSite\",\"@id\":\"https:\\\/\\\/3dadworks.com\\\/#website\",\"url\":\"https:\\\/\\\/3dadworks.com\\\/\",\"name\":\"3d Adworks\",\"description\":\"3D Lenticular Bask\u0131 teknolojisi ile tan\u0131\u015f\u0131n!\",\"potentialAction\":[{\"@type\":\"SearchAction\",\"target\":{\"@type\":\"EntryPoint\",\"urlTemplate\":\"https:\\\/\\\/3dadworks.com\\\/?s={search_term_string}\"},\"query-input\":{\"@type\":\"PropertyValueSpecification\",\"valueRequired\":true,\"valueName\":\"search_term_string\"}}],\"inLanguage\":\"nl-NL\"}]}<\/script>\n<!-- \/ Yoast SEO plugin. -->","yoast_head_json":{"title":"3D lenticulair Definities - 3d Adworks","robots":{"index":"index","follow":"follow","max-snippet":"max-snippet:-1","max-image-preview":"max-image-preview:large","max-video-preview":"max-video-preview:-1"},"canonical":"https:\/\/3dadworks.com\/nl\/3d-lenticulair-definities\/","og_locale":"nl_NL","og_type":"article","og_title":"3D lenticulair Definities - 3d Adworks","og_url":"https:\/\/3dadworks.com\/nl\/3d-lenticulair-definities\/","og_site_name":"3d Adworks","article_modified_time":"2020-11-30T12:13:18+00:00","twitter_card":"summary_large_image","twitter_misc":{"Geschatte leestijd":"4 minuten"},"schema":{"@context":"https:\/\/schema.org","@graph":[{"@type":"WebPage","@id":"https:\/\/3dadworks.com\/nl\/3d-lenticulair-definities\/","url":"https:\/\/3dadworks.com\/nl\/3d-lenticulair-definities\/","name":"3D lenticulair Definities - 3d Adworks","isPartOf":{"@id":"https:\/\/3dadworks.com\/#website"},"datePublished":"2020-11-30T12:13:06+00:00","dateModified":"2020-11-30T12:13:18+00:00","breadcrumb":{"@id":"https:\/\/3dadworks.com\/nl\/3d-lenticulair-definities\/#breadcrumb"},"inLanguage":"nl-NL","potentialAction":[{"@type":"ReadAction","target":["https:\/\/3dadworks.com\/nl\/3d-lenticulair-definities\/"]}]},{"@type":"BreadcrumbList","@id":"https:\/\/3dadworks.com\/nl\/3d-lenticulair-definities\/#breadcrumb","itemListElement":[{"@type":"ListItem","position":1,"name":"Ana sayfa","item":"https:\/\/3dadworks.com\/nl\/"},{"@type":"ListItem","position":2,"name":"3D lenticulair Definities"}]},{"@type":"WebSite","@id":"https:\/\/3dadworks.com\/#website","url":"https:\/\/3dadworks.com\/","name":"3d Adworks","description":"3D Lenticular Bask\u0131 teknolojisi ile tan\u0131\u015f\u0131n!","potentialAction":[{"@type":"SearchAction","target":{"@type":"EntryPoint","urlTemplate":"https:\/\/3dadworks.com\/?s={search_term_string}"},"query-input":{"@type":"PropertyValueSpecification","valueRequired":true,"valueName":"search_term_string"}}],"inLanguage":"nl-NL"}]}},"_links":{"self":[{"href":"https:\/\/3dadworks.com\/nl\/wp-json\/wp\/v2\/pages\/3484","targetHints":{"allow":["GET"]}}],"collection":[{"href":"https:\/\/3dadworks.com\/nl\/wp-json\/wp\/v2\/pages"}],"about":[{"href":"https:\/\/3dadworks.com\/nl\/wp-json\/wp\/v2\/types\/page"}],"author":[{"embeddable":true,"href":"https:\/\/3dadworks.com\/nl\/wp-json\/wp\/v2\/users\/2"}],"replies":[{"embeddable":true,"href":"https:\/\/3dadworks.com\/nl\/wp-json\/wp\/v2\/comments?post=3484"}],"version-history":[{"count":5,"href":"https:\/\/3dadworks.com\/nl\/wp-json\/wp\/v2\/pages\/3484\/revisions"}],"predecessor-version":[{"id":3489,"href":"https:\/\/3dadworks.com\/nl\/wp-json\/wp\/v2\/pages\/3484\/revisions\/3489"}],"wp:attachment":[{"href":"https:\/\/3dadworks.com\/nl\/wp-json\/wp\/v2\/media?parent=3484"}],"curies":[{"name":"wp","href":"https:\/\/api.w.org\/{rel}","templated":true}]}}