{"id":3507,"date":"2020-11-30T17:53:45","date_gmt":"2020-11-30T14:53:45","guid":{"rendered":"https:\/\/3dadworks.com\/3d-lenticulaire-categorie\/3d-zoom-effect\/"},"modified":"2020-11-30T17:54:37","modified_gmt":"2020-11-30T14:54:37","slug":"3d-zoom-effect","status":"publish","type":"page","link":"https:\/\/3dadworks.com\/nl\/3d-lenticulaire-categorie\/3d-zoom-effect\/","title":{"rendered":"3D Zoom Effect"},"content":{"rendered":"<div class=\"fusion-fullwidth fullwidth-box fusion-builder-row-1 hundred-percent-fullwidth non-hundred-percent-height-scrolling\" style=\"--awb-border-radius-top-left:0px;--awb-border-radius-top-right:0px;--awb-border-radius-bottom-right:0px;--awb-border-radius-bottom-left:0px;--awb-overflow:visible;--awb-flex-wrap:wrap;\" ><div class=\"fusion-builder-row fusion-row\"><div class=\"fusion-layout-column fusion_builder_column fusion-builder-column-0 fusion_builder_column_1_1 1_1 fusion-one-full fusion-column-first fusion-column-last fusion-column-no-min-height\" style=\"--awb-bg-size:cover;--awb-margin-bottom:0px;\"><div class=\"fusion-column-wrapper fusion-flex-column-wrapper-legacy\"><div class=\"fusion-text fusion-text-1\"><h2><span style=\"color: #ff0000;\">3D Zoom Effect<\/span><\/h2>\n<p>Het zoomeffect werkt het beste als de achtergrond in alle geanimeerde afbeeldingen gelijk is en de animatie is ontworpen om de afbeelding te herhalen zonder duidelijk begin of einde. Koelere, donkerdere kleuren op de achtergrond en warmere, lichtere tinten voor het bewegende element geven doorgaans de beste zoomeffecten.<\/p>\n<p><iframe src=\"\/\/www.youtube.com\/embed\/TjwWD62V_OM\" width=\"560\" height=\"315\" frameborder=\"0\" allowfullscreen=\"allowfullscreen\"><\/iframe><\/p>\n<\/div><div class=\"fusion-clearfix\"><\/div><\/div><\/div><\/div><\/div>\n","protected":false},"excerpt":{"rendered":"","protected":false},"author":2,"featured_media":0,"parent":3492,"menu_order":0,"comment_status":"closed","ping_status":"closed","template":"","meta":{"footnotes":""},"class_list":["post-3507","page","type-page","status-publish","hentry"],"yoast_head":"<!-- This site is optimized with the Yoast SEO plugin v27.3 - https:\/\/yoast.com\/product\/yoast-seo-wordpress\/ -->\n<title>3D Zoom Effect<\/title>\n<meta name=\"description\" content=\"Het zoomeffect werkt het beste als de achtergrond in alle geanimeerde afbeeldingen gelijk is en de animatie is ontworpen om de afbeelding te herhalen zonder duidelijk begin of einde.\" \/>\n<meta name=\"robots\" content=\"index, follow, max-snippet:-1, max-image-preview:large, max-video-preview:-1\" \/>\n<link rel=\"canonical\" href=\"https:\/\/3dadworks.com\/nl\/3d-lenticulaire-categorie\/3d-zoom-effect\/\" \/>\n<meta property=\"og:locale\" content=\"nl_NL\" \/>\n<meta property=\"og:type\" content=\"article\" \/>\n<meta property=\"og:title\" content=\"3D Zoom Effect\" \/>\n<meta property=\"og:description\" content=\"Het zoomeffect werkt het beste als de achtergrond in alle geanimeerde afbeeldingen gelijk is en de animatie is ontworpen om de afbeelding te herhalen zonder duidelijk begin of einde.\" \/>\n<meta property=\"og:url\" content=\"https:\/\/3dadworks.com\/nl\/3d-lenticulaire-categorie\/3d-zoom-effect\/\" \/>\n<meta property=\"og:site_name\" content=\"3d Adworks\" \/>\n<meta property=\"article:modified_time\" content=\"2020-11-30T14:54:37+00:00\" \/>\n<meta name=\"twitter:card\" content=\"summary_large_image\" \/>\n<meta name=\"twitter:label1\" content=\"Geschatte leestijd\" \/>\n\t<meta name=\"twitter:data1\" content=\"1 minuut\" \/>\n<script type=\"application\/ld+json\" class=\"yoast-schema-graph\">{\"@context\":\"https:\\\/\\\/schema.org\",\"@graph\":[{\"@type\":\"WebPage\",\"@id\":\"https:\\\/\\\/3dadworks.com\\\/nl\\\/3d-lenticulaire-categorie\\\/3d-zoom-effect\\\/\",\"url\":\"https:\\\/\\\/3dadworks.com\\\/nl\\\/3d-lenticulaire-categorie\\\/3d-zoom-effect\\\/\",\"name\":\"3D Zoom Effect\",\"isPartOf\":{\"@id\":\"https:\\\/\\\/3dadworks.com\\\/#website\"},\"datePublished\":\"2020-11-30T14:53:45+00:00\",\"dateModified\":\"2020-11-30T14:54:37+00:00\",\"description\":\"Het zoomeffect werkt het beste als de achtergrond in alle geanimeerde afbeeldingen gelijk is en de animatie is ontworpen om de afbeelding te herhalen zonder duidelijk begin of einde.\",\"breadcrumb\":{\"@id\":\"https:\\\/\\\/3dadworks.com\\\/nl\\\/3d-lenticulaire-categorie\\\/3d-zoom-effect\\\/#breadcrumb\"},\"inLanguage\":\"nl-NL\",\"potentialAction\":[{\"@type\":\"ReadAction\",\"target\":[\"https:\\\/\\\/3dadworks.com\\\/nl\\\/3d-lenticulaire-categorie\\\/3d-zoom-effect\\\/\"]}]},{\"@type\":\"BreadcrumbList\",\"@id\":\"https:\\\/\\\/3dadworks.com\\\/nl\\\/3d-lenticulaire-categorie\\\/3d-zoom-effect\\\/#breadcrumb\",\"itemListElement\":[{\"@type\":\"ListItem\",\"position\":1,\"name\":\"Ana sayfa\",\"item\":\"https:\\\/\\\/3dadworks.com\\\/nl\\\/\"},{\"@type\":\"ListItem\",\"position\":2,\"name\":\"3D LENTICULAIRE CATEGORIE\",\"item\":\"https:\\\/\\\/3dadworks.com\\\/nl\\\/3d-lenticulaire-categorie\\\/\"},{\"@type\":\"ListItem\",\"position\":3,\"name\":\"3D Zoom Effect\"}]},{\"@type\":\"WebSite\",\"@id\":\"https:\\\/\\\/3dadworks.com\\\/#website\",\"url\":\"https:\\\/\\\/3dadworks.com\\\/\",\"name\":\"3d Adworks\",\"description\":\"3D Lenticular Bask\u0131 teknolojisi ile tan\u0131\u015f\u0131n!\",\"potentialAction\":[{\"@type\":\"SearchAction\",\"target\":{\"@type\":\"EntryPoint\",\"urlTemplate\":\"https:\\\/\\\/3dadworks.com\\\/?s={search_term_string}\"},\"query-input\":{\"@type\":\"PropertyValueSpecification\",\"valueRequired\":true,\"valueName\":\"search_term_string\"}}],\"inLanguage\":\"nl-NL\"}]}<\/script>\n<!-- \/ Yoast SEO plugin. -->","yoast_head_json":{"title":"3D Zoom Effect","description":"Het zoomeffect werkt het beste als de achtergrond in alle geanimeerde afbeeldingen gelijk is en de animatie is ontworpen om de afbeelding te herhalen zonder duidelijk begin of einde.","robots":{"index":"index","follow":"follow","max-snippet":"max-snippet:-1","max-image-preview":"max-image-preview:large","max-video-preview":"max-video-preview:-1"},"canonical":"https:\/\/3dadworks.com\/nl\/3d-lenticulaire-categorie\/3d-zoom-effect\/","og_locale":"nl_NL","og_type":"article","og_title":"3D Zoom Effect","og_description":"Het zoomeffect werkt het beste als de achtergrond in alle geanimeerde afbeeldingen gelijk is en de animatie is ontworpen om de afbeelding te herhalen zonder duidelijk begin of einde.","og_url":"https:\/\/3dadworks.com\/nl\/3d-lenticulaire-categorie\/3d-zoom-effect\/","og_site_name":"3d Adworks","article_modified_time":"2020-11-30T14:54:37+00:00","twitter_card":"summary_large_image","twitter_misc":{"Geschatte leestijd":"1 minuut"},"schema":{"@context":"https:\/\/schema.org","@graph":[{"@type":"WebPage","@id":"https:\/\/3dadworks.com\/nl\/3d-lenticulaire-categorie\/3d-zoom-effect\/","url":"https:\/\/3dadworks.com\/nl\/3d-lenticulaire-categorie\/3d-zoom-effect\/","name":"3D Zoom Effect","isPartOf":{"@id":"https:\/\/3dadworks.com\/#website"},"datePublished":"2020-11-30T14:53:45+00:00","dateModified":"2020-11-30T14:54:37+00:00","description":"Het zoomeffect werkt het beste als de achtergrond in alle geanimeerde afbeeldingen gelijk is en de animatie is ontworpen om de afbeelding te herhalen zonder duidelijk begin of einde.","breadcrumb":{"@id":"https:\/\/3dadworks.com\/nl\/3d-lenticulaire-categorie\/3d-zoom-effect\/#breadcrumb"},"inLanguage":"nl-NL","potentialAction":[{"@type":"ReadAction","target":["https:\/\/3dadworks.com\/nl\/3d-lenticulaire-categorie\/3d-zoom-effect\/"]}]},{"@type":"BreadcrumbList","@id":"https:\/\/3dadworks.com\/nl\/3d-lenticulaire-categorie\/3d-zoom-effect\/#breadcrumb","itemListElement":[{"@type":"ListItem","position":1,"name":"Ana sayfa","item":"https:\/\/3dadworks.com\/nl\/"},{"@type":"ListItem","position":2,"name":"3D LENTICULAIRE CATEGORIE","item":"https:\/\/3dadworks.com\/nl\/3d-lenticulaire-categorie\/"},{"@type":"ListItem","position":3,"name":"3D Zoom Effect"}]},{"@type":"WebSite","@id":"https:\/\/3dadworks.com\/#website","url":"https:\/\/3dadworks.com\/","name":"3d Adworks","description":"3D Lenticular Bask\u0131 teknolojisi ile tan\u0131\u015f\u0131n!","potentialAction":[{"@type":"SearchAction","target":{"@type":"EntryPoint","urlTemplate":"https:\/\/3dadworks.com\/?s={search_term_string}"},"query-input":{"@type":"PropertyValueSpecification","valueRequired":true,"valueName":"search_term_string"}}],"inLanguage":"nl-NL"}]}},"_links":{"self":[{"href":"https:\/\/3dadworks.com\/nl\/wp-json\/wp\/v2\/pages\/3507","targetHints":{"allow":["GET"]}}],"collection":[{"href":"https:\/\/3dadworks.com\/nl\/wp-json\/wp\/v2\/pages"}],"about":[{"href":"https:\/\/3dadworks.com\/nl\/wp-json\/wp\/v2\/types\/page"}],"author":[{"embeddable":true,"href":"https:\/\/3dadworks.com\/nl\/wp-json\/wp\/v2\/users\/2"}],"replies":[{"embeddable":true,"href":"https:\/\/3dadworks.com\/nl\/wp-json\/wp\/v2\/comments?post=3507"}],"version-history":[{"count":5,"href":"https:\/\/3dadworks.com\/nl\/wp-json\/wp\/v2\/pages\/3507\/revisions"}],"predecessor-version":[{"id":3512,"href":"https:\/\/3dadworks.com\/nl\/wp-json\/wp\/v2\/pages\/3507\/revisions\/3512"}],"up":[{"embeddable":true,"href":"https:\/\/3dadworks.com\/nl\/wp-json\/wp\/v2\/pages\/3492"}],"wp:attachment":[{"href":"https:\/\/3dadworks.com\/nl\/wp-json\/wp\/v2\/media?parent=3507"}],"curies":[{"name":"wp","href":"https:\/\/api.w.org\/{rel}","templated":true}]}}