{"id":3519,"date":"2020-11-30T18:08:55","date_gmt":"2020-11-30T15:08:55","guid":{"rendered":"https:\/\/3dadworks.com\/3d-lenticulaire-categorie\/3d-mixed-effect\/"},"modified":"2020-11-30T18:09:54","modified_gmt":"2020-11-30T15:09:54","slug":"3d-mixed-effect","status":"publish","type":"page","link":"https:\/\/3dadworks.com\/nl\/3d-lenticulaire-categorie\/3d-mixed-effect\/","title":{"rendered":"3D Mixed Effect"},"content":{"rendered":"<h2><span style=\"color: #ff0000;\">3D Mixed Effect <\/span><\/h2>\n<p>Sommige effecten kunnen worden gemixed. Je kunt bijvoorbeeld 3D mixen met wat flip. Het kan alleen worden gedaan als de lens loodrecht op uw ogen staat.<br \/>\n\u00a0<\/p>\n<p><iframe src=\"\/\/www.youtube.com\/embed\/bcBQmQ1ZTzg\" width=\"760\" height=\"415\" frameborder=\"0\" allowfullscreen=\"allowfullscreen\"><\/iframe><\/p>\n","protected":false},"excerpt":{"rendered":"<p>3D Mixed Effect Sommige effecten kunnen worden gemixed. Je kunt  [&#8230;]<\/p>\n","protected":false},"author":2,"featured_media":0,"parent":3492,"menu_order":0,"comment_status":"closed","ping_status":"closed","template":"","meta":{"footnotes":""},"class_list":["post-3519","page","type-page","status-publish","hentry"],"yoast_head":"<!-- This site is optimized with the Yoast SEO plugin v27.3 - https:\/\/yoast.com\/product\/yoast-seo-wordpress\/ -->\n<title>3D Mixed Effect - 3d Adworks<\/title>\n<meta name=\"robots\" content=\"index, follow, max-snippet:-1, max-image-preview:large, max-video-preview:-1\" \/>\n<link rel=\"canonical\" href=\"https:\/\/3dadworks.com\/nl\/3d-lenticulaire-categorie\/3d-mixed-effect\/\" \/>\n<meta property=\"og:locale\" content=\"nl_NL\" \/>\n<meta property=\"og:type\" content=\"article\" \/>\n<meta property=\"og:title\" content=\"3D Mixed Effect - 3d Adworks\" \/>\n<meta property=\"og:description\" content=\"3D Mixed Effect Sommige effecten kunnen worden gemixed. Je kunt [...]\" \/>\n<meta property=\"og:url\" content=\"https:\/\/3dadworks.com\/nl\/3d-lenticulaire-categorie\/3d-mixed-effect\/\" \/>\n<meta property=\"og:site_name\" content=\"3d Adworks\" \/>\n<meta property=\"article:modified_time\" content=\"2020-11-30T15:09:54+00:00\" \/>\n<meta name=\"twitter:card\" content=\"summary_large_image\" \/>\n<script type=\"application\/ld+json\" class=\"yoast-schema-graph\">{\"@context\":\"https:\\\/\\\/schema.org\",\"@graph\":[{\"@type\":\"WebPage\",\"@id\":\"https:\\\/\\\/3dadworks.com\\\/nl\\\/3d-lenticulaire-categorie\\\/3d-mixed-effect\\\/\",\"url\":\"https:\\\/\\\/3dadworks.com\\\/nl\\\/3d-lenticulaire-categorie\\\/3d-mixed-effect\\\/\",\"name\":\"3D Mixed Effect - 3d Adworks\",\"isPartOf\":{\"@id\":\"https:\\\/\\\/3dadworks.com\\\/#website\"},\"datePublished\":\"2020-11-30T15:08:55+00:00\",\"dateModified\":\"2020-11-30T15:09:54+00:00\",\"breadcrumb\":{\"@id\":\"https:\\\/\\\/3dadworks.com\\\/nl\\\/3d-lenticulaire-categorie\\\/3d-mixed-effect\\\/#breadcrumb\"},\"inLanguage\":\"nl-NL\",\"potentialAction\":[{\"@type\":\"ReadAction\",\"target\":[\"https:\\\/\\\/3dadworks.com\\\/nl\\\/3d-lenticulaire-categorie\\\/3d-mixed-effect\\\/\"]}]},{\"@type\":\"BreadcrumbList\",\"@id\":\"https:\\\/\\\/3dadworks.com\\\/nl\\\/3d-lenticulaire-categorie\\\/3d-mixed-effect\\\/#breadcrumb\",\"itemListElement\":[{\"@type\":\"ListItem\",\"position\":1,\"name\":\"Ana sayfa\",\"item\":\"https:\\\/\\\/3dadworks.com\\\/nl\\\/\"},{\"@type\":\"ListItem\",\"position\":2,\"name\":\"3D LENTICULAIRE CATEGORIE\",\"item\":\"https:\\\/\\\/3dadworks.com\\\/nl\\\/3d-lenticulaire-categorie\\\/\"},{\"@type\":\"ListItem\",\"position\":3,\"name\":\"3D Mixed Effect\"}]},{\"@type\":\"WebSite\",\"@id\":\"https:\\\/\\\/3dadworks.com\\\/#website\",\"url\":\"https:\\\/\\\/3dadworks.com\\\/\",\"name\":\"3d Adworks\",\"description\":\"3D Lenticular Bask\u0131 teknolojisi ile tan\u0131\u015f\u0131n!\",\"potentialAction\":[{\"@type\":\"SearchAction\",\"target\":{\"@type\":\"EntryPoint\",\"urlTemplate\":\"https:\\\/\\\/3dadworks.com\\\/?s={search_term_string}\"},\"query-input\":{\"@type\":\"PropertyValueSpecification\",\"valueRequired\":true,\"valueName\":\"search_term_string\"}}],\"inLanguage\":\"nl-NL\"}]}<\/script>\n<!-- \/ Yoast SEO plugin. -->","yoast_head_json":{"title":"3D Mixed Effect - 3d Adworks","robots":{"index":"index","follow":"follow","max-snippet":"max-snippet:-1","max-image-preview":"max-image-preview:large","max-video-preview":"max-video-preview:-1"},"canonical":"https:\/\/3dadworks.com\/nl\/3d-lenticulaire-categorie\/3d-mixed-effect\/","og_locale":"nl_NL","og_type":"article","og_title":"3D Mixed Effect - 3d Adworks","og_description":"3D Mixed Effect Sommige effecten kunnen worden gemixed. Je kunt [...]","og_url":"https:\/\/3dadworks.com\/nl\/3d-lenticulaire-categorie\/3d-mixed-effect\/","og_site_name":"3d Adworks","article_modified_time":"2020-11-30T15:09:54+00:00","twitter_card":"summary_large_image","schema":{"@context":"https:\/\/schema.org","@graph":[{"@type":"WebPage","@id":"https:\/\/3dadworks.com\/nl\/3d-lenticulaire-categorie\/3d-mixed-effect\/","url":"https:\/\/3dadworks.com\/nl\/3d-lenticulaire-categorie\/3d-mixed-effect\/","name":"3D Mixed Effect - 3d Adworks","isPartOf":{"@id":"https:\/\/3dadworks.com\/#website"},"datePublished":"2020-11-30T15:08:55+00:00","dateModified":"2020-11-30T15:09:54+00:00","breadcrumb":{"@id":"https:\/\/3dadworks.com\/nl\/3d-lenticulaire-categorie\/3d-mixed-effect\/#breadcrumb"},"inLanguage":"nl-NL","potentialAction":[{"@type":"ReadAction","target":["https:\/\/3dadworks.com\/nl\/3d-lenticulaire-categorie\/3d-mixed-effect\/"]}]},{"@type":"BreadcrumbList","@id":"https:\/\/3dadworks.com\/nl\/3d-lenticulaire-categorie\/3d-mixed-effect\/#breadcrumb","itemListElement":[{"@type":"ListItem","position":1,"name":"Ana sayfa","item":"https:\/\/3dadworks.com\/nl\/"},{"@type":"ListItem","position":2,"name":"3D LENTICULAIRE CATEGORIE","item":"https:\/\/3dadworks.com\/nl\/3d-lenticulaire-categorie\/"},{"@type":"ListItem","position":3,"name":"3D Mixed Effect"}]},{"@type":"WebSite","@id":"https:\/\/3dadworks.com\/#website","url":"https:\/\/3dadworks.com\/","name":"3d Adworks","description":"3D Lenticular Bask\u0131 teknolojisi ile tan\u0131\u015f\u0131n!","potentialAction":[{"@type":"SearchAction","target":{"@type":"EntryPoint","urlTemplate":"https:\/\/3dadworks.com\/?s={search_term_string}"},"query-input":{"@type":"PropertyValueSpecification","valueRequired":true,"valueName":"search_term_string"}}],"inLanguage":"nl-NL"}]}},"_links":{"self":[{"href":"https:\/\/3dadworks.com\/nl\/wp-json\/wp\/v2\/pages\/3519","targetHints":{"allow":["GET"]}}],"collection":[{"href":"https:\/\/3dadworks.com\/nl\/wp-json\/wp\/v2\/pages"}],"about":[{"href":"https:\/\/3dadworks.com\/nl\/wp-json\/wp\/v2\/types\/page"}],"author":[{"embeddable":true,"href":"https:\/\/3dadworks.com\/nl\/wp-json\/wp\/v2\/users\/2"}],"replies":[{"embeddable":true,"href":"https:\/\/3dadworks.com\/nl\/wp-json\/wp\/v2\/comments?post=3519"}],"version-history":[{"count":1,"href":"https:\/\/3dadworks.com\/nl\/wp-json\/wp\/v2\/pages\/3519\/revisions"}],"predecessor-version":[{"id":3520,"href":"https:\/\/3dadworks.com\/nl\/wp-json\/wp\/v2\/pages\/3519\/revisions\/3520"}],"up":[{"embeddable":true,"href":"https:\/\/3dadworks.com\/nl\/wp-json\/wp\/v2\/pages\/3492"}],"wp:attachment":[{"href":"https:\/\/3dadworks.com\/nl\/wp-json\/wp\/v2\/media?parent=3519"}],"curies":[{"name":"wp","href":"https:\/\/api.w.org\/{rel}","templated":true}]}}