{"id":3665,"date":"2020-11-30T21:53:46","date_gmt":"2020-11-30T18:53:46","guid":{"rendered":"https:\/\/3dadworks.com\/toepassing\/"},"modified":"2020-12-01T08:27:19","modified_gmt":"2020-12-01T05:27:19","slug":"toepassing","status":"publish","type":"page","link":"https:\/\/3dadworks.com\/nl\/toepassing\/","title":{"rendered":"TOEPASSING"},"content":{"rendered":"<p><div class=\"fusion-fullwidth fullwidth-box fusion-builder-row-1 nonhundred-percent-fullwidth non-hundred-percent-height-scrolling\" style=\"--awb-background-position:left top;--awb-border-sizes-top:1px;--awb-border-sizes-bottom:1px;--awb-border-sizes-left:0px;--awb-border-sizes-right:0px;--awb-border-color:#ffffff;--awb-border-radius-top-left:0px;--awb-border-radius-top-right:0px;--awb-border-radius-bottom-right:0px;--awb-border-radius-bottom-left:0px;--awb-padding-top:10px;--awb-padding-right:0px;--awb-padding-bottom:20px;--awb-padding-left:0px;--awb-background-color:#f6f6f6;--awb-flex-wrap:wrap;\" ><div class=\"fusion-builder-row fusion-row\"><div class=\"fusion-layout-column fusion_builder_column fusion-builder-column-0 fusion_builder_column_1_1 1_1 fusion-one-full fusion-column-first fusion-column-last fusion-column-no-min-height\" style=\"--awb-bg-size:cover;--awb-margin-bottom:0px;\"><div class=\"fusion-column-wrapper fusion-flex-column-wrapper-legacy\"><div class=\"fusion-text fusion-text-1\"><h1 style=\"text-align: center; font-size: 30px !important;\">Opvallen is noodzakelijk in het hedendaagse commerci\u00eble landschap. Daarom bieden wij u inspirerende lenticulaire toepassingen van de hoogste kwaliteit die bedoeld zijn voor elke advertentieruimte. Ter inspiratie vindt u hieronder een kleine greep uit de diverse toepassingen die mogelijk zijn met lenticulair drukwerk.<\/h1>\n<p style=\"text-align: center; margin-top: -10px; font-size: 17px;\"><span style=\"color: #3366ff;\"><strong>Met onze exclusieve applicaties zijn ontzettend veel toepassingen te bedenken. Er is heel veel mogelijk op het gebied van visualisatie. Bekijk ons product portfolio om een impressie te krijgen van onze vele keuze mogelijkheden.<\/strong><\/span><\/p>\n<\/div><div class=\"fusion-clearfix\"><\/div><\/div><\/div><\/div><\/div><div class=\"fusion-fullwidth fullwidth-box fusion-builder-row-2 hundred-percent-fullwidth non-hundred-percent-height-scrolling\" style=\"--awb-border-radius-top-left:0px;--awb-border-radius-top-right:0px;--awb-border-radius-bottom-right:0px;--awb-border-radius-bottom-left:0px;--awb-overflow:visible;--awb-flex-wrap:wrap;\" ><div class=\"fusion-builder-row fusion-row\"><div class=\"fusion-layout-column fusion_builder_column fusion-builder-column-1 fusion_builder_column_1_1 1_1 fusion-one-full fusion-column-first fusion-column-last fusion-column-no-min-height\" style=\"--awb-bg-size:cover;--awb-margin-bottom:0px;\"><div class=\"fusion-column-wrapper fusion-flex-column-wrapper-legacy\"><div class=\"fusion-section-separator section-separator triangle fusion-section-separator-1\" style=\"--awb-border-top:1px solid #f6f6f6;--awb-spacer-height:1px;--awb-svg-margin-left:0;--awb-svg-margin-right:0;--awb-icon-color:#ffffff;\"><div class=\"fusion-section-separator-svg\"><div class=\"divider-candy-arrow top\" style=\"bottom:0px;border-bottom-color: #f6f6f6;\"><\/div><div class=\"divider-candy top\" style=\"top:-21px;border-bottom:1px solid #f6f6f6;border-left:1px solid #f6f6f6;\"><\/div><\/div><div class=\"fusion-section-separator-spacer\"><div class=\"fusion-section-separator-spacer-height\"><\/div><\/div><\/div><div class=\"fusion-clearfix\"><\/div><\/div><\/div><\/div><\/div><div class=\"fusion-fullwidth fullwidth-box fusion-builder-row-3 nonhundred-percent-fullwidth non-hundred-percent-height-scrolling\" style=\"--awb-background-position:left top;--awb-border-sizes-top:1px;--awb-border-sizes-bottom:1px;--awb-border-sizes-left:0px;--awb-border-sizes-right:0px;--awb-border-color:#e5e4e4;--awb-border-radius-top-left:0px;--awb-border-radius-top-right:0px;--awb-border-radius-bottom-right:0px;--awb-border-radius-bottom-left:0px;--awb-padding-top:50px;--awb-padding-right:20px;--awb-padding-bottom:25px;--awb-padding-left:20px;--awb-background-color:#f6f6f6;--awb-flex-wrap:wrap;\" ><div class=\"fusion-builder-row fusion-row\"><div class=\"fusion-layout-column fusion_builder_column fusion-builder-column-2 fusion_builder_column_1_2 1_2 fusion-one-half fusion-column-first fusion-column-inner-bg-wrapper\" style=\"--awb-inner-bg-size:cover;width:48%; margin-right: 4%;\"><span class=\"fusion-column-inner-bg hover-type-none\"><a class=\"fusion-column-anchor\" href=\"https:\/\/3dadworks.com\/nl\/indoor-en-outdoor-applicaties\/\"><span class=\"fusion-column-inner-bg-image\"><\/span><\/a><\/span><div class=\"fusion-column-wrapper fusion-column-has-shadow fusion-flex-column-wrapper-legacy\"><div class=\"fusion-image-element in-legacy-container\" style=\"--awb-caption-title-font-family:var(--h2_typography-font-family);--awb-caption-title-font-weight:var(--h2_typography-font-weight);--awb-caption-title-font-style:var(--h2_typography-font-style);--awb-caption-title-size:var(--h2_typography-font-size);--awb-caption-title-transform:var(--h2_typography-text-transform);--awb-caption-title-line-height:var(--h2_typography-line-height);--awb-caption-title-letter-spacing:var(--h2_typography-letter-spacing);\"><span class=\" fusion-imageframe imageframe-dropshadow imageframe-1 hover-type-zoomin fusion-animated\" style=\"-webkit-box-shadow: 3px 3px 7px rgba(0,0,0,0.3);box-shadow: 3px 3px 7px rgba(0,0,0,0.3);\" data-animationType=\"bounceInDown\" data-animationDuration=\"0.1\" data-animationOffset=\"top-into-view\"><img decoding=\"async\" width=\"1200\" height=\"750\" title=\"Outdoor 3D lenticulaire producten\" src=\"https:\/\/3dadworks.com\/wp-content\/uploads\/2016\/04\/dis-mekan.jpg\" alt class=\"img-responsive wp-image-3666\" srcset=\"https:\/\/3dadworks.com\/wp-content\/uploads\/2016\/04\/dis-mekan-200x125.jpg 200w, https:\/\/3dadworks.com\/wp-content\/uploads\/2016\/04\/dis-mekan-400x250.jpg 400w, https:\/\/3dadworks.com\/wp-content\/uploads\/2016\/04\/dis-mekan-600x375.jpg 600w, https:\/\/3dadworks.com\/wp-content\/uploads\/2016\/04\/dis-mekan-800x500.jpg 800w, https:\/\/3dadworks.com\/wp-content\/uploads\/2016\/04\/dis-mekan.jpg 1200w\" sizes=\"(max-width: 800px) 100vw, 600px\" \/><\/span><\/div><div class=\"fusion-text fusion-text-2\"><p style=\"text-align: center;\"><strong><strong>INDOOR \u2013 EN OUTDOOR APPLICATIES<\/strong><\/strong><\/p>\n<\/div><div class=\"fusion-clearfix\"><\/div><\/div><\/div><div class=\"fusion-layout-column fusion_builder_column fusion-builder-column-3 fusion_builder_column_1_2 1_2 fusion-one-half fusion-column-last fusion-column-inner-bg-wrapper\" style=\"--awb-inner-bg-size:cover;width:48%;\"><span class=\"fusion-column-inner-bg hover-type-none\"><a class=\"fusion-column-anchor\" href=\"https:\/\/3dadworks.com\/en\/promotional-products\/\"><span class=\"fusion-column-inner-bg-image\"><\/span><\/a><\/span><div class=\"fusion-column-wrapper fusion-column-has-shadow fusion-flex-column-wrapper-legacy\"><div class=\"fusion-image-element in-legacy-container\" style=\"--awb-caption-title-font-family:var(--h2_typography-font-family);--awb-caption-title-font-weight:var(--h2_typography-font-weight);--awb-caption-title-font-style:var(--h2_typography-font-style);--awb-caption-title-size:var(--h2_typography-font-size);--awb-caption-title-transform:var(--h2_typography-text-transform);--awb-caption-title-line-height:var(--h2_typography-line-height);--awb-caption-title-letter-spacing:var(--h2_typography-letter-spacing);\"><span class=\" fusion-imageframe imageframe-dropshadow imageframe-2 hover-type-zoomin fusion-animated\" style=\"-webkit-box-shadow: 3px 3px 7px rgba(0,0,0,0.3);box-shadow: 3px 3px 7px rgba(0,0,0,0.3);\" data-animationType=\"bounceInDown\" data-animationDuration=\"0.1\" data-animationOffset=\"top-into-view\"><img decoding=\"async\" width=\"1200\" height=\"765\" alt=\"3D-promotieproducten\" title=\"3D-promotieproducten\" src=\"https:\/\/3dadworks.com\/wp-content\/uploads\/2016\/04\/3D-promosyon.jpg\" class=\"img-responsive wp-image-3667\" srcset=\"https:\/\/3dadworks.com\/wp-content\/uploads\/2016\/04\/3D-promosyon-200x128.jpg 200w, https:\/\/3dadworks.com\/wp-content\/uploads\/2016\/04\/3D-promosyon-400x255.jpg 400w, https:\/\/3dadworks.com\/wp-content\/uploads\/2016\/04\/3D-promosyon-600x383.jpg 600w, https:\/\/3dadworks.com\/wp-content\/uploads\/2016\/04\/3D-promosyon-800x510.jpg 800w, https:\/\/3dadworks.com\/wp-content\/uploads\/2016\/04\/3D-promosyon.jpg 1200w\" sizes=\"(max-width: 800px) 100vw, 600px\" \/><\/span><\/div><div class=\"fusion-text fusion-text-3\"><p style=\"text-align: center;\"><strong>PROMOTIEARTIKELEN<\/strong><\/p>\n<\/div><div class=\"fusion-clearfix\"><\/div><\/div><\/div><\/div><\/div><\/p>\n","protected":false},"excerpt":{"rendered":"","protected":false},"author":2,"featured_media":0,"parent":0,"menu_order":0,"comment_status":"closed","ping_status":"closed","template":"","meta":{"footnotes":""},"class_list":["post-3665","page","type-page","status-publish","hentry"],"yoast_head":"<!-- This site is optimized with the Yoast SEO plugin v27.3 - https:\/\/yoast.com\/product\/yoast-seo-wordpress\/ -->\n<title>TOEPASSING - 3d Adworks<\/title>\n<meta name=\"robots\" content=\"index, follow, max-snippet:-1, max-image-preview:large, max-video-preview:-1\" \/>\n<link rel=\"canonical\" href=\"https:\/\/3dadworks.com\/nl\/toepassing\/\" \/>\n<meta property=\"og:locale\" content=\"nl_NL\" \/>\n<meta property=\"og:type\" content=\"article\" \/>\n<meta property=\"og:title\" content=\"TOEPASSING - 3d Adworks\" \/>\n<meta property=\"og:url\" content=\"https:\/\/3dadworks.com\/nl\/toepassing\/\" \/>\n<meta property=\"og:site_name\" content=\"3d Adworks\" \/>\n<meta property=\"article:modified_time\" content=\"2020-12-01T05:27:19+00:00\" \/>\n<meta property=\"og:image\" content=\"https:\/\/3dadworks.com\/wp-content\/uploads\/2016\/04\/dis-mekan.jpg\" \/>\n<meta name=\"twitter:card\" content=\"summary_large_image\" \/>\n<meta name=\"twitter:label1\" content=\"Geschatte leestijd\" \/>\n\t<meta name=\"twitter:data1\" content=\"6 minuten\" \/>\n<script type=\"application\/ld+json\" class=\"yoast-schema-graph\">{\"@context\":\"https:\\\/\\\/schema.org\",\"@graph\":[{\"@type\":\"WebPage\",\"@id\":\"https:\\\/\\\/3dadworks.com\\\/nl\\\/toepassing\\\/\",\"url\":\"https:\\\/\\\/3dadworks.com\\\/nl\\\/toepassing\\\/\",\"name\":\"TOEPASSING - 3d Adworks\",\"isPartOf\":{\"@id\":\"https:\\\/\\\/3dadworks.com\\\/#website\"},\"primaryImageOfPage\":{\"@id\":\"https:\\\/\\\/3dadworks.com\\\/nl\\\/toepassing\\\/#primaryimage\"},\"image\":{\"@id\":\"https:\\\/\\\/3dadworks.com\\\/nl\\\/toepassing\\\/#primaryimage\"},\"thumbnailUrl\":\"https:\\\/\\\/3dadworks.com\\\/wp-content\\\/uploads\\\/2016\\\/04\\\/dis-mekan.jpg\",\"datePublished\":\"2020-11-30T18:53:46+00:00\",\"dateModified\":\"2020-12-01T05:27:19+00:00\",\"breadcrumb\":{\"@id\":\"https:\\\/\\\/3dadworks.com\\\/nl\\\/toepassing\\\/#breadcrumb\"},\"inLanguage\":\"nl-NL\",\"potentialAction\":[{\"@type\":\"ReadAction\",\"target\":[\"https:\\\/\\\/3dadworks.com\\\/nl\\\/toepassing\\\/\"]}]},{\"@type\":\"ImageObject\",\"inLanguage\":\"nl-NL\",\"@id\":\"https:\\\/\\\/3dadworks.com\\\/nl\\\/toepassing\\\/#primaryimage\",\"url\":\"https:\\\/\\\/3dadworks.com\\\/wp-content\\\/uploads\\\/2016\\\/04\\\/dis-mekan.jpg\",\"contentUrl\":\"https:\\\/\\\/3dadworks.com\\\/wp-content\\\/uploads\\\/2016\\\/04\\\/dis-mekan.jpg\"},{\"@type\":\"BreadcrumbList\",\"@id\":\"https:\\\/\\\/3dadworks.com\\\/nl\\\/toepassing\\\/#breadcrumb\",\"itemListElement\":[{\"@type\":\"ListItem\",\"position\":1,\"name\":\"Ana sayfa\",\"item\":\"https:\\\/\\\/3dadworks.com\\\/nl\\\/\"},{\"@type\":\"ListItem\",\"position\":2,\"name\":\"TOEPASSING\"}]},{\"@type\":\"WebSite\",\"@id\":\"https:\\\/\\\/3dadworks.com\\\/#website\",\"url\":\"https:\\\/\\\/3dadworks.com\\\/\",\"name\":\"3d Adworks\",\"description\":\"3D Lenticular Bask\u0131 teknolojisi ile tan\u0131\u015f\u0131n!\",\"potentialAction\":[{\"@type\":\"SearchAction\",\"target\":{\"@type\":\"EntryPoint\",\"urlTemplate\":\"https:\\\/\\\/3dadworks.com\\\/?s={search_term_string}\"},\"query-input\":{\"@type\":\"PropertyValueSpecification\",\"valueRequired\":true,\"valueName\":\"search_term_string\"}}],\"inLanguage\":\"nl-NL\"}]}<\/script>\n<!-- \/ Yoast SEO plugin. -->","yoast_head_json":{"title":"TOEPASSING - 3d Adworks","robots":{"index":"index","follow":"follow","max-snippet":"max-snippet:-1","max-image-preview":"max-image-preview:large","max-video-preview":"max-video-preview:-1"},"canonical":"https:\/\/3dadworks.com\/nl\/toepassing\/","og_locale":"nl_NL","og_type":"article","og_title":"TOEPASSING - 3d Adworks","og_url":"https:\/\/3dadworks.com\/nl\/toepassing\/","og_site_name":"3d Adworks","article_modified_time":"2020-12-01T05:27:19+00:00","og_image":[{"url":"https:\/\/3dadworks.com\/wp-content\/uploads\/2016\/04\/dis-mekan.jpg","type":"","width":"","height":""}],"twitter_card":"summary_large_image","twitter_misc":{"Geschatte leestijd":"6 minuten"},"schema":{"@context":"https:\/\/schema.org","@graph":[{"@type":"WebPage","@id":"https:\/\/3dadworks.com\/nl\/toepassing\/","url":"https:\/\/3dadworks.com\/nl\/toepassing\/","name":"TOEPASSING - 3d Adworks","isPartOf":{"@id":"https:\/\/3dadworks.com\/#website"},"primaryImageOfPage":{"@id":"https:\/\/3dadworks.com\/nl\/toepassing\/#primaryimage"},"image":{"@id":"https:\/\/3dadworks.com\/nl\/toepassing\/#primaryimage"},"thumbnailUrl":"https:\/\/3dadworks.com\/wp-content\/uploads\/2016\/04\/dis-mekan.jpg","datePublished":"2020-11-30T18:53:46+00:00","dateModified":"2020-12-01T05:27:19+00:00","breadcrumb":{"@id":"https:\/\/3dadworks.com\/nl\/toepassing\/#breadcrumb"},"inLanguage":"nl-NL","potentialAction":[{"@type":"ReadAction","target":["https:\/\/3dadworks.com\/nl\/toepassing\/"]}]},{"@type":"ImageObject","inLanguage":"nl-NL","@id":"https:\/\/3dadworks.com\/nl\/toepassing\/#primaryimage","url":"https:\/\/3dadworks.com\/wp-content\/uploads\/2016\/04\/dis-mekan.jpg","contentUrl":"https:\/\/3dadworks.com\/wp-content\/uploads\/2016\/04\/dis-mekan.jpg"},{"@type":"BreadcrumbList","@id":"https:\/\/3dadworks.com\/nl\/toepassing\/#breadcrumb","itemListElement":[{"@type":"ListItem","position":1,"name":"Ana sayfa","item":"https:\/\/3dadworks.com\/nl\/"},{"@type":"ListItem","position":2,"name":"TOEPASSING"}]},{"@type":"WebSite","@id":"https:\/\/3dadworks.com\/#website","url":"https:\/\/3dadworks.com\/","name":"3d Adworks","description":"3D Lenticular Bask\u0131 teknolojisi ile tan\u0131\u015f\u0131n!","potentialAction":[{"@type":"SearchAction","target":{"@type":"EntryPoint","urlTemplate":"https:\/\/3dadworks.com\/?s={search_term_string}"},"query-input":{"@type":"PropertyValueSpecification","valueRequired":true,"valueName":"search_term_string"}}],"inLanguage":"nl-NL"}]}},"_links":{"self":[{"href":"https:\/\/3dadworks.com\/nl\/wp-json\/wp\/v2\/pages\/3665","targetHints":{"allow":["GET"]}}],"collection":[{"href":"https:\/\/3dadworks.com\/nl\/wp-json\/wp\/v2\/pages"}],"about":[{"href":"https:\/\/3dadworks.com\/nl\/wp-json\/wp\/v2\/types\/page"}],"author":[{"embeddable":true,"href":"https:\/\/3dadworks.com\/nl\/wp-json\/wp\/v2\/users\/2"}],"replies":[{"embeddable":true,"href":"https:\/\/3dadworks.com\/nl\/wp-json\/wp\/v2\/comments?post=3665"}],"version-history":[{"count":6,"href":"https:\/\/3dadworks.com\/nl\/wp-json\/wp\/v2\/pages\/3665\/revisions"}],"predecessor-version":[{"id":3729,"href":"https:\/\/3dadworks.com\/nl\/wp-json\/wp\/v2\/pages\/3665\/revisions\/3729"}],"wp:attachment":[{"href":"https:\/\/3dadworks.com\/nl\/wp-json\/wp\/v2\/media?parent=3665"}],"curies":[{"name":"wp","href":"https:\/\/api.w.org\/{rel}","templated":true}]}}