{"id":3688,"date":"2020-11-30T23:42:27","date_gmt":"2020-11-30T20:42:27","guid":{"rendered":"https:\/\/3dadworks.com\/indoor-en-outdoor-applicaties\/3d-lenticulair-bilboard\/"},"modified":"2020-11-30T23:42:30","modified_gmt":"2020-11-30T20:42:30","slug":"3d-lenticulair-bilboard","status":"publish","type":"page","link":"https:\/\/3dadworks.com\/nl\/indoor-en-outdoor-applicaties\/3d-lenticulair-bilboard\/","title":{"rendered":"3D lenticulair Bilboard"},"content":{"rendered":"<div class=\"fusion-fullwidth fullwidth-box fusion-builder-row-1 hundred-percent-fullwidth non-hundred-percent-height-scrolling\" style=\"--awb-border-radius-top-left:0px;--awb-border-radius-top-right:0px;--awb-border-radius-bottom-right:0px;--awb-border-radius-bottom-left:0px;--awb-overflow:visible;--awb-flex-wrap:wrap;\" ><div class=\"fusion-builder-row fusion-row\"><div class=\"fusion-layout-column fusion_builder_column fusion-builder-column-0 fusion_builder_column_1_1 1_1 fusion-one-full fusion-column-first fusion-column-last fusion-column-no-min-height\" style=\"--awb-bg-size:cover;--awb-margin-bottom:0px;\"><div class=\"fusion-column-wrapper fusion-flex-column-wrapper-legacy\"><div class=\"fusion-title title fusion-title-1 fusion-title-text fusion-title-size-one\" style=\"--awb-margin-top-small:10px;--awb-margin-right-small:0px;--awb-margin-bottom-small:10px;--awb-margin-left-small:0px;\"><h1 class=\"fusion-title-heading title-heading-left\" style=\"margin:0;\"><h1><span style=\"color: #ff0000;\">3D lenticulair Bilboard<\/span><\/h1><\/h1><span class=\"awb-title-spacer\"><\/span><div class=\"title-sep-container\"><div class=\"title-sep sep-double sep-solid\" style=\"border-color:#e0dede;\"><\/div><\/div><\/div><div class=\"fusion-text fusion-text-1\"><p>3D lenticulair billboards zijn werkelijk onmisbaar voor voorbijgangers. De locaties van 3D lenticulair billboards moeten met zorg worden gekozen met als doel zoveel mogelijk mensen te bereiken. U kunt ze vinden langs belangrijke doorgaande wegen, drukke verkeersaders, nabij op- en afritten en bij bedrijventerreinen, metrostations en op luchthavens. Bewegende beelden en teksten hebben een grote aantrekkingskracht. U weet zeker dat uw boodschap opvalt bij bijvoorbeeld winkelend publiek, automobilisten en reizigers op stations en luchthavens.<\/p>\n<p>Bezoek ons YouTube kanaal voor meer.<\/p>\n<p><iframe src=\"\/\/www.youtube.com\/embed\/1UdBoY-SBdE\" width=\"560\" height=\"315\" frameborder=\"0\" allowfullscreen=\"allowfullscreen\"><\/iframe><\/p>\n<\/div><div class=\"fusion-clearfix\"><\/div><\/div><\/div><\/div><\/div>\n","protected":false},"excerpt":{"rendered":"","protected":false},"author":2,"featured_media":0,"parent":3673,"menu_order":0,"comment_status":"closed","ping_status":"closed","template":"","meta":{"footnotes":""},"class_list":["post-3688","page","type-page","status-publish","hentry"],"yoast_head":"<!-- This site is optimized with the Yoast SEO plugin v27.3 - https:\/\/yoast.com\/product\/yoast-seo-wordpress\/ -->\n<title>3D lenticulair Bilboard - 3d Adworks<\/title>\n<meta name=\"robots\" content=\"index, follow, max-snippet:-1, max-image-preview:large, max-video-preview:-1\" \/>\n<link rel=\"canonical\" href=\"https:\/\/3dadworks.com\/nl\/indoor-en-outdoor-applicaties\/3d-lenticulair-bilboard\/\" \/>\n<meta property=\"og:locale\" content=\"nl_NL\" \/>\n<meta property=\"og:type\" content=\"article\" \/>\n<meta property=\"og:title\" content=\"3D lenticulair Bilboard - 3d Adworks\" \/>\n<meta property=\"og:url\" content=\"https:\/\/3dadworks.com\/nl\/indoor-en-outdoor-applicaties\/3d-lenticulair-bilboard\/\" \/>\n<meta property=\"og:site_name\" content=\"3d Adworks\" \/>\n<meta property=\"article:modified_time\" content=\"2020-11-30T20:42:30+00:00\" \/>\n<meta name=\"twitter:card\" content=\"summary_large_image\" \/>\n<meta name=\"twitter:label1\" content=\"Geschatte leestijd\" \/>\n\t<meta name=\"twitter:data1\" content=\"1 minuut\" \/>\n<script type=\"application\/ld+json\" class=\"yoast-schema-graph\">{\"@context\":\"https:\\\/\\\/schema.org\",\"@graph\":[{\"@type\":\"WebPage\",\"@id\":\"https:\\\/\\\/3dadworks.com\\\/nl\\\/indoor-en-outdoor-applicaties\\\/3d-lenticulair-bilboard\\\/\",\"url\":\"https:\\\/\\\/3dadworks.com\\\/nl\\\/indoor-en-outdoor-applicaties\\\/3d-lenticulair-bilboard\\\/\",\"name\":\"3D lenticulair Bilboard - 3d Adworks\",\"isPartOf\":{\"@id\":\"https:\\\/\\\/3dadworks.com\\\/#website\"},\"datePublished\":\"2020-11-30T20:42:27+00:00\",\"dateModified\":\"2020-11-30T20:42:30+00:00\",\"breadcrumb\":{\"@id\":\"https:\\\/\\\/3dadworks.com\\\/nl\\\/indoor-en-outdoor-applicaties\\\/3d-lenticulair-bilboard\\\/#breadcrumb\"},\"inLanguage\":\"nl-NL\",\"potentialAction\":[{\"@type\":\"ReadAction\",\"target\":[\"https:\\\/\\\/3dadworks.com\\\/nl\\\/indoor-en-outdoor-applicaties\\\/3d-lenticulair-bilboard\\\/\"]}]},{\"@type\":\"BreadcrumbList\",\"@id\":\"https:\\\/\\\/3dadworks.com\\\/nl\\\/indoor-en-outdoor-applicaties\\\/3d-lenticulair-bilboard\\\/#breadcrumb\",\"itemListElement\":[{\"@type\":\"ListItem\",\"position\":1,\"name\":\"Ana sayfa\",\"item\":\"https:\\\/\\\/3dadworks.com\\\/nl\\\/\"},{\"@type\":\"ListItem\",\"position\":2,\"name\":\"INDOOR \u2013 EN OUTDOOR APPLICATIES\",\"item\":\"https:\\\/\\\/3dadworks.com\\\/nl\\\/indoor-en-outdoor-applicaties\\\/\"},{\"@type\":\"ListItem\",\"position\":3,\"name\":\"3D lenticulair Bilboard\"}]},{\"@type\":\"WebSite\",\"@id\":\"https:\\\/\\\/3dadworks.com\\\/#website\",\"url\":\"https:\\\/\\\/3dadworks.com\\\/\",\"name\":\"3d Adworks\",\"description\":\"3D Lenticular Bask\u0131 teknolojisi ile tan\u0131\u015f\u0131n!\",\"potentialAction\":[{\"@type\":\"SearchAction\",\"target\":{\"@type\":\"EntryPoint\",\"urlTemplate\":\"https:\\\/\\\/3dadworks.com\\\/?s={search_term_string}\"},\"query-input\":{\"@type\":\"PropertyValueSpecification\",\"valueRequired\":true,\"valueName\":\"search_term_string\"}}],\"inLanguage\":\"nl-NL\"}]}<\/script>\n<!-- \/ Yoast SEO plugin. -->","yoast_head_json":{"title":"3D lenticulair Bilboard - 3d Adworks","robots":{"index":"index","follow":"follow","max-snippet":"max-snippet:-1","max-image-preview":"max-image-preview:large","max-video-preview":"max-video-preview:-1"},"canonical":"https:\/\/3dadworks.com\/nl\/indoor-en-outdoor-applicaties\/3d-lenticulair-bilboard\/","og_locale":"nl_NL","og_type":"article","og_title":"3D lenticulair Bilboard - 3d Adworks","og_url":"https:\/\/3dadworks.com\/nl\/indoor-en-outdoor-applicaties\/3d-lenticulair-bilboard\/","og_site_name":"3d Adworks","article_modified_time":"2020-11-30T20:42:30+00:00","twitter_card":"summary_large_image","twitter_misc":{"Geschatte leestijd":"1 minuut"},"schema":{"@context":"https:\/\/schema.org","@graph":[{"@type":"WebPage","@id":"https:\/\/3dadworks.com\/nl\/indoor-en-outdoor-applicaties\/3d-lenticulair-bilboard\/","url":"https:\/\/3dadworks.com\/nl\/indoor-en-outdoor-applicaties\/3d-lenticulair-bilboard\/","name":"3D lenticulair Bilboard - 3d Adworks","isPartOf":{"@id":"https:\/\/3dadworks.com\/#website"},"datePublished":"2020-11-30T20:42:27+00:00","dateModified":"2020-11-30T20:42:30+00:00","breadcrumb":{"@id":"https:\/\/3dadworks.com\/nl\/indoor-en-outdoor-applicaties\/3d-lenticulair-bilboard\/#breadcrumb"},"inLanguage":"nl-NL","potentialAction":[{"@type":"ReadAction","target":["https:\/\/3dadworks.com\/nl\/indoor-en-outdoor-applicaties\/3d-lenticulair-bilboard\/"]}]},{"@type":"BreadcrumbList","@id":"https:\/\/3dadworks.com\/nl\/indoor-en-outdoor-applicaties\/3d-lenticulair-bilboard\/#breadcrumb","itemListElement":[{"@type":"ListItem","position":1,"name":"Ana sayfa","item":"https:\/\/3dadworks.com\/nl\/"},{"@type":"ListItem","position":2,"name":"INDOOR \u2013 EN OUTDOOR APPLICATIES","item":"https:\/\/3dadworks.com\/nl\/indoor-en-outdoor-applicaties\/"},{"@type":"ListItem","position":3,"name":"3D lenticulair Bilboard"}]},{"@type":"WebSite","@id":"https:\/\/3dadworks.com\/#website","url":"https:\/\/3dadworks.com\/","name":"3d Adworks","description":"3D Lenticular Bask\u0131 teknolojisi ile tan\u0131\u015f\u0131n!","potentialAction":[{"@type":"SearchAction","target":{"@type":"EntryPoint","urlTemplate":"https:\/\/3dadworks.com\/?s={search_term_string}"},"query-input":{"@type":"PropertyValueSpecification","valueRequired":true,"valueName":"search_term_string"}}],"inLanguage":"nl-NL"}]}},"_links":{"self":[{"href":"https:\/\/3dadworks.com\/nl\/wp-json\/wp\/v2\/pages\/3688","targetHints":{"allow":["GET"]}}],"collection":[{"href":"https:\/\/3dadworks.com\/nl\/wp-json\/wp\/v2\/pages"}],"about":[{"href":"https:\/\/3dadworks.com\/nl\/wp-json\/wp\/v2\/types\/page"}],"author":[{"embeddable":true,"href":"https:\/\/3dadworks.com\/nl\/wp-json\/wp\/v2\/users\/2"}],"replies":[{"embeddable":true,"href":"https:\/\/3dadworks.com\/nl\/wp-json\/wp\/v2\/comments?post=3688"}],"version-history":[{"count":2,"href":"https:\/\/3dadworks.com\/nl\/wp-json\/wp\/v2\/pages\/3688\/revisions"}],"predecessor-version":[{"id":3690,"href":"https:\/\/3dadworks.com\/nl\/wp-json\/wp\/v2\/pages\/3688\/revisions\/3690"}],"up":[{"embeddable":true,"href":"https:\/\/3dadworks.com\/nl\/wp-json\/wp\/v2\/pages\/3673"}],"wp:attachment":[{"href":"https:\/\/3dadworks.com\/nl\/wp-json\/wp\/v2\/media?parent=3688"}],"curies":[{"name":"wp","href":"https:\/\/api.w.org\/{rel}","templated":true}]}}