{"id":3706,"date":"2020-11-30T23:52:45","date_gmt":"2020-11-30T20:52:45","guid":{"rendered":"https:\/\/3dadworks.com\/indoor-en-outdoor-applicaties\/3d-lenticulair-x-banner\/"},"modified":"2020-11-30T23:52:48","modified_gmt":"2020-11-30T20:52:48","slug":"3d-lenticulair-x-banner","status":"publish","type":"page","link":"https:\/\/3dadworks.com\/nl\/indoor-en-outdoor-applicaties\/3d-lenticulair-x-banner\/","title":{"rendered":"3D Lenticulair X Banner"},"content":{"rendered":"<div class=\"fusion-fullwidth fullwidth-box fusion-builder-row-1 hundred-percent-fullwidth non-hundred-percent-height-scrolling\" style=\"--awb-border-radius-top-left:0px;--awb-border-radius-top-right:0px;--awb-border-radius-bottom-right:0px;--awb-border-radius-bottom-left:0px;--awb-overflow:visible;--awb-flex-wrap:wrap;\" ><div class=\"fusion-builder-row fusion-row\"><div class=\"fusion-layout-column fusion_builder_column fusion-builder-column-0 fusion_builder_column_1_1 1_1 fusion-one-full fusion-column-first fusion-column-last fusion-column-no-min-height\" style=\"--awb-bg-size:cover;--awb-margin-bottom:0px;\"><div class=\"fusion-column-wrapper fusion-flex-column-wrapper-legacy\"><div class=\"fusion-title title fusion-title-1 fusion-title-text fusion-title-size-one\" style=\"--awb-margin-top-small:10px;--awb-margin-right-small:0px;--awb-margin-bottom-small:10px;--awb-margin-left-small:0px;\"><h1 class=\"fusion-title-heading title-heading-left\" style=\"margin:0;\"><h1><span style=\"color: #ff0000;\">3D Lenticulair X Banner<\/span><\/h1><\/h1><span class=\"awb-title-spacer\"><\/span><div class=\"title-sep-container\"><div class=\"title-sep sep-double sep-solid\" style=\"border-color:#e0dede;\"><\/div><\/div><\/div><div class=\"fusion-text fusion-text-1\"><p>Voor 3D Lenticular X Banner Stands kunnen we onze 120 \u00d7 160 cm lenzen gebruiken voor flip-effecten. X-banners, die veel mensen bereiken en zeer gunstige prijzen hebben in vergelijking met roll-up, kunnen een ideale advertentietool voor u zijn. Het zal een onvermijdelijke kans zijn, vooral voor degenen die hun budger effectief willen gebruiken. X Banner en lens wegen totaal 3 kg. en is gemakkelijk te dragen.<\/p>\n<p>Omdat X-banners meestal op het centrale locaties staan waar veel mensen zijn, moet het gebruikte effect een flip-effect zijn. Flip-effect, is het ideale effect is om mensen te be\u00efnvloeden, en doet in dit opzicht zeer goed zijn werk.<\/p>\n<p>Bekijk al onze 3D lenticulair applicaties om een idee te krijgen van onze vele mogelijkheden.<\/p>\n<\/div><div class=\"fusion-image-element fusion-image-align-center in-legacy-container\" style=\"text-align:center;--awb-caption-title-font-family:var(--h2_typography-font-family);--awb-caption-title-font-weight:var(--h2_typography-font-weight);--awb-caption-title-font-style:var(--h2_typography-font-style);--awb-caption-title-size:var(--h2_typography-font-size);--awb-caption-title-transform:var(--h2_typography-text-transform);--awb-caption-title-line-height:var(--h2_typography-line-height);--awb-caption-title-letter-spacing:var(--h2_typography-letter-spacing);\"><div class=\"imageframe-align-center\"><span class=\" fusion-imageframe imageframe-none imageframe-1 hover-type-zoomin\"><img decoding=\"async\" width=\"637\" height=\"800\" alt=\"3D Lenticulair X Banner\" title=\"3D Lenticulair X Banner\" src=\"https:\/\/3dadworks.com\/wp-content\/uploads\/2016\/04\/X-Stand-Lenticular.gif\" class=\"img-responsive wp-image-3707\"\/><\/span><\/div><\/div><div class=\"fusion-clearfix\"><\/div><\/div><\/div><\/div><\/div>\n","protected":false},"excerpt":{"rendered":"","protected":false},"author":2,"featured_media":0,"parent":3673,"menu_order":0,"comment_status":"closed","ping_status":"closed","template":"","meta":{"footnotes":""},"class_list":["post-3706","page","type-page","status-publish","hentry"],"yoast_head":"<!-- This site is optimized with the Yoast SEO plugin v27.3 - https:\/\/yoast.com\/product\/yoast-seo-wordpress\/ -->\n<title>3D Lenticulair X Banner - 3d Adworks<\/title>\n<meta name=\"robots\" content=\"index, follow, max-snippet:-1, max-image-preview:large, max-video-preview:-1\" \/>\n<link rel=\"canonical\" href=\"https:\/\/3dadworks.com\/nl\/indoor-en-outdoor-applicaties\/3d-lenticulair-x-banner\/\" \/>\n<meta property=\"og:locale\" content=\"nl_NL\" \/>\n<meta property=\"og:type\" content=\"article\" \/>\n<meta property=\"og:title\" content=\"3D Lenticulair X Banner - 3d Adworks\" \/>\n<meta property=\"og:url\" content=\"https:\/\/3dadworks.com\/nl\/indoor-en-outdoor-applicaties\/3d-lenticulair-x-banner\/\" \/>\n<meta property=\"og:site_name\" content=\"3d Adworks\" \/>\n<meta property=\"article:modified_time\" content=\"2020-11-30T20:52:48+00:00\" \/>\n<meta property=\"og:image\" content=\"https:\/\/3dadworks.com\/wp-content\/uploads\/2016\/04\/X-Stand-Lenticular.gif\" \/>\n<meta name=\"twitter:card\" content=\"summary_large_image\" \/>\n<meta name=\"twitter:label1\" content=\"Geschatte leestijd\" \/>\n\t<meta name=\"twitter:data1\" content=\"1 minuut\" \/>\n<script type=\"application\/ld+json\" class=\"yoast-schema-graph\">{\"@context\":\"https:\\\/\\\/schema.org\",\"@graph\":[{\"@type\":\"WebPage\",\"@id\":\"https:\\\/\\\/3dadworks.com\\\/nl\\\/indoor-en-outdoor-applicaties\\\/3d-lenticulair-x-banner\\\/\",\"url\":\"https:\\\/\\\/3dadworks.com\\\/nl\\\/indoor-en-outdoor-applicaties\\\/3d-lenticulair-x-banner\\\/\",\"name\":\"3D Lenticulair X Banner - 3d Adworks\",\"isPartOf\":{\"@id\":\"https:\\\/\\\/3dadworks.com\\\/#website\"},\"primaryImageOfPage\":{\"@id\":\"https:\\\/\\\/3dadworks.com\\\/nl\\\/indoor-en-outdoor-applicaties\\\/3d-lenticulair-x-banner\\\/#primaryimage\"},\"image\":{\"@id\":\"https:\\\/\\\/3dadworks.com\\\/nl\\\/indoor-en-outdoor-applicaties\\\/3d-lenticulair-x-banner\\\/#primaryimage\"},\"thumbnailUrl\":\"https:\\\/\\\/3dadworks.com\\\/wp-content\\\/uploads\\\/2016\\\/04\\\/X-Stand-Lenticular.gif\",\"datePublished\":\"2020-11-30T20:52:45+00:00\",\"dateModified\":\"2020-11-30T20:52:48+00:00\",\"breadcrumb\":{\"@id\":\"https:\\\/\\\/3dadworks.com\\\/nl\\\/indoor-en-outdoor-applicaties\\\/3d-lenticulair-x-banner\\\/#breadcrumb\"},\"inLanguage\":\"nl-NL\",\"potentialAction\":[{\"@type\":\"ReadAction\",\"target\":[\"https:\\\/\\\/3dadworks.com\\\/nl\\\/indoor-en-outdoor-applicaties\\\/3d-lenticulair-x-banner\\\/\"]}]},{\"@type\":\"ImageObject\",\"inLanguage\":\"nl-NL\",\"@id\":\"https:\\\/\\\/3dadworks.com\\\/nl\\\/indoor-en-outdoor-applicaties\\\/3d-lenticulair-x-banner\\\/#primaryimage\",\"url\":\"https:\\\/\\\/3dadworks.com\\\/wp-content\\\/uploads\\\/2016\\\/04\\\/X-Stand-Lenticular.gif\",\"contentUrl\":\"https:\\\/\\\/3dadworks.com\\\/wp-content\\\/uploads\\\/2016\\\/04\\\/X-Stand-Lenticular.gif\"},{\"@type\":\"BreadcrumbList\",\"@id\":\"https:\\\/\\\/3dadworks.com\\\/nl\\\/indoor-en-outdoor-applicaties\\\/3d-lenticulair-x-banner\\\/#breadcrumb\",\"itemListElement\":[{\"@type\":\"ListItem\",\"position\":1,\"name\":\"Ana sayfa\",\"item\":\"https:\\\/\\\/3dadworks.com\\\/nl\\\/\"},{\"@type\":\"ListItem\",\"position\":2,\"name\":\"INDOOR \u2013 EN OUTDOOR APPLICATIES\",\"item\":\"https:\\\/\\\/3dadworks.com\\\/nl\\\/indoor-en-outdoor-applicaties\\\/\"},{\"@type\":\"ListItem\",\"position\":3,\"name\":\"3D Lenticulair X Banner\"}]},{\"@type\":\"WebSite\",\"@id\":\"https:\\\/\\\/3dadworks.com\\\/#website\",\"url\":\"https:\\\/\\\/3dadworks.com\\\/\",\"name\":\"3d Adworks\",\"description\":\"3D Lenticular Bask\u0131 teknolojisi ile tan\u0131\u015f\u0131n!\",\"potentialAction\":[{\"@type\":\"SearchAction\",\"target\":{\"@type\":\"EntryPoint\",\"urlTemplate\":\"https:\\\/\\\/3dadworks.com\\\/?s={search_term_string}\"},\"query-input\":{\"@type\":\"PropertyValueSpecification\",\"valueRequired\":true,\"valueName\":\"search_term_string\"}}],\"inLanguage\":\"nl-NL\"}]}<\/script>\n<!-- \/ Yoast SEO plugin. -->","yoast_head_json":{"title":"3D Lenticulair X Banner - 3d Adworks","robots":{"index":"index","follow":"follow","max-snippet":"max-snippet:-1","max-image-preview":"max-image-preview:large","max-video-preview":"max-video-preview:-1"},"canonical":"https:\/\/3dadworks.com\/nl\/indoor-en-outdoor-applicaties\/3d-lenticulair-x-banner\/","og_locale":"nl_NL","og_type":"article","og_title":"3D Lenticulair X Banner - 3d Adworks","og_url":"https:\/\/3dadworks.com\/nl\/indoor-en-outdoor-applicaties\/3d-lenticulair-x-banner\/","og_site_name":"3d Adworks","article_modified_time":"2020-11-30T20:52:48+00:00","og_image":[{"url":"https:\/\/3dadworks.com\/wp-content\/uploads\/2016\/04\/X-Stand-Lenticular.gif","type":"","width":"","height":""}],"twitter_card":"summary_large_image","twitter_misc":{"Geschatte leestijd":"1 minuut"},"schema":{"@context":"https:\/\/schema.org","@graph":[{"@type":"WebPage","@id":"https:\/\/3dadworks.com\/nl\/indoor-en-outdoor-applicaties\/3d-lenticulair-x-banner\/","url":"https:\/\/3dadworks.com\/nl\/indoor-en-outdoor-applicaties\/3d-lenticulair-x-banner\/","name":"3D Lenticulair X Banner - 3d Adworks","isPartOf":{"@id":"https:\/\/3dadworks.com\/#website"},"primaryImageOfPage":{"@id":"https:\/\/3dadworks.com\/nl\/indoor-en-outdoor-applicaties\/3d-lenticulair-x-banner\/#primaryimage"},"image":{"@id":"https:\/\/3dadworks.com\/nl\/indoor-en-outdoor-applicaties\/3d-lenticulair-x-banner\/#primaryimage"},"thumbnailUrl":"https:\/\/3dadworks.com\/wp-content\/uploads\/2016\/04\/X-Stand-Lenticular.gif","datePublished":"2020-11-30T20:52:45+00:00","dateModified":"2020-11-30T20:52:48+00:00","breadcrumb":{"@id":"https:\/\/3dadworks.com\/nl\/indoor-en-outdoor-applicaties\/3d-lenticulair-x-banner\/#breadcrumb"},"inLanguage":"nl-NL","potentialAction":[{"@type":"ReadAction","target":["https:\/\/3dadworks.com\/nl\/indoor-en-outdoor-applicaties\/3d-lenticulair-x-banner\/"]}]},{"@type":"ImageObject","inLanguage":"nl-NL","@id":"https:\/\/3dadworks.com\/nl\/indoor-en-outdoor-applicaties\/3d-lenticulair-x-banner\/#primaryimage","url":"https:\/\/3dadworks.com\/wp-content\/uploads\/2016\/04\/X-Stand-Lenticular.gif","contentUrl":"https:\/\/3dadworks.com\/wp-content\/uploads\/2016\/04\/X-Stand-Lenticular.gif"},{"@type":"BreadcrumbList","@id":"https:\/\/3dadworks.com\/nl\/indoor-en-outdoor-applicaties\/3d-lenticulair-x-banner\/#breadcrumb","itemListElement":[{"@type":"ListItem","position":1,"name":"Ana sayfa","item":"https:\/\/3dadworks.com\/nl\/"},{"@type":"ListItem","position":2,"name":"INDOOR \u2013 EN OUTDOOR APPLICATIES","item":"https:\/\/3dadworks.com\/nl\/indoor-en-outdoor-applicaties\/"},{"@type":"ListItem","position":3,"name":"3D Lenticulair X Banner"}]},{"@type":"WebSite","@id":"https:\/\/3dadworks.com\/#website","url":"https:\/\/3dadworks.com\/","name":"3d Adworks","description":"3D Lenticular Bask\u0131 teknolojisi ile tan\u0131\u015f\u0131n!","potentialAction":[{"@type":"SearchAction","target":{"@type":"EntryPoint","urlTemplate":"https:\/\/3dadworks.com\/?s={search_term_string}"},"query-input":{"@type":"PropertyValueSpecification","valueRequired":true,"valueName":"search_term_string"}}],"inLanguage":"nl-NL"}]}},"_links":{"self":[{"href":"https:\/\/3dadworks.com\/nl\/wp-json\/wp\/v2\/pages\/3706","targetHints":{"allow":["GET"]}}],"collection":[{"href":"https:\/\/3dadworks.com\/nl\/wp-json\/wp\/v2\/pages"}],"about":[{"href":"https:\/\/3dadworks.com\/nl\/wp-json\/wp\/v2\/types\/page"}],"author":[{"embeddable":true,"href":"https:\/\/3dadworks.com\/nl\/wp-json\/wp\/v2\/users\/2"}],"replies":[{"embeddable":true,"href":"https:\/\/3dadworks.com\/nl\/wp-json\/wp\/v2\/comments?post=3706"}],"version-history":[{"count":2,"href":"https:\/\/3dadworks.com\/nl\/wp-json\/wp\/v2\/pages\/3706\/revisions"}],"predecessor-version":[{"id":3709,"href":"https:\/\/3dadworks.com\/nl\/wp-json\/wp\/v2\/pages\/3706\/revisions\/3709"}],"up":[{"embeddable":true,"href":"https:\/\/3dadworks.com\/nl\/wp-json\/wp\/v2\/pages\/3673"}],"wp:attachment":[{"href":"https:\/\/3dadworks.com\/nl\/wp-json\/wp\/v2\/media?parent=3706"}],"curies":[{"name":"wp","href":"https:\/\/api.w.org\/{rel}","templated":true}]}}