{"id":3710,"date":"2020-11-30T23:54:50","date_gmt":"2020-11-30T20:54:50","guid":{"rendered":"https:\/\/3dadworks.com\/indoor-en-outdoor-applicaties\/3d-graphic-arts\/"},"modified":"2020-11-30T23:54:54","modified_gmt":"2020-11-30T20:54:54","slug":"3d-graphic-arts","status":"publish","type":"page","link":"https:\/\/3dadworks.com\/nl\/indoor-en-outdoor-applicaties\/3d-graphic-arts\/","title":{"rendered":"3D GRAPHIC ARTS"},"content":{"rendered":"<p><div class=\"fusion-fullwidth fullwidth-box fusion-builder-row-1 nonhundred-percent-fullwidth non-hundred-percent-height-scrolling\" style=\"--awb-background-position:left top;--awb-border-radius-top-left:0px;--awb-border-radius-top-right:0px;--awb-border-radius-bottom-right:0px;--awb-border-radius-bottom-left:0px;--awb-padding-top:20px;--awb-padding-bottom:20px;--awb-border-sizes-top:0px;--awb-border-sizes-bottom:0px;--awb-flex-wrap:wrap;\" ><div class=\"fusion-builder-row fusion-row\"><div class=\"fusion-layout-column fusion_builder_column fusion-builder-column-0 fusion_builder_column_1_2 1_2 fusion-one-half fusion-column-first\" style=\"--awb-bg-size:cover;width:48%; margin-right: 4%;\"><div class=\"fusion-column-wrapper fusion-flex-column-wrapper-legacy\"><div class=\"fusion-image-element fusion-image-align-center in-legacy-container\" style=\"text-align:center;--awb-caption-title-font-family:var(--h2_typography-font-family);--awb-caption-title-font-weight:var(--h2_typography-font-weight);--awb-caption-title-font-style:var(--h2_typography-font-style);--awb-caption-title-size:var(--h2_typography-font-size);--awb-caption-title-transform:var(--h2_typography-text-transform);--awb-caption-title-line-height:var(--h2_typography-line-height);--awb-caption-title-letter-spacing:var(--h2_typography-letter-spacing);\"><div class=\"imageframe-align-center\"><span class=\" fusion-imageframe imageframe-none imageframe-1 hover-type-zoomin\"><img decoding=\"async\" src=\"https:\/\/3dadworks.com\/\/wp-content\/uploads\/2016\/10\/Sanatsal-3D-Lenticular-Calismalar-300x294.jpg\" alt class=\"img-responsive\"\/><\/span><\/div><\/div><div class=\"fusion-clearfix\"><\/div><\/div><\/div><div class=\"fusion-layout-column fusion_builder_column fusion-builder-column-1 fusion_builder_column_1_2 1_2 fusion-one-half fusion-column-last\" style=\"--awb-bg-size:cover;width:48%;\"><div class=\"fusion-column-wrapper fusion-flex-column-wrapper-legacy\"><div class=\"fusion-text fusion-text-1\"><p>Doordat 3D Lenticular qua productconcept een vernieuwende en onderscheidende structuur heeft, is het zeer geschikt voor kunstgalerijen, musea, vergader- en congrescentra. Wanneer creativiteit uw enige beperking is in 3D lenticulaire producten, kunt u totaal verschillende producten maken die tot op heden niet zijn geproduceerd.<\/p>\n<p>3D lenticulaire applicaties zijn gebruikt over de hele wereld, in binnen- en buitenland met bekende kunstenaars als Rafael Rozendaal en Bedri Baykam.<\/p>\n<\/div><div class=\"fusion-clearfix\"><\/div><\/div><\/div><\/div><\/div><div class=\"fusion-fullwidth fullwidth-box fusion-builder-row-2 hundred-percent-fullwidth non-hundred-percent-height-scrolling\" style=\"--awb-border-radius-top-left:0px;--awb-border-radius-top-right:0px;--awb-border-radius-bottom-right:0px;--awb-border-radius-bottom-left:0px;--awb-overflow:visible;--awb-flex-wrap:wrap;\" ><div class=\"fusion-builder-row fusion-row\"><div class=\"fusion-layout-column fusion_builder_column fusion-builder-column-2 fusion_builder_column_1_1 1_1 fusion-one-full fusion-column-first fusion-column-last\" style=\"--awb-bg-size:cover;\"><div class=\"fusion-column-wrapper fusion-flex-column-wrapper-legacy\"><div class=\"fusion-text fusion-text-2\"><p>Met de kwaliteit van 3D lenticulaire applicaties is de dagelijkse populariteit in Turkije en de wereld vergroot. Voornamelijk in Frankrijk, Nederland en Amerika wordt het in vele kunstgalerijen tentoongesteld. Van de 3D lenticulaire effecten zijn Ultra Diepte Effect en Flip Effect de lenticulaire effecten die de meeste voorkeur hebben.<\/p>\n<\/div><div class=\"fusion-clearfix\"><\/div><\/div><\/div><div class=\"fusion-layout-column fusion_builder_column fusion-builder-column-3 fusion_builder_column_1_1 1_1 fusion-one-full fusion-column-first fusion-column-last fusion-column-no-min-height\" style=\"--awb-bg-size:cover;--awb-margin-bottom:0px;\"><div class=\"fusion-column-wrapper fusion-flex-column-wrapper-legacy\"><div class=\"fusion-sep-clear\"><\/div><div class=\"fusion-separator fusion-full-width-sep\" style=\"margin-left: auto;margin-right: auto;width:100%;\"><\/div><div class=\"fusion-sep-clear\"><\/div><div class=\"fusion-clearfix\"><\/div><\/div><\/div><div class=\"fusion-layout-column fusion_builder_column fusion-builder-column-4 fusion_builder_column_1_1 1_1 fusion-one-full fusion-column-first fusion-column-last\" style=\"--awb-bg-size:cover;\"><div class=\"fusion-column-wrapper fusion-flex-column-wrapper-legacy\"><div class=\"fusion-video fusion-youtube\" style=\"--awb-max-width:800px;--awb-max-height:450px;\"><div class=\"video-shortcode\"><div class=\"fluid-width-video-wrapper\" style=\"padding-top:56.25%;\" ><iframe title=\"YouTube video player 1\" src=\"https:\/\/www.youtube.com\/embed\/sbWqUFDnrFc?wmode=transparent&autoplay=0\" width=\"800\" height=\"450\" allowfullscreen allow=\"autoplay; clipboard-write; encrypted-media; gyroscope; picture-in-picture;\"><\/iframe><\/div><\/div><\/div><div class=\"fusion-clearfix\"><\/div><\/div><\/div><\/div><\/div><\/p>\n","protected":false},"excerpt":{"rendered":"","protected":false},"author":2,"featured_media":0,"parent":3673,"menu_order":0,"comment_status":"closed","ping_status":"closed","template":"","meta":{"footnotes":""},"class_list":["post-3710","page","type-page","status-publish","hentry"],"yoast_head":"<!-- This site is optimized with the Yoast SEO plugin v27.3 - https:\/\/yoast.com\/product\/yoast-seo-wordpress\/ -->\n<title>3D GRAPHIC ARTS - 3d Adworks<\/title>\n<meta name=\"robots\" content=\"index, follow, max-snippet:-1, max-image-preview:large, max-video-preview:-1\" \/>\n<link rel=\"canonical\" href=\"https:\/\/3dadworks.com\/nl\/indoor-en-outdoor-applicaties\/3d-graphic-arts\/\" \/>\n<meta property=\"og:locale\" content=\"nl_NL\" \/>\n<meta property=\"og:type\" content=\"article\" \/>\n<meta property=\"og:title\" content=\"3D GRAPHIC ARTS - 3d Adworks\" \/>\n<meta property=\"og:url\" content=\"https:\/\/3dadworks.com\/nl\/indoor-en-outdoor-applicaties\/3d-graphic-arts\/\" \/>\n<meta property=\"og:site_name\" content=\"3d Adworks\" \/>\n<meta property=\"article:modified_time\" content=\"2020-11-30T20:54:54+00:00\" \/>\n<meta property=\"og:image\" content=\"https:\/\/3dadworks.com\/\/wp-content\/uploads\/2016\/10\/Sanatsal-3D-Lenticular-Calismalar-300x294.jpg\" \/>\n<meta name=\"twitter:card\" content=\"summary_large_image\" \/>\n<meta name=\"twitter:label1\" content=\"Geschatte leestijd\" \/>\n\t<meta name=\"twitter:data1\" content=\"3 minuten\" \/>\n<script type=\"application\/ld+json\" class=\"yoast-schema-graph\">{\"@context\":\"https:\\\/\\\/schema.org\",\"@graph\":[{\"@type\":\"WebPage\",\"@id\":\"https:\\\/\\\/3dadworks.com\\\/nl\\\/indoor-en-outdoor-applicaties\\\/3d-graphic-arts\\\/\",\"url\":\"https:\\\/\\\/3dadworks.com\\\/nl\\\/indoor-en-outdoor-applicaties\\\/3d-graphic-arts\\\/\",\"name\":\"3D GRAPHIC ARTS - 3d Adworks\",\"isPartOf\":{\"@id\":\"https:\\\/\\\/3dadworks.com\\\/#website\"},\"primaryImageOfPage\":{\"@id\":\"https:\\\/\\\/3dadworks.com\\\/nl\\\/indoor-en-outdoor-applicaties\\\/3d-graphic-arts\\\/#primaryimage\"},\"image\":{\"@id\":\"https:\\\/\\\/3dadworks.com\\\/nl\\\/indoor-en-outdoor-applicaties\\\/3d-graphic-arts\\\/#primaryimage\"},\"thumbnailUrl\":\"https:\\\/\\\/3dadworks.com\\\/\\\/wp-content\\\/uploads\\\/2016\\\/10\\\/Sanatsal-3D-Lenticular-Calismalar-300x294.jpg\",\"datePublished\":\"2020-11-30T20:54:50+00:00\",\"dateModified\":\"2020-11-30T20:54:54+00:00\",\"breadcrumb\":{\"@id\":\"https:\\\/\\\/3dadworks.com\\\/nl\\\/indoor-en-outdoor-applicaties\\\/3d-graphic-arts\\\/#breadcrumb\"},\"inLanguage\":\"nl-NL\",\"potentialAction\":[{\"@type\":\"ReadAction\",\"target\":[\"https:\\\/\\\/3dadworks.com\\\/nl\\\/indoor-en-outdoor-applicaties\\\/3d-graphic-arts\\\/\"]}]},{\"@type\":\"ImageObject\",\"inLanguage\":\"nl-NL\",\"@id\":\"https:\\\/\\\/3dadworks.com\\\/nl\\\/indoor-en-outdoor-applicaties\\\/3d-graphic-arts\\\/#primaryimage\",\"url\":\"https:\\\/\\\/3dadworks.com\\\/\\\/wp-content\\\/uploads\\\/2016\\\/10\\\/Sanatsal-3D-Lenticular-Calismalar-300x294.jpg\",\"contentUrl\":\"https:\\\/\\\/3dadworks.com\\\/\\\/wp-content\\\/uploads\\\/2016\\\/10\\\/Sanatsal-3D-Lenticular-Calismalar-300x294.jpg\"},{\"@type\":\"BreadcrumbList\",\"@id\":\"https:\\\/\\\/3dadworks.com\\\/nl\\\/indoor-en-outdoor-applicaties\\\/3d-graphic-arts\\\/#breadcrumb\",\"itemListElement\":[{\"@type\":\"ListItem\",\"position\":1,\"name\":\"Ana sayfa\",\"item\":\"https:\\\/\\\/3dadworks.com\\\/nl\\\/\"},{\"@type\":\"ListItem\",\"position\":2,\"name\":\"INDOOR \u2013 EN OUTDOOR APPLICATIES\",\"item\":\"https:\\\/\\\/3dadworks.com\\\/nl\\\/indoor-en-outdoor-applicaties\\\/\"},{\"@type\":\"ListItem\",\"position\":3,\"name\":\"3D GRAPHIC ARTS\"}]},{\"@type\":\"WebSite\",\"@id\":\"https:\\\/\\\/3dadworks.com\\\/#website\",\"url\":\"https:\\\/\\\/3dadworks.com\\\/\",\"name\":\"3d Adworks\",\"description\":\"3D Lenticular Bask\u0131 teknolojisi ile tan\u0131\u015f\u0131n!\",\"potentialAction\":[{\"@type\":\"SearchAction\",\"target\":{\"@type\":\"EntryPoint\",\"urlTemplate\":\"https:\\\/\\\/3dadworks.com\\\/?s={search_term_string}\"},\"query-input\":{\"@type\":\"PropertyValueSpecification\",\"valueRequired\":true,\"valueName\":\"search_term_string\"}}],\"inLanguage\":\"nl-NL\"}]}<\/script>\n<!-- \/ Yoast SEO plugin. -->","yoast_head_json":{"title":"3D GRAPHIC ARTS - 3d Adworks","robots":{"index":"index","follow":"follow","max-snippet":"max-snippet:-1","max-image-preview":"max-image-preview:large","max-video-preview":"max-video-preview:-1"},"canonical":"https:\/\/3dadworks.com\/nl\/indoor-en-outdoor-applicaties\/3d-graphic-arts\/","og_locale":"nl_NL","og_type":"article","og_title":"3D GRAPHIC ARTS - 3d Adworks","og_url":"https:\/\/3dadworks.com\/nl\/indoor-en-outdoor-applicaties\/3d-graphic-arts\/","og_site_name":"3d Adworks","article_modified_time":"2020-11-30T20:54:54+00:00","og_image":[{"url":"https:\/\/3dadworks.com\/\/wp-content\/uploads\/2016\/10\/Sanatsal-3D-Lenticular-Calismalar-300x294.jpg","type":"","width":"","height":""}],"twitter_card":"summary_large_image","twitter_misc":{"Geschatte leestijd":"3 minuten"},"schema":{"@context":"https:\/\/schema.org","@graph":[{"@type":"WebPage","@id":"https:\/\/3dadworks.com\/nl\/indoor-en-outdoor-applicaties\/3d-graphic-arts\/","url":"https:\/\/3dadworks.com\/nl\/indoor-en-outdoor-applicaties\/3d-graphic-arts\/","name":"3D GRAPHIC ARTS - 3d Adworks","isPartOf":{"@id":"https:\/\/3dadworks.com\/#website"},"primaryImageOfPage":{"@id":"https:\/\/3dadworks.com\/nl\/indoor-en-outdoor-applicaties\/3d-graphic-arts\/#primaryimage"},"image":{"@id":"https:\/\/3dadworks.com\/nl\/indoor-en-outdoor-applicaties\/3d-graphic-arts\/#primaryimage"},"thumbnailUrl":"https:\/\/3dadworks.com\/\/wp-content\/uploads\/2016\/10\/Sanatsal-3D-Lenticular-Calismalar-300x294.jpg","datePublished":"2020-11-30T20:54:50+00:00","dateModified":"2020-11-30T20:54:54+00:00","breadcrumb":{"@id":"https:\/\/3dadworks.com\/nl\/indoor-en-outdoor-applicaties\/3d-graphic-arts\/#breadcrumb"},"inLanguage":"nl-NL","potentialAction":[{"@type":"ReadAction","target":["https:\/\/3dadworks.com\/nl\/indoor-en-outdoor-applicaties\/3d-graphic-arts\/"]}]},{"@type":"ImageObject","inLanguage":"nl-NL","@id":"https:\/\/3dadworks.com\/nl\/indoor-en-outdoor-applicaties\/3d-graphic-arts\/#primaryimage","url":"https:\/\/3dadworks.com\/\/wp-content\/uploads\/2016\/10\/Sanatsal-3D-Lenticular-Calismalar-300x294.jpg","contentUrl":"https:\/\/3dadworks.com\/\/wp-content\/uploads\/2016\/10\/Sanatsal-3D-Lenticular-Calismalar-300x294.jpg"},{"@type":"BreadcrumbList","@id":"https:\/\/3dadworks.com\/nl\/indoor-en-outdoor-applicaties\/3d-graphic-arts\/#breadcrumb","itemListElement":[{"@type":"ListItem","position":1,"name":"Ana sayfa","item":"https:\/\/3dadworks.com\/nl\/"},{"@type":"ListItem","position":2,"name":"INDOOR \u2013 EN OUTDOOR APPLICATIES","item":"https:\/\/3dadworks.com\/nl\/indoor-en-outdoor-applicaties\/"},{"@type":"ListItem","position":3,"name":"3D GRAPHIC ARTS"}]},{"@type":"WebSite","@id":"https:\/\/3dadworks.com\/#website","url":"https:\/\/3dadworks.com\/","name":"3d Adworks","description":"3D Lenticular Bask\u0131 teknolojisi ile tan\u0131\u015f\u0131n!","potentialAction":[{"@type":"SearchAction","target":{"@type":"EntryPoint","urlTemplate":"https:\/\/3dadworks.com\/?s={search_term_string}"},"query-input":{"@type":"PropertyValueSpecification","valueRequired":true,"valueName":"search_term_string"}}],"inLanguage":"nl-NL"}]}},"_links":{"self":[{"href":"https:\/\/3dadworks.com\/nl\/wp-json\/wp\/v2\/pages\/3710","targetHints":{"allow":["GET"]}}],"collection":[{"href":"https:\/\/3dadworks.com\/nl\/wp-json\/wp\/v2\/pages"}],"about":[{"href":"https:\/\/3dadworks.com\/nl\/wp-json\/wp\/v2\/types\/page"}],"author":[{"embeddable":true,"href":"https:\/\/3dadworks.com\/nl\/wp-json\/wp\/v2\/users\/2"}],"replies":[{"embeddable":true,"href":"https:\/\/3dadworks.com\/nl\/wp-json\/wp\/v2\/comments?post=3710"}],"version-history":[{"count":2,"href":"https:\/\/3dadworks.com\/nl\/wp-json\/wp\/v2\/pages\/3710\/revisions"}],"predecessor-version":[{"id":3713,"href":"https:\/\/3dadworks.com\/nl\/wp-json\/wp\/v2\/pages\/3710\/revisions\/3713"}],"up":[{"embeddable":true,"href":"https:\/\/3dadworks.com\/nl\/wp-json\/wp\/v2\/pages\/3673"}],"wp:attachment":[{"href":"https:\/\/3dadworks.com\/nl\/wp-json\/wp\/v2\/media?parent=3710"}],"curies":[{"name":"wp","href":"https:\/\/api.w.org\/{rel}","templated":true}]}}